{"id":22548,"date":"2026-02-11T19:01:13","date_gmt":"2026-02-11T19:01:13","guid":{"rendered":"https:\/\/saludsinaloa.gob.mx\/?page_id=22548"},"modified":"2026-02-11T19:05:16","modified_gmt":"2026-02-11T19:05:16","slug":"historico-covid-19","status":"publish","type":"page","link":"https:\/\/saludsinaloa.gob.mx\/index.php\/historico-covid-19\/","title":{"rendered":"Historico COVID-19"},"content":{"rendered":"<table style=\"height: 105px; width: 100%; border-collapse: collapse; background-color: #ffffff;\">\n<tbody>\n<tr style=\"height: 24px;\">\n<td style=\"width: 77.1515%; height: 24px; background-color: #ffffff;\"><span style=\"color: #0000ff;\"><strong>\u00a0Programas especiales generados por contingencia (Covid-19)<\/strong><\/span><\/td>\n<td style=\"width: 22.8485%; text-align: center; height: 24px;\"><\/td>\n<\/tr>\n<tr style=\"height: 33px;\">\n<td style=\"width: 77.1515%; height: 33px; background-color: #ffffff;\"><span style=\"color: #0000ff;\">Presentaci\u00f3n unidad de atenci\u00f3n para la detecci\u00f3n y seguimiento del Covid-19<\/span><\/td>\n<td style=\"width: 22.8485%; height: 33px;\"><a href=\"http:\/\/saludsinaloa.gob.mx\/wp-content\/uploads\/2020\/files\/PRESENTACION_UNIDAD_COVID.pdf\" target=\"_blank\" rel=\"noopener noreferrer\"><img decoding=\"async\" class=\"aligncenter\" src=\"http:\/\/saludsinaloa.gob.mx\/wp-content\/uploads\/2020\/12\/Imagen-PDF.png\" alt=\"\" width=\"27\" height=\"33\" \/><\/a><\/td>\n<\/tr>\n<tr style=\"height: 24px;\">\n<td style=\"width: 77.1515%; height: 24px; background-color: #ffffff;\"><span style=\"color: #0000ff;\">Sitio Covid-19 Sinaloa<\/span><\/td>\n<td style=\"width: 22.8485%; height: 24px;\"><a href=\"http:\/\/covid.sinaloa.gob.mx\/\" target=\"_blank\" rel=\"noopener noreferrer\"><img decoding=\"async\" class=\"wp-image-13289 aligncenter\" src=\"http:\/\/saludsinaloa.gob.mx\/wp-content\/uploads\/2022\/05\/logo-enlace-300x300.png\" alt=\"\" width=\"35\" height=\"35\" srcset=\"https:\/\/saludsinaloa.gob.mx\/wp-content\/uploads\/2022\/05\/logo-enlace-300x300.png 300w, https:\/\/saludsinaloa.gob.mx\/wp-content\/uploads\/2022\/05\/logo-enlace-150x150.png 150w, https:\/\/saludsinaloa.gob.mx\/wp-content\/uploads\/2022\/05\/logo-enlace.png 512w\" sizes=\"(max-width: 35px) 100vw, 35px\" \/><\/a><\/td>\n<\/tr>\n<tr>\n<td style=\"width: 77.1515%; background-color: #ffffff;\"><span style=\"color: #0000ff;\">Acciones para reactivaci\u00f3n econ\u00f3mica COVID-19<\/span><\/td>\n<td style=\"text-align: center; width: 22.8485%;\"><a href=\"https:\/\/transparencia.sinaloa.gob.mx\/p\/programas-ejecutados-por-parte-del-gobierno-del-estado-de-sinaloa-covid-19\" target=\"_blank\" rel=\"noopener noreferrer\"><img decoding=\"async\" class=\"wp-image-13289 aligncenter\" src=\"http:\/\/saludsinaloa.gob.mx\/wp-content\/uploads\/2022\/05\/logo-enlace-300x300.png\" alt=\"\" width=\"35\" height=\"35\" srcset=\"https:\/\/saludsinaloa.gob.mx\/wp-content\/uploads\/2022\/05\/logo-enlace-300x300.png 300w, https:\/\/saludsinaloa.gob.mx\/wp-content\/uploads\/2022\/05\/logo-enlace-150x150.png 150w, https:\/\/saludsinaloa.gob.mx\/wp-content\/uploads\/2022\/05\/logo-enlace.png 512w\" sizes=\"(max-width: 35px) 100vw, 35px\" \/><\/a><\/td>\n<\/tr>\n<tr>\n<td style=\"width: 77.1515%; background-color: #ffffff;\"><span style=\"color: #0000ff;\">Programas y proyectos especiales para la reactivaci\u00f3n econ\u00f3mica COVID-19<\/span><\/td>\n<td style=\"text-align: center; width: 22.8485%;\"><a href=\"http:\/\/saludsinaloa.gob.mx\/index.php\/programas-y-proyectos-especiales-para-la-reactivacion-economica-covid-19\/\" target=\"_blank\" rel=\"noopener noreferrer\"><img decoding=\"async\" class=\"wp-image-13289 aligncenter\" src=\"http:\/\/saludsinaloa.gob.mx\/wp-content\/uploads\/2022\/05\/logo-enlace-300x300.png\" alt=\"\" width=\"35\" height=\"35\" srcset=\"https:\/\/saludsinaloa.gob.mx\/wp-content\/uploads\/2022\/05\/logo-enlace-300x300.png 300w, https:\/\/saludsinaloa.gob.mx\/wp-content\/uploads\/2022\/05\/logo-enlace-150x150.png 150w, https:\/\/saludsinaloa.gob.mx\/wp-content\/uploads\/2022\/05\/logo-enlace.png 512w\" sizes=\"(max-width: 35px) 100vw, 35px\" \/><\/a><\/td>\n<\/tr>\n<\/tbody>\n<\/table>\n<p>&nbsp;<\/p>\n<table style=\"border-collapse: collapse; width: 100%; height: 48px;\">\n<tbody>\n<tr style=\"height: 24px;\">\n<td style=\"width: 77.1515%; height: 24px; background-color: #ffffff;\"><span style=\"color: #0000ff;\"><strong>\u00a0Compras realizadas con motivo de Covid-19<\/strong><\/span><\/td>\n<td style=\"width: 22.8485%; height: 24px; text-align: center;\"><span style=\"color: #0000ff;\"><strong>Consulta<\/strong><\/span><\/td>\n<\/tr>\n<tr style=\"height: 24px;\">\n<td style=\"width: 77.1515%; height: 24px; background-color: #ffffff;\"><span style=\"color: #0000ff;\">Compras por procedimientos<\/span><strong><br \/>\n<\/strong><\/td>\n<td style=\"width: 22.8485%; height: 24px;\"><a href=\"http:\/\/saludsinaloa.gob.mx\/index.php\/compras-por-procedimientos\/\" target=\"_blank\" rel=\"noopener noreferrer\"><img decoding=\"async\" class=\"wp-image-13289 aligncenter\" src=\"http:\/\/saludsinaloa.gob.mx\/wp-content\/uploads\/2022\/05\/logo-enlace-300x300.png\" alt=\"\" width=\"35\" height=\"35\" srcset=\"https:\/\/saludsinaloa.gob.mx\/wp-content\/uploads\/2022\/05\/logo-enlace-300x300.png 300w, https:\/\/saludsinaloa.gob.mx\/wp-content\/uploads\/2022\/05\/logo-enlace-150x150.png 150w, https:\/\/saludsinaloa.gob.mx\/wp-content\/uploads\/2022\/05\/logo-enlace.png 512w\" sizes=\"(max-width: 35px) 100vw, 35px\" \/><\/a><\/td>\n<\/tr>\n<\/tbody>\n<\/table>\n<p>&nbsp;<\/p>\n<table style=\"width: 100%; border-collapse: collapse; background-color: #fcfcfc; height: 212px;\">\n<tbody>\n<tr style=\"height: 24px;\">\n<td style=\"width: 89.7576%; background-color: #ffffff; height: 24px;\"><span style=\"color: #0000ff;\"><strong>\u00a0Padrones de beneficiarios de los programas de apoyo <\/strong><strong>por Covid-19<\/strong><\/span><\/td>\n<td style=\"width: 5.1212%; text-align: center; height: 24px;\"><strong><span style=\"color: #0000ff;\">2020<\/span><\/strong><\/td>\n<td style=\"width: 2.5606%; text-align: center; height: 24px;\"><strong><span style=\"color: #0000ff;\">2021<\/span><\/strong><\/td>\n<\/tr>\n<tr style=\"height: 52px;\">\n<td style=\"width: 89.7576%; background-color: #ffffff; height: 52px;\"><span style=\"color: #0000ff;\"><strong>\u00a0<\/strong>Padr\u00f3n de proveedores COVID-19<\/span><\/td>\n<td style=\"width: 5.1212%; height: 52px;\"><a href=\"http:\/\/saludsinaloa.gob.mx\/wp-content\/uploads\/2020\/files\/Padron_beneficiaro_covid_19.xlsx\"><img decoding=\"async\" class=\"aligncenter wp-image-17993\" src=\"https:\/\/saludsinaloa.gob.mx\/wp-content\/uploads\/2024\/10\/Captura-de-pantalla-2024-10-23-132228.png\" alt=\"Excel\" width=\"29\" height=\"33\" \/><\/a><\/td>\n<td style=\"width: 2.5606%; height: 52px;\"><a href=\"http:\/\/saludsinaloa.gob.mx\/wp-content\/uploads\/2021\/files\/Proveedores COVID19_2021.xlsx\"><img decoding=\"async\" class=\"aligncenter wp-image-17993\" src=\"https:\/\/saludsinaloa.gob.mx\/wp-content\/uploads\/2024\/10\/Captura-de-pantalla-2024-10-23-132228.png\" alt=\"Excel\" width=\"29\" height=\"33\" \/><\/a><\/td>\n<\/tr>\n<tr style=\"height: 28px;\">\n<td style=\"width: 89.7576%; background-color: #ffffff; height: 28px;\"><span style=\"color: #0000ff;\">Consulta m\u00e9dica a distancia triage COVID-19<\/span><\/td>\n<td style=\"width: 5.1212%; height: 28px;\"><a href=\"http:\/\/saludsinaloa.gob.mx\/wp-content\/uploads\/2020\/files\/Consulta_medica_a_distancia_2020.xlsx\"><img decoding=\"async\" class=\"aligncenter wp-image-17993\" src=\"https:\/\/saludsinaloa.gob.mx\/wp-content\/uploads\/2024\/10\/Captura-de-pantalla-2024-10-23-132228.png\" alt=\"Excel\" width=\"29\" height=\"33\" \/><\/a><\/td>\n<td style=\"width: 2.5606%; height: 28px;\"><a href=\"http:\/\/saludsinaloa.gob.mx\/wp-content\/uploads\/2021\/files\/Consulta_medica_a_distancia_Nov_2021.xlsx\"><img decoding=\"async\" class=\"aligncenter wp-image-17993\" src=\"https:\/\/saludsinaloa.gob.mx\/wp-content\/uploads\/2024\/10\/Captura-de-pantalla-2024-10-23-132228.png\" alt=\"Excel\" width=\"29\" height=\"33\" \/><\/a><\/td>\n<\/tr>\n<tr style=\"height: 28px;\">\n<td style=\"width: 89.7576%; background-color: #ffffff; height: 28px;\"><span style=\"color: #0000ff;\">Entrega de Medicamentos COVID-19<\/span><\/td>\n<td style=\"width: 5.1212%; height: 28px;\"><a href=\"http:\/\/saludsinaloa.gob.mx\/wp-content\/uploads\/2020\/files\/Entrega_de_medicamentos_2020.xlsx\"><img decoding=\"async\" class=\"aligncenter wp-image-17993\" src=\"https:\/\/saludsinaloa.gob.mx\/wp-content\/uploads\/2024\/10\/Captura-de-pantalla-2024-10-23-132228.png\" alt=\"Excel\" width=\"29\" height=\"33\" \/><\/a><\/td>\n<td style=\"width: 2.5606%; height: 28px;\"><a href=\"http:\/\/saludsinaloa.gob.mx\/wp-content\/uploads\/2021\/files\/Entrega_de_medicamentos_Nov_2021.xlsx\"><img decoding=\"async\" class=\"aligncenter wp-image-17993\" src=\"https:\/\/saludsinaloa.gob.mx\/wp-content\/uploads\/2024\/10\/Captura-de-pantalla-2024-10-23-132228.png\" alt=\"Excel\" width=\"29\" height=\"33\" \/><\/a><\/td>\n<\/tr>\n<tr style=\"height: 28px;\">\n<td style=\"width: 89.7576%; background-color: #ffffff; height: 28px;\"><span style=\"color: #0000ff;\">Atenciones en orientaciones telef\u00f3nica COVID-19<\/span><\/td>\n<td style=\"width: 5.1212%; height: 28px;\"><a href=\"http:\/\/saludsinaloa.gob.mx\/wp-content\/uploads\/2020\/files\/Atencion_Orientaciones_2020.xlsx\"><img decoding=\"async\" class=\"aligncenter wp-image-17993\" src=\"https:\/\/saludsinaloa.gob.mx\/wp-content\/uploads\/2024\/10\/Captura-de-pantalla-2024-10-23-132228.png\" alt=\"Excel\" width=\"29\" height=\"33\" \/><\/a><\/td>\n<td style=\"width: 2.5606%; height: 28px;\"><a href=\"http:\/\/saludsinaloa.gob.mx\/wp-content\/uploads\/2021\/files\/Atencion_Orientaciones_Nov_2021.xlsx\"><img decoding=\"async\" class=\"aligncenter wp-image-17993\" src=\"https:\/\/saludsinaloa.gob.mx\/wp-content\/uploads\/2024\/10\/Captura-de-pantalla-2024-10-23-132228.png\" alt=\"Excel\" width=\"29\" height=\"33\" \/><\/a><\/td>\n<\/tr>\n<tr style=\"height: 28px;\">\n<td style=\"width: 89.7576%; background-color: #ffffff; height: 28px;\"><span style=\"color: #0000ff;\">B\u00fasqueda de contactos COVID-19 para medidas de cuarentena y aislamiento<\/span><\/td>\n<td style=\"width: 5.1212%; height: 28px;\"><a href=\"http:\/\/saludsinaloa.gob.mx\/wp-content\/uploads\/2020\/files\/Busqueda_de_Contactos_2020.xlsx\"><img decoding=\"async\" class=\"aligncenter wp-image-17993\" src=\"https:\/\/saludsinaloa.gob.mx\/wp-content\/uploads\/2024\/10\/Captura-de-pantalla-2024-10-23-132228.png\" alt=\"Excel\" width=\"29\" height=\"33\" \/><\/a><\/td>\n<td style=\"width: 2.5606%; height: 28px;\"><a href=\"http:\/\/saludsinaloa.gob.mx\/wp-content\/uploads\/2021\/files\/Busqueda_de_Contactos_Nov_2021.xlsx\"><img decoding=\"async\" class=\"aligncenter wp-image-17993\" src=\"https:\/\/saludsinaloa.gob.mx\/wp-content\/uploads\/2024\/10\/Captura-de-pantalla-2024-10-23-132228.png\" alt=\"Excel\" width=\"29\" height=\"33\" \/><\/a><\/td>\n<\/tr>\n<tr style=\"height: 24px;\">\n<td style=\"width: 89.7576%; background-color: #ffffff; height: 24px;\"><span style=\"color: #0000ff;\">Gesti\u00f3n de camas y traslados de pacientes COVID-19<\/span><\/td>\n<td style=\"height: 24px; text-align: center; width: 7.6818%;\" colspan=\"2\"><a href=\"http:\/\/saludsinaloa.gob.mx\/index.php\/disponibilidad-diario-de-camas\/\" target=\"_blank\" rel=\"noopener noreferrer\"><strong><span style=\"color: #0000ff;\"><img decoding=\"async\" class=\"wp-image-13289 aligncenter\" src=\"http:\/\/saludsinaloa.gob.mx\/wp-content\/uploads\/2022\/05\/logo-enlace-300x300.png\" alt=\"\" width=\"35\" height=\"35\" srcset=\"https:\/\/saludsinaloa.gob.mx\/wp-content\/uploads\/2022\/05\/logo-enlace-300x300.png 300w, https:\/\/saludsinaloa.gob.mx\/wp-content\/uploads\/2022\/05\/logo-enlace-150x150.png 150w, https:\/\/saludsinaloa.gob.mx\/wp-content\/uploads\/2022\/05\/logo-enlace.png 512w\" sizes=\"(max-width: 35px) 100vw, 35px\" \/><\/span><\/strong><\/a><\/td>\n<\/tr>\n<tr>\n<td style=\"width: 89.7576%; background-color: #ffffff;\"><span style=\"color: #0000ff;\">Padr\u00f3n de beneficiarios por COVID-19<\/span><\/td>\n<td style=\"text-align: center; width: 7.6818%;\" colspan=\"2\"><a href=\"http:\/\/saludsinaloa.gob.mx\/index.php\/padron-de-beneficiarios-por-covid-19\/\" target=\"_blank\" rel=\"noopener noreferrer\"><strong><span style=\"color: #0000ff;\"><img decoding=\"async\" class=\"wp-image-13289 aligncenter\" src=\"http:\/\/saludsinaloa.gob.mx\/wp-content\/uploads\/2022\/05\/logo-enlace-300x300.png\" alt=\"\" width=\"35\" height=\"35\" srcset=\"https:\/\/saludsinaloa.gob.mx\/wp-content\/uploads\/2022\/05\/logo-enlace-300x300.png 300w, https:\/\/saludsinaloa.gob.mx\/wp-content\/uploads\/2022\/05\/logo-enlace-150x150.png 150w, https:\/\/saludsinaloa.gob.mx\/wp-content\/uploads\/2022\/05\/logo-enlace.png 512w\" sizes=\"(max-width: 35px) 100vw, 35px\" \/><\/span><\/strong><\/a><\/td>\n<\/tr>\n<\/tbody>\n<\/table>\n<p>&nbsp;<\/p>\n<table style=\"border-collapse: collapse; width: 100%; height: 128px;\">\n<tbody>\n<tr style=\"height: 23px;\">\n<td style=\"width: 50%; background-color: #ffffff; height: 23px;\"><span style=\"color: #0000ff;\"><strong>\u00a0Estad\u00edsticas por Covid-19 en el Estado<\/strong><\/span><\/td>\n<td style=\"width: 50%; text-align: center; height: 23px;\"><span style=\"color: #0000ff;\"><strong>Consulta<\/strong><\/span><\/td>\n<\/tr>\n<tr style=\"height: 35px;\">\n<td style=\"width: 50%; background-color: #ffffff; height: 35px;\"><span style=\"color: #0000ff;\">Informe diario de casos confirmados y defunciones<\/span><\/p>\n<p><span style=\"color: #0000ff;\">Panorama diario epidemiol\u00f3gico<\/span><\/p>\n<p><span style=\"color: #0000ff;\">Disponibilidad diaria de camas<\/span><\/td>\n<td style=\"width: 50%; height: 35px;\"><a href=\" https:\/\/saludsinaloa.gob.mx\/index.php\/coronavirus_\/\"><img loading=\"lazy\" decoding=\"async\" class=\"aligncenter wp-image-13289\" src=\"http:\/\/saludsinaloa.gob.mx\/wp-content\/uploads\/2022\/05\/logo-enlace-300x300.png\" alt=\"\" width=\"35\" height=\"35\" srcset=\"https:\/\/saludsinaloa.gob.mx\/wp-content\/uploads\/2022\/05\/logo-enlace-300x300.png 300w, https:\/\/saludsinaloa.gob.mx\/wp-content\/uploads\/2022\/05\/logo-enlace-150x150.png 150w, https:\/\/saludsinaloa.gob.mx\/wp-content\/uploads\/2022\/05\/logo-enlace.png 512w\" sizes=\"(max-width: 35px) 100vw, 35px\" \/><\/a><\/td>\n<\/tr>\n<\/tbody>\n<\/table>\n","protected":false},"excerpt":{"rendered":"<p>\u00a0Programas especiales generados por contingencia (Covid-19) Presentaci\u00f3n unidad de atenci\u00f3n para la detecci\u00f3n y seguimiento del Covid-19 Sitio Covid-19 Sinaloa Acciones para reactivaci\u00f3n econ\u00f3mica COVID-19 Programas y proyectos especiales para la reactivaci\u00f3n econ\u00f3mica COVID-19 &nbsp; \u00a0Compras realizadas con motivo de Covid-19 Consulta Compras por procedimientos &nbsp; \u00a0Padrones de beneficiarios de los programas de apoyo por [&hellip;]<\/p>\n","protected":false},"author":7,"featured_media":0,"parent":0,"menu_order":0,"comment_status":"closed","ping_status":"closed","template":"","meta":{"footnotes":""},"class_list":["post-22548","page","type-page","status-publish","hentry"],"_links":{"self":[{"href":"https:\/\/saludsinaloa.gob.mx\/index.php\/wp-json\/wp\/v2\/pages\/22548","targetHints":{"allow":["GET"]}}],"collection":[{"href":"https:\/\/saludsinaloa.gob.mx\/index.php\/wp-json\/wp\/v2\/pages"}],"about":[{"href":"https:\/\/saludsinaloa.gob.mx\/index.php\/wp-json\/wp\/v2\/types\/page"}],"author":[{"embeddable":true,"href":"https:\/\/saludsinaloa.gob.mx\/index.php\/wp-json\/wp\/v2\/users\/7"}],"replies":[{"embeddable":true,"href":"https:\/\/saludsinaloa.gob.mx\/index.php\/wp-json\/wp\/v2\/comments?post=22548"}],"version-history":[{"count":2,"href":"https:\/\/saludsinaloa.gob.mx\/index.php\/wp-json\/wp\/v2\/pages\/22548\/revisions"}],"predecessor-version":[{"id":22551,"href":"https:\/\/saludsinaloa.gob.mx\/index.php\/wp-json\/wp\/v2\/pages\/22548\/revisions\/22551"}],"wp:attachment":[{"href":"https:\/\/saludsinaloa.gob.mx\/index.php\/wp-json\/wp\/v2\/media?parent=22548"}],"curies":[{"name":"wp","href":"https:\/\/api.w.org\/{rel}","templated":true}]}}