{"id":22445,"date":"2026-02-10T19:16:16","date_gmt":"2026-02-10T19:16:16","guid":{"rendered":"https:\/\/saludsinaloa.gob.mx\/?page_id=22445"},"modified":"2026-02-10T20:39:42","modified_gmt":"2026-02-10T20:39:42","slug":"cuenta-publica-2025","status":"publish","type":"page","link":"https:\/\/saludsinaloa.gob.mx\/index.php\/cuenta-publica-2025\/","title":{"rendered":"Cuenta P\u00fablica 2025"},"content":{"rendered":"<table>\n<tbody>\n<tr>\n<td colspan=\"2\">\n<h4><strong>Estados e Informaci\u00f3n Contable<\/strong><\/h4>\n<\/td>\n<\/tr>\n<tr>\n<td><b>Estado de Situaci\u00f3n Financiera<\/b><\/td>\n<td><a href=\"https:\/\/saludsinaloa.gob.mx\/wp-content\/uploads\/2026\/02\/ESTADO-DE-SITUACION-FINANCIERA.pdf\" target=\"_blank\" rel=\"noopener noreferrer\"><img decoding=\"async\" class=\"lazy loaded entered aligncenter\" src=\"http:\/\/saludsinaloa.gob.mx\/wp-content\/uploads\/2020\/12\/Imagen-PDF.png\" alt=\"\" width=\"27\" height=\"33\" data-src=\"http:\/\/saludsinaloa.gob.mx\/wp-content\/uploads\/2020\/12\/Imagen-PDF.png\" data-was-processed=\"true\" data-ll-status=\"loaded\" \/><\/a><\/td>\n<\/tr>\n<tr>\n<td><strong>Estado de Actividades<\/strong><\/td>\n<td><a href=\"https:\/\/saludsinaloa.gob.mx\/wp-content\/uploads\/2026\/02\/ESTADO-DE-ACTIVIDADES.pdf\" target=\"_blank\" rel=\"noopener noreferrer\"><img decoding=\"async\" class=\"lazy loaded entered aligncenter\" src=\"http:\/\/saludsinaloa.gob.mx\/wp-content\/uploads\/2020\/12\/Imagen-PDF.png\" alt=\"\" width=\"27\" height=\"33\" data-src=\"http:\/\/saludsinaloa.gob.mx\/wp-content\/uploads\/2020\/12\/Imagen-PDF.png\" data-was-processed=\"true\" data-ll-status=\"loaded\" \/><\/a><\/td>\n<\/tr>\n<tr>\n<td><b>Estado de Variaci\u00f3n de Hacienda P\u00fablica\u00a0\u00a0\u00a0\u00a0\u00a0\u00a0\u00a0\u00a0\u00a0\u00a0\u00a0\u00a0\u00a0\u00a0\u00a0\u00a0\u00a0\u00a0\u00a0\u00a0\u00a0\u00a0\u00a0\u00a0\u00a0\u00a0\u00a0\u00a0\u00a0\u00a0\u00a0 \u00a0\u00a0\u00a0\u00a0\u00a0\u00a0\u00a0\u00a0<\/b><\/td>\n<td><a href=\"https:\/\/saludsinaloa.gob.mx\/wp-content\/uploads\/2026\/02\/ESTADO-DE-VARIACION-EN-LA-HACIENDA-PUBLICA.pdf\" target=\"_blank\" rel=\"noopener noreferrer\"><img decoding=\"async\" class=\"lazy loaded entered aligncenter\" src=\"http:\/\/saludsinaloa.gob.mx\/wp-content\/uploads\/2020\/12\/Imagen-PDF.png\" alt=\"\" width=\"27\" height=\"33\" data-src=\"http:\/\/saludsinaloa.gob.mx\/wp-content\/uploads\/2020\/12\/Imagen-PDF.png\" data-was-processed=\"true\" data-ll-status=\"loaded\" \/><\/a><\/td>\n<\/tr>\n<tr>\n<td><strong>Estado de Cambios en la Situaci\u00f3n Financiera<\/strong><\/td>\n<td><a href=\"https:\/\/saludsinaloa.gob.mx\/wp-content\/uploads\/2026\/02\/ESTADO-DE-CAMBIOS-EN-LA-SITUACION-FINANCIERA.pdf\" target=\"_blank\" rel=\"noopener noreferrer\"><img decoding=\"async\" class=\"lazy loaded entered aligncenter\" src=\"http:\/\/saludsinaloa.gob.mx\/wp-content\/uploads\/2020\/12\/Imagen-PDF.png\" alt=\"\" width=\"27\" height=\"33\" data-src=\"http:\/\/saludsinaloa.gob.mx\/wp-content\/uploads\/2020\/12\/Imagen-PDF.png\" data-was-processed=\"true\" data-ll-status=\"loaded\" \/><\/a><\/td>\n<\/tr>\n<tr>\n<td><strong>Estado de Flujos de Efectivo<\/strong><\/td>\n<td><a href=\"https:\/\/saludsinaloa.gob.mx\/wp-content\/uploads\/2026\/02\/ESTADO-DE-FLUJOS-DE-EFECTIVO.pdf\" target=\"_blank\" rel=\"noopener noreferrer\"><img decoding=\"async\" class=\"lazy loaded entered aligncenter\" src=\"http:\/\/saludsinaloa.gob.mx\/wp-content\/uploads\/2020\/12\/Imagen-PDF.png\" alt=\"\" width=\"27\" height=\"33\" data-src=\"http:\/\/saludsinaloa.gob.mx\/wp-content\/uploads\/2020\/12\/Imagen-PDF.png\" data-was-processed=\"true\" data-ll-status=\"loaded\" \/><\/a><\/td>\n<\/tr>\n<tr>\n<td><strong>Estado Anal\u00edtico del Activo<\/strong><\/td>\n<td><a href=\"https:\/\/saludsinaloa.gob.mx\/wp-content\/uploads\/2026\/02\/ESTADO-ANALITICO-DEL-ACTIVO.pdf\" target=\"_blank\" rel=\"noopener noreferrer\"><img decoding=\"async\" class=\"lazy loaded entered aligncenter\" src=\"http:\/\/saludsinaloa.gob.mx\/wp-content\/uploads\/2020\/12\/Imagen-PDF.png\" alt=\"\" width=\"27\" height=\"33\" data-src=\"http:\/\/saludsinaloa.gob.mx\/wp-content\/uploads\/2020\/12\/Imagen-PDF.png\" data-was-processed=\"true\" data-ll-status=\"loaded\" \/><\/a><\/td>\n<\/tr>\n<tr>\n<td><strong>Estado Anal\u00edtico de Deuda y Otros Pasivos<\/strong><\/td>\n<td><a href=\"https:\/\/saludsinaloa.gob.mx\/wp-content\/uploads\/2026\/02\/ESTADO-ANALITICO-DE-LA-DEUDA-Y-OTROS-PASIVOS.pdf\" target=\"_blank\" rel=\"noopener noreferrer\"><img decoding=\"async\" class=\"lazy loaded entered aligncenter\" src=\"http:\/\/saludsinaloa.gob.mx\/wp-content\/uploads\/2020\/12\/Imagen-PDF.png\" alt=\"\" width=\"27\" height=\"33\" data-src=\"http:\/\/saludsinaloa.gob.mx\/wp-content\/uploads\/2020\/12\/Imagen-PDF.png\" data-was-processed=\"true\" data-ll-status=\"loaded\" \/><\/a><\/td>\n<\/tr>\n<tr>\n<td><strong>Informe de Pasivos Contingentes<\/strong><\/td>\n<td><a href=\"https:\/\/saludsinaloa.gob.mx\/wp-content\/uploads\/2026\/02\/INFORMES-SOBRE-PASIVOS-CONTINGENTES.pdf\" target=\"_blank\" rel=\"noopener noreferrer\"><img decoding=\"async\" class=\"lazy loaded entered aligncenter\" src=\"http:\/\/saludsinaloa.gob.mx\/wp-content\/uploads\/2020\/12\/Imagen-PDF.png\" alt=\"\" width=\"27\" height=\"33\" data-src=\"http:\/\/saludsinaloa.gob.mx\/wp-content\/uploads\/2020\/12\/Imagen-PDF.png\" data-was-processed=\"true\" data-ll-status=\"loaded\" \/><\/a><\/td>\n<\/tr>\n<tr>\n<td><strong>Notas a los Estados Financieros<\/strong><\/td>\n<td><a href=\"https:\/\/saludsinaloa.gob.mx\/wp-content\/uploads\/2026\/02\/NOTAS-A-LOS-ESTADOS-FINANCIEROS.pdf\" target=\"_blank\" rel=\"noopener noreferrer\"><img decoding=\"async\" class=\"lazy loaded entered aligncenter\" src=\"http:\/\/saludsinaloa.gob.mx\/wp-content\/uploads\/2020\/12\/Imagen-PDF.png\" alt=\"\" width=\"27\" height=\"33\" data-src=\"http:\/\/saludsinaloa.gob.mx\/wp-content\/uploads\/2020\/12\/Imagen-PDF.png\" data-was-processed=\"true\" data-ll-status=\"loaded\" \/><\/a><\/td>\n<\/tr>\n<\/tbody>\n<\/table>\n<table>\n<tbody>\n<tr>\n<td colspan=\"2\">\n<h4><strong>Estados e Informes Presupuestarios<\/strong><\/h4>\n<\/td>\n<\/tr>\n<tr>\n<td><strong>Estado Anal\u00edtico de Ingresos por:\u00a0\u00a0\u00a0\u00a0\u00a0\u00a0\u00a0\u00a0\u00a0\u00a0\u00a0\u00a0\u00a0\u00a0\u00a0\u00a0\u00a0\u00a0\u00a0\u00a0\u00a0\u00a0\u00a0\u00a0\u00a0\u00a0\u00a0\u00a0\u00a0<\/strong><\/td>\n<td><\/td>\n<\/tr>\n<tr>\n<td><strong>Por Fuente de Financiamiento\u00a0<\/strong><\/td>\n<td><a href=\"https:\/\/saludsinaloa.gob.mx\/wp-content\/uploads\/2026\/02\/EAPI-CLASIFICACION-FUENTE-FINANCIAMIENTO.pdf\" target=\"_blank\" rel=\"noopener noreferrer\"><img decoding=\"async\" class=\"lazy loaded entered aligncenter\" src=\"http:\/\/saludsinaloa.gob.mx\/wp-content\/uploads\/2020\/12\/Imagen-PDF.png\" alt=\"\" width=\"27\" height=\"33\" data-src=\"http:\/\/saludsinaloa.gob.mx\/wp-content\/uploads\/2020\/12\/Imagen-PDF.png\" data-was-processed=\"true\" data-ll-status=\"loaded\" \/><\/a><\/td>\n<\/tr>\n<tr>\n<td><b>Clasificaci\u00f3n<\/b><strong>\u00a0<\/strong><b>Econ\u00f3mica<\/b><\/td>\n<td><a href=\"https:\/\/saludsinaloa.gob.mx\/wp-content\/uploads\/2026\/02\/EAPI-CALSIFICACION-ECONOMICA.pdf\" target=\"_blank\" rel=\"noopener noreferrer\"><img decoding=\"async\" class=\"lazy loaded entered aligncenter\" src=\"http:\/\/saludsinaloa.gob.mx\/wp-content\/uploads\/2020\/12\/Imagen-PDF.png\" alt=\"\" width=\"27\" height=\"33\" data-src=\"http:\/\/saludsinaloa.gob.mx\/wp-content\/uploads\/2020\/12\/Imagen-PDF.png\" data-was-processed=\"true\" data-ll-status=\"loaded\" \/><\/a><\/td>\n<\/tr>\n<tr>\n<td><strong>Por Rubro, Tipo y Clase<\/strong><\/td>\n<td><a href=\"https:\/\/saludsinaloa.gob.mx\/wp-content\/uploads\/2026\/02\/EAI-POR-RUBRO-TIPO-CLASE-CONCEPTO-N.pdf\" target=\"_blank\" rel=\"noopener noreferrer\"><img decoding=\"async\" class=\"lazy loaded entered aligncenter\" src=\"http:\/\/saludsinaloa.gob.mx\/wp-content\/uploads\/2020\/12\/Imagen-PDF.png\" alt=\"\" width=\"27\" height=\"33\" data-src=\"http:\/\/saludsinaloa.gob.mx\/wp-content\/uploads\/2020\/12\/Imagen-PDF.png\" data-was-processed=\"true\" data-ll-status=\"loaded\" \/><\/a><\/td>\n<\/tr>\n<tr>\n<td><strong>Rubro (CRI)<\/strong><\/td>\n<td><a href=\"https:\/\/saludsinaloa.gob.mx\/wp-content\/uploads\/2026\/02\/EAPI-RUBRO-CRI-.pdf\" target=\"_blank\" rel=\"noopener noreferrer\"><img decoding=\"async\" class=\"lazy loaded entered aligncenter\" src=\"http:\/\/saludsinaloa.gob.mx\/wp-content\/uploads\/2020\/12\/Imagen-PDF.png\" alt=\"\" width=\"27\" height=\"33\" data-src=\"http:\/\/saludsinaloa.gob.mx\/wp-content\/uploads\/2020\/12\/Imagen-PDF.png\" data-was-processed=\"true\" data-ll-status=\"loaded\" \/><\/a><\/td>\n<\/tr>\n<tr>\n<td><b>Estado Anal\u00edtico de Ingresos<\/b><\/td>\n<td><a href=\"https:\/\/saludsinaloa.gob.mx\/wp-content\/uploads\/2026\/02\/ESTADO-ANALITICO-DE-INGRESOS.pdf\" target=\"_blank\" rel=\"noopener noreferrer\"><img decoding=\"async\" class=\"lazy loaded entered aligncenter\" src=\"http:\/\/saludsinaloa.gob.mx\/wp-content\/uploads\/2020\/12\/Imagen-PDF.png\" alt=\"\" width=\"27\" height=\"33\" data-src=\"http:\/\/saludsinaloa.gob.mx\/wp-content\/uploads\/2020\/12\/Imagen-PDF.png\" data-was-processed=\"true\" data-ll-status=\"loaded\" \/><\/a><\/td>\n<\/tr>\n<tr>\n<td><\/td>\n<td><\/td>\n<\/tr>\n<tr>\n<td><strong>Estado Anal\u00edtico del Ejercicio del Presupuesto de Egresos por:<\/strong><\/td>\n<td><\/td>\n<\/tr>\n<tr>\n<td><strong>Clasificaci\u00f3n por Objeto del Gasto (Cap\u00edtulo y Concepto)<\/strong><\/td>\n<td><a href=\"https:\/\/saludsinaloa.gob.mx\/wp-content\/uploads\/2026\/02\/EAEPE-CLASIFICACION-POR-OBJETO-DEL-GASTO.pdf\" target=\"_blank\" rel=\"noopener noreferrer\"><img decoding=\"async\" class=\"lazy loaded entered aligncenter\" src=\"http:\/\/saludsinaloa.gob.mx\/wp-content\/uploads\/2020\/12\/Imagen-PDF.png\" alt=\"\" width=\"27\" height=\"33\" data-src=\"http:\/\/saludsinaloa.gob.mx\/wp-content\/uploads\/2020\/12\/Imagen-PDF.png\" data-was-processed=\"true\" data-ll-status=\"loaded\" \/><\/a><\/td>\n<\/tr>\n<tr>\n<td><strong>Clasificaci\u00f3n Econ\u00f3mica (Tipo de Gasto)<\/strong><\/td>\n<td><a href=\"https:\/\/saludsinaloa.gob.mx\/wp-content\/uploads\/2026\/02\/EAEPE-CLASIFICACION-ECONOMICA-POR-TIPO-DE-GASTO.pdf\" target=\"_blank\" rel=\"noopener noreferrer\"><img decoding=\"async\" class=\"lazy loaded entered aligncenter\" src=\"http:\/\/saludsinaloa.gob.mx\/wp-content\/uploads\/2020\/12\/Imagen-PDF.png\" alt=\"\" width=\"27\" height=\"33\" data-src=\"http:\/\/saludsinaloa.gob.mx\/wp-content\/uploads\/2020\/12\/Imagen-PDF.png\" data-was-processed=\"true\" data-ll-status=\"loaded\" \/><\/a><\/td>\n<\/tr>\n<tr>\n<td><strong>Clasificaci\u00f3n Administrativa<\/strong><\/td>\n<td><a href=\"https:\/\/saludsinaloa.gob.mx\/wp-content\/uploads\/2026\/02\/EAEPE-CLASIFICACION-ADMINISTRATIVA.pdf\" target=\"_blank\" rel=\"noopener noreferrer\"><img decoding=\"async\" class=\"lazy loaded entered aligncenter\" src=\"http:\/\/saludsinaloa.gob.mx\/wp-content\/uploads\/2020\/12\/Imagen-PDF.png\" alt=\"\" width=\"27\" height=\"33\" data-src=\"http:\/\/saludsinaloa.gob.mx\/wp-content\/uploads\/2020\/12\/Imagen-PDF.png\" data-was-processed=\"true\" data-ll-status=\"loaded\" \/><\/a><\/td>\n<\/tr>\n<tr>\n<td><strong>Clasificaci\u00f3n, Funcional, Finalidad Funci\u00f3n)\u00a0 \u00a0 \u00a0 \u00a0 \u00a0 \u00a0 \u00a0 \u00a0 \u00a0 \u00a0 \u00a0 \u00a0 \u00a0 \u00a0 \u00a0 \u00a0 \u00a0 \u00a0 \u00a0 \u00a0 \u00a0 \u00a0 \u00a0 \u00a0 \u00a0 \u00a0 \u00a0 \u00a0 \u00a0 \u00a0 \u00a0 \u00a0 \u00a0 \u00a0 \u00a0 \u00a0 \u00a0 \u00a0 \u00a0 \u00a0 \u00a0 \u00a0 \u00a0 \u00a0 \u00a0 \u00a0 \u00a0 \u00a0 \u00a0 \u00a0 \u00a0 \u00a0 \u00a0 \u00a0 \u00a0 \u00a0 \u00a0 \u00a0<\/strong><\/td>\n<td><a href=\"https:\/\/saludsinaloa.gob.mx\/wp-content\/uploads\/2026\/02\/EAEPE-CLASIFICACION-FUNCIONAL.pdf\" target=\"_blank\" rel=\"noopener noreferrer\"><img decoding=\"async\" class=\"lazy loaded entered aligncenter\" src=\"http:\/\/saludsinaloa.gob.mx\/wp-content\/uploads\/2020\/12\/Imagen-PDF.png\" alt=\"\" width=\"27\" height=\"33\" data-src=\"http:\/\/saludsinaloa.gob.mx\/wp-content\/uploads\/2020\/12\/Imagen-PDF.png\" data-was-processed=\"true\" data-ll-status=\"loaded\" \/><\/a><\/td>\n<\/tr>\n<tr>\n<td><strong>Endeudamiento Neto<\/strong><\/td>\n<td><a href=\"https:\/\/saludsinaloa.gob.mx\/wp-content\/uploads\/2026\/02\/ENDEUDAMIENTO-NETO.pdf\" target=\"_blank\" rel=\"noopener noreferrer\"><img decoding=\"async\" class=\"lazy loaded entered aligncenter\" src=\"http:\/\/saludsinaloa.gob.mx\/wp-content\/uploads\/2020\/12\/Imagen-PDF.png\" alt=\"\" width=\"27\" height=\"33\" data-src=\"http:\/\/saludsinaloa.gob.mx\/wp-content\/uploads\/2020\/12\/Imagen-PDF.png\" data-was-processed=\"true\" data-ll-status=\"loaded\" \/><\/a><\/td>\n<\/tr>\n<tr>\n<td><strong>Inter\u00e9s de la Deuda<\/strong><\/td>\n<td><a href=\"https:\/\/saludsinaloa.gob.mx\/wp-content\/uploads\/2026\/02\/INTERESES-DE-LA-DEUDA.pdf\" target=\"_blank\" rel=\"noopener noreferrer\"><img decoding=\"async\" class=\"lazy loaded entered aligncenter\" src=\"http:\/\/saludsinaloa.gob.mx\/wp-content\/uploads\/2020\/12\/Imagen-PDF.png\" alt=\"\" width=\"27\" height=\"33\" data-src=\"http:\/\/saludsinaloa.gob.mx\/wp-content\/uploads\/2020\/12\/Imagen-PDF.png\" data-was-processed=\"true\" data-ll-status=\"loaded\" \/><\/a><\/td>\n<\/tr>\n<\/tbody>\n<\/table>\n<table>\n<tbody>\n<tr>\n<td colspan=\"2\">\n<h4><strong>Estados e Informes Program\u00e1ticos\u00a0<\/strong><\/h4>\n<\/td>\n<\/tr>\n<tr>\n<td><strong>Gasto por Categor\u00eda Program\u00e1tica<\/strong><\/td>\n<td><a href=\"https:\/\/saludsinaloa.gob.mx\/wp-content\/uploads\/2026\/02\/GASTO-POR-CATEGORIA-PROGRAMATICA.pdf\" target=\"_blank\" rel=\"noopener noreferrer\"><img decoding=\"async\" class=\"lazy loaded entered aligncenter\" src=\"http:\/\/saludsinaloa.gob.mx\/wp-content\/uploads\/2020\/12\/Imagen-PDF.png\" alt=\"\" width=\"27\" height=\"33\" data-src=\"http:\/\/saludsinaloa.gob.mx\/wp-content\/uploads\/2020\/12\/Imagen-PDF.png\" data-was-processed=\"true\" data-ll-status=\"loaded\" \/><\/a><\/td>\n<\/tr>\n<tr>\n<td><strong>Indicadores de Postura Fiscal\u00a0\u00a0\u00a0\u00a0\u00a0\u00a0\u00a0\u00a0\u00a0\u00a0\u00a0\u00a0\u00a0\u00a0\u00a0\u00a0\u00a0\u00a0\u00a0\u00a0\u00a0\u00a0\u00a0\u00a0\u00a0\u00a0\u00a0\u00a0\u00a0\u00a0\u00a0\u00a0\u00a0\u00a0<\/strong><\/td>\n<td><a href=\"https:\/\/saludsinaloa.gob.mx\/wp-content\/uploads\/2026\/02\/INDICADORES-DE-POSTURA-FISCAL.pdf\" target=\"_blank\" rel=\"noopener noreferrer\"><img decoding=\"async\" class=\"lazy loaded entered aligncenter\" src=\"http:\/\/saludsinaloa.gob.mx\/wp-content\/uploads\/2020\/12\/Imagen-PDF.png\" alt=\"\" width=\"27\" height=\"33\" data-src=\"http:\/\/saludsinaloa.gob.mx\/wp-content\/uploads\/2020\/12\/Imagen-PDF.png\" data-was-processed=\"true\" data-ll-status=\"loaded\" \/><\/a><\/td>\n<\/tr>\n<tr>\n<td><strong>Programas y Proyectos de Inversi\u00f3n \u00a0\u00a0\u00a0\u00a0\u00a0\u00a0\u00a0\u00a0\u00a0\u00a0\u00a0\u00a0\u00a0\u00a0\u00a0\u00a0\u00a0\u00a0\u00a0\u00a0\u00a0\u00a0\u00a0\u00a0\u00a0\u00a0\u00a0\u00a0\u00a0\u00a0\u00a0\u00a0\u00a0\u00a0\u00a0\u00a0\u00a0\u00a0<\/strong><\/td>\n<td><a href=\"https:\/\/saludsinaloa.gob.mx\/wp-content\/uploads\/2026\/02\/PROGRAMAS-Y-PROYECTOS-DE-INVERSION.pdf\" target=\"_blank\" rel=\"noopener noreferrer\"><img decoding=\"async\" class=\"lazy loaded entered aligncenter\" src=\"http:\/\/saludsinaloa.gob.mx\/wp-content\/uploads\/2020\/12\/Imagen-PDF.png\" alt=\"\" width=\"27\" height=\"33\" data-src=\"http:\/\/saludsinaloa.gob.mx\/wp-content\/uploads\/2020\/12\/Imagen-PDF.png\" data-was-processed=\"true\" data-ll-status=\"loaded\" \/><\/a><\/td>\n<\/tr>\n<tr>\n<td><strong>Indicadores de Resultados\u00a0 \u00a0 \u00a0 \u00a0\u00a0<\/strong><\/td>\n<td><a href=\"https:\/\/saludsinaloa.gob.mx\/wp-content\/uploads\/2026\/02\/INDICADORES-DE-RESULTADOS.pdf\" target=\"_blank\" rel=\"noopener noreferrer\"><img decoding=\"async\" class=\"lazy loaded entered aligncenter\" src=\"http:\/\/saludsinaloa.gob.mx\/wp-content\/uploads\/2020\/12\/Imagen-PDF.png\" alt=\"\" width=\"27\" height=\"33\" data-src=\"http:\/\/saludsinaloa.gob.mx\/wp-content\/uploads\/2020\/12\/Imagen-PDF.png\" data-was-processed=\"true\" data-ll-status=\"loaded\" \/><\/a><\/td>\n<\/tr>\n<\/tbody>\n<\/table>\n<table>\n<tbody>\n<tr>\n<td colspan=\"2\">\n<h4><strong>Informaci\u00f3n Adicional (Anexos)<\/strong><\/h4>\n<\/td>\n<\/tr>\n<tr>\n<td><strong>Relaci\u00f3n de Bienes Muebles que componen el Patrimonio<\/strong><\/td>\n<td><a href=\"https:\/\/saludsinaloa.gob.mx\/wp-content\/uploads\/2026\/02\/RELACION-DE-BIENES-MUEBLES-QUE-COMPONEN-EL-PATRIMONIO.pdf\" target=\"_blank\" rel=\"noopener noreferrer\"><img decoding=\"async\" class=\"lazy loaded entered aligncenter\" src=\"http:\/\/saludsinaloa.gob.mx\/wp-content\/uploads\/2020\/12\/Imagen-PDF.png\" alt=\"\" width=\"27\" height=\"33\" data-src=\"http:\/\/saludsinaloa.gob.mx\/wp-content\/uploads\/2020\/12\/Imagen-PDF.png\" data-was-processed=\"true\" data-ll-status=\"loaded\" \/><\/a><\/td>\n<\/tr>\n<tr>\n<td><strong>Relaci\u00f3n de Bienes Inmuebles que componen el Patrimonio<\/strong><\/td>\n<td><a href=\"https:\/\/saludsinaloa.gob.mx\/wp-content\/uploads\/2026\/02\/RELACION-DE-BIENES-INMUEBLES-QUE-COMPONEN-EL-PATRIMONIO.pdf\" target=\"_blank\" rel=\"noopener\"><img decoding=\"async\" class=\"lazy loaded entered aligncenter\" src=\"http:\/\/saludsinaloa.gob.mx\/wp-content\/uploads\/2020\/12\/Imagen-PDF.png\" alt=\"\" width=\"27\" height=\"33\" data-src=\"http:\/\/saludsinaloa.gob.mx\/wp-content\/uploads\/2020\/12\/Imagen-PDF.png\" data-was-processed=\"true\" data-ll-status=\"loaded\" \/><\/a><\/td>\n<\/tr>\n<tr>\n<td><strong>Relaci\u00f3n de Cuentas Bancarias Productivas Espec\u00edficas<\/strong><\/td>\n<td><a href=\"https:\/\/saludsinaloa.gob.mx\/wp-content\/uploads\/2026\/02\/RELACION-DE-CUENTAS-BANCARIAS-PRODUCTIVAS-ESPECIFICAS.pdf\" target=\"_blank\" rel=\"noopener noreferrer\"><img decoding=\"async\" class=\"lazy loaded entered aligncenter\" src=\"http:\/\/saludsinaloa.gob.mx\/wp-content\/uploads\/2020\/12\/Imagen-PDF.png\" alt=\"\" width=\"27\" height=\"33\" data-src=\"http:\/\/saludsinaloa.gob.mx\/wp-content\/uploads\/2020\/12\/Imagen-PDF.png\" data-was-processed=\"true\" data-ll-status=\"loaded\" \/><\/a><\/td>\n<\/tr>\n<tr>\n<td><strong>Relaci\u00f3n de Esquemas Burs\u00e1tiles y de Coberturas Financieras<\/strong><\/td>\n<td><a href=\"https:\/\/saludsinaloa.gob.mx\/wp-content\/uploads\/2026\/02\/RELACION-DE-ESQUEMAS-BURSATILES-Y-DE-COBERTURAS-FINANCIERAS.pdf\" target=\"_blank\" rel=\"noopener noreferrer\"><img decoding=\"async\" class=\"lazy loaded entered aligncenter\" src=\"http:\/\/saludsinaloa.gob.mx\/wp-content\/uploads\/2020\/12\/Imagen-PDF.png\" alt=\"\" width=\"27\" height=\"33\" data-src=\"http:\/\/saludsinaloa.gob.mx\/wp-content\/uploads\/2020\/12\/Imagen-PDF.png\" data-was-processed=\"true\" data-ll-status=\"loaded\" \/><\/a><\/td>\n<\/tr>\n<tr>\n<td><strong>Informaci\u00f3n Ejercicio y Destino de Gasto Federalizado y Reintegros\u00a0<\/strong><\/td>\n<td><a href=\"https:\/\/saludsinaloa.gob.mx\/wp-content\/uploads\/2026\/02\/FORMATO-DEL-EJERCICIO-Y-DESTINO-DE-GASTO-FEDERALIZADO-Y-REINTEGROS.pdf\" target=\"_blank\" rel=\"noopener noreferrer\"><img decoding=\"async\" class=\"lazy loaded entered aligncenter\" src=\"http:\/\/saludsinaloa.gob.mx\/wp-content\/uploads\/2020\/12\/Imagen-PDF.png\" alt=\"\" width=\"27\" height=\"33\" data-src=\"http:\/\/saludsinaloa.gob.mx\/wp-content\/uploads\/2020\/12\/Imagen-PDF.png\" data-was-processed=\"true\" data-ll-status=\"loaded\" \/><\/a><\/td>\n<\/tr>\n<\/tbody>\n<\/table>\n","protected":false},"excerpt":{"rendered":"<p>Estados e Informaci\u00f3n Contable Estado de Situaci\u00f3n Financiera Estado de Actividades Estado de Variaci\u00f3n de Hacienda P\u00fablica\u00a0\u00a0\u00a0\u00a0\u00a0\u00a0\u00a0\u00a0\u00a0\u00a0\u00a0\u00a0\u00a0\u00a0\u00a0\u00a0\u00a0\u00a0\u00a0\u00a0\u00a0\u00a0\u00a0\u00a0\u00a0\u00a0\u00a0\u00a0\u00a0\u00a0\u00a0 \u00a0\u00a0\u00a0\u00a0\u00a0\u00a0\u00a0\u00a0 Estado de Cambios en la Situaci\u00f3n Financiera Estado de Flujos de Efectivo Estado Anal\u00edtico del Activo Estado Anal\u00edtico de Deuda y Otros Pasivos Informe de Pasivos Contingentes Notas a los Estados Financieros Estados e Informes Presupuestarios Estado [&hellip;]<\/p>\n","protected":false},"author":7,"featured_media":0,"parent":0,"menu_order":0,"comment_status":"closed","ping_status":"closed","template":"","meta":{"footnotes":""},"class_list":["post-22445","page","type-page","status-publish","hentry"],"_links":{"self":[{"href":"https:\/\/saludsinaloa.gob.mx\/index.php\/wp-json\/wp\/v2\/pages\/22445","targetHints":{"allow":["GET"]}}],"collection":[{"href":"https:\/\/saludsinaloa.gob.mx\/index.php\/wp-json\/wp\/v2\/pages"}],"about":[{"href":"https:\/\/saludsinaloa.gob.mx\/index.php\/wp-json\/wp\/v2\/types\/page"}],"author":[{"embeddable":true,"href":"https:\/\/saludsinaloa.gob.mx\/index.php\/wp-json\/wp\/v2\/users\/7"}],"replies":[{"embeddable":true,"href":"https:\/\/saludsinaloa.gob.mx\/index.php\/wp-json\/wp\/v2\/comments?post=22445"}],"version-history":[{"count":31,"href":"https:\/\/saludsinaloa.gob.mx\/index.php\/wp-json\/wp\/v2\/pages\/22445\/revisions"}],"predecessor-version":[{"id":22508,"href":"https:\/\/saludsinaloa.gob.mx\/index.php\/wp-json\/wp\/v2\/pages\/22445\/revisions\/22508"}],"wp:attachment":[{"href":"https:\/\/saludsinaloa.gob.mx\/index.php\/wp-json\/wp\/v2\/media?parent=22445"}],"curies":[{"name":"wp","href":"https:\/\/api.w.org\/{rel}","templated":true}]}}