{"id":21657,"date":"2026-01-12T21:27:51","date_gmt":"2026-01-12T21:27:51","guid":{"rendered":"https:\/\/saludsinaloa.gob.mx\/?page_id=21657"},"modified":"2026-01-12T22:19:54","modified_gmt":"2026-01-12T22:19:54","slug":"ejercicio-auditado-2025","status":"publish","type":"page","link":"https:\/\/saludsinaloa.gob.mx\/index.php\/ejercicio-auditado-2025\/","title":{"rendered":"Ejercicio-Auditado-2025"},"content":{"rendered":"<header class=\"entry-header\">\n<h1 class=\"entry-title\">Ejercicio-Auditado-2025<\/h1>\n<\/header>\n<div class=\"entry-content\">\n<p><a href=\"https:\/\/saludsinaloa.gob.mx\/wp-content\/uploads\/2026\/01\/Auditoria-Centro-de-Especialidades-Odontologicas-de-Navolato-Inicio.pdf\">Auditor\u00eda Centro De Especialidades Odontologicas Navolato (Inicio)<\/a><\/p>\n<p><a href=\"https:\/\/saludsinaloa.gob.mx\/wp-content\/uploads\/2026\/01\/Auditoria-Centro-de-Especialidades-Odontologicas-de-Navolato-Informe-final.pdf\">Auditor\u00eda Centro De Especialidades Odontologicas Navolato(Informe Final)<\/a><\/p>\n<p><a href=\"https:\/\/saludsinaloa.gob.mx\/wp-content\/uploads\/2026\/01\/Auditoria-Centro-de-Higiene-Escolar-Inicio.pdf\">Auditor\u00eda Centro De Higiene Escolar (Inicio)<\/a><\/p>\n<p><a href=\"https:\/\/saludsinaloa.gob.mx\/wp-content\/uploads\/2026\/01\/Auditoria-Centro-de-Higiene-Escolar-Informe-Final.pdf\">Auditor\u00eda Centro De Higiene Escolar (Informe Final)<\/a><\/p>\n<p><a href=\"https:\/\/saludsinaloa.gob.mx\/wp-content\/uploads\/2026\/01\/Auditoria-Centro-de-Salud-de-Servicios-Ampliados-Culiacan-Inicio.pdf\">Auditor\u00eda Centro De Salud de Servicios Ampliados de Culiacan (Inicio)<\/a><\/p>\n<p><a href=\"https:\/\/saludsinaloa.gob.mx\/wp-content\/uploads\/2026\/01\/Auditoria-Centro-de-Salud-de-Servicios-Ampliados-Culiacan-Informe-final.pdf\">Auditor\u00eda Centro De Salud de Servicios Ampliodos de Culiacan (Informe Final)<\/a><\/p>\n<p><a href=\"https:\/\/saludsinaloa.gob.mx\/wp-content\/uploads\/2026\/01\/Auditoria-Centro-de-Salud-Urbano-Escuinapa-Inicio.pdf\">Auditor\u00eda Centro de Salud Urbano de Escuinapa (Inicio)<\/a><\/p>\n<p><a href=\"https:\/\/saludsinaloa.gob.mx\/wp-content\/uploads\/2026\/01\/Auditoria-Centro-de-Salud-Urbano-Escuinapa-Informe-final.pdf\">Auditor\u00eda Centro de Salud Urbano de Escuinapa (Informe Final)<\/a><\/p>\n<p><a href=\"https:\/\/saludsinaloa.gob.mx\/wp-content\/uploads\/2026\/01\/Auditoria-Hospital-de-la-Mujer-Inicio.pdf\">Auditor\u00eda Hospital de La Mujer (Inicio)<\/a><\/p>\n<p><a href=\"https:\/\/saludsinaloa.gob.mx\/wp-content\/uploads\/2026\/01\/Auditoria-Hospital-de-la-Mujer-Informe-Final.pdf\">Auditor\u00eda Hospital de La Mujer\u00a0 (Informe Final)<\/a><\/p>\n<p><a href=\"https:\/\/saludsinaloa.gob.mx\/wp-content\/uploads\/2026\/01\/Auditoria-Hospital-General-Eldorado-Inicio.pdf\">Auditor\u00eda Hospital General El Dorado (Inicio)<\/a><\/p>\n<p><a href=\"https:\/\/saludsinaloa.gob.mx\/wp-content\/uploads\/2026\/01\/Auditoria-Hospital-General-Eldorado-Informe-Final.pdf\">Auditor\u00eda Hospital General El Dorado (Informe Final)<\/a><\/p>\n<p><a href=\"https:\/\/saludsinaloa.gob.mx\/wp-content\/uploads\/2026\/01\/Auditoria-Hospital-General-Imss-Bienestar-Los-Mochis-Inicio.pdf\">Auditor\u00eda Hospital General IMSS Bienestar Los Mochis (inicio)<\/a><\/p>\n<p><a href=\"https:\/\/saludsinaloa.gob.mx\/wp-content\/uploads\/2026\/01\/Auditoria-Hospital-General-Imss-Bienestar-Los-Mochis-Informe-final.pdf\">Auditor\u00eda Hospital General IMSS Bienestar Los Mochis (Informe Final)<\/a><\/p>\n<p><a href=\"https:\/\/saludsinaloa.gob.mx\/wp-content\/uploads\/2026\/01\/Auditoria-Hospital-Integral-de-San-Ignacio-Inicio.pdf\">Auditor\u00eda Hospital Integral de San Ignacio(Inicio)<\/a><\/p>\n<p><a href=\"https:\/\/saludsinaloa.gob.mx\/wp-content\/uploads\/2026\/01\/Auditoria-Hospital-Integral-de-San-Ignacio-Informe-Final.pdf\">Auditor\u00eda Hospital Integral de San Ignacio (Informe Final)<\/a><\/p>\n<p><a href=\"https:\/\/saludsinaloa.gob.mx\/wp-content\/uploads\/2026\/01\/Auditoria-Instituto-Sinaloense-de-Cancerologia-Inicio.pdf\">Auditor\u00eda Instituto Sinaloense de Cancerologia (Inicio)<\/a><\/p>\n<p><a href=\"https:\/\/saludsinaloa.gob.mx\/wp-content\/uploads\/2026\/01\/Auditoria-Instituto-Sinaloense-de-Cancerologia-Informe-final.pdf\">Auditor\u00eda Instituto Sinaloense de Cancerologia (Informe Final)<\/a><\/p>\n<p><a href=\"https:\/\/saludsinaloa.gob.mx\/wp-content\/uploads\/2026\/01\/Auditoria-Jurisdiccion-Sanitaria-IV-Inicio.pdf\">Auditor\u00eda Jurisdiccional Sanitaria IV (Inicio)<\/a><\/p>\n<p><a href=\"https:\/\/saludsinaloa.gob.mx\/wp-content\/uploads\/2026\/01\/Auditoria-Jurisdiccion-Sanitaria-IV-Informe-Final.pdf\">Auditor\u00eda Jurisdiccional Sanitaria IV (Informe Final)<\/a><\/p>\n<p><a href=\"https:\/\/saludsinaloa.gob.mx\/wp-content\/uploads\/2026\/01\/Auditoria-Jurisdiccion-Sanitaria-V-Inicio.pdf\">Auditor\u00eda Jurisdiccional Sanitaria V(Inicio)<\/a><\/p>\n<p><a href=\"https:\/\/saludsinaloa.gob.mx\/wp-content\/uploads\/2026\/01\/Auditoria-Jurisdiccion-Sanitaria-V-Informe-Final.pdf\">Auditor\u00eda Jurisdiccional Sanitaria V (Informe Final)<\/a><\/p>\n<p><a href=\"https:\/\/saludsinaloa.gob.mx\/wp-content\/uploads\/2026\/01\/Auditoria-UNEME-CISAME-Mazatlan-Inicio.pdf\">Auditor\u00eda UNEME CISAME Mazatlan (Inicio)<\/a><\/p>\n<p><a href=\"https:\/\/saludsinaloa.gob.mx\/wp-content\/uploads\/2026\/01\/Auditoria-UNEME-CISAME-Mazatlan-Informe-final.pdf\">Auditor\u00eda UNEME CISAME Mazatlan (Informe Final)<\/a><\/p>\n<p><a href=\"https:\/\/saludsinaloa.gob.mx\/wp-content\/uploads\/2026\/01\/Auditoria-UNEME-CISAME-Mochis-Inicio.pdf\">Auditor\u00eda UNEME CISAME Los Mochis (Inicio)<\/a><\/p>\n<p><a href=\"https:\/\/saludsinaloa.gob.mx\/wp-content\/uploads\/2026\/01\/Auditoria-UNEME-CISAME-Mochis-Informe-final.pdf\">Auditor\u00eda UNEME CISAME Los Mochis (Informe Final)<\/a><\/p>\n<p><a href=\"https:\/\/saludsinaloa.gob.mx\/wp-content\/uploads\/2026\/01\/Auditoria-UNEME-DEDICAM-Culiacan-Inicio.pdf\">Auditor\u00eda UNEME DEDICAM Culiacan(Inicial)<\/a><\/p>\n<p><a href=\"https:\/\/saludsinaloa.gob.mx\/wp-content\/uploads\/2026\/01\/Auditoria-UNEME-DEDICAM-Culiacan-Informe-final.pdf\">Auditor\u00eda UNEME DEDICAM Culiacan(Informe Final)<\/a><\/p>\n<\/div>\n","protected":false},"excerpt":{"rendered":"<p>Ejercicio-Auditado-2025 Auditor\u00eda Centro De Especialidades Odontologicas Navolato (Inicio) Auditor\u00eda Centro De Especialidades Odontologicas Navolato(Informe Final) Auditor\u00eda Centro De Higiene Escolar (Inicio) Auditor\u00eda Centro De Higiene Escolar (Informe Final) Auditor\u00eda Centro De Salud de Servicios Ampliados de Culiacan (Inicio) Auditor\u00eda Centro De Salud de Servicios Ampliodos de Culiacan (Informe Final) Auditor\u00eda Centro de Salud Urbano de [&hellip;]<\/p>\n","protected":false},"author":7,"featured_media":0,"parent":0,"menu_order":0,"comment_status":"closed","ping_status":"closed","template":"","meta":{"footnotes":""},"class_list":["post-21657","page","type-page","status-publish","hentry"],"_links":{"self":[{"href":"https:\/\/saludsinaloa.gob.mx\/index.php\/wp-json\/wp\/v2\/pages\/21657","targetHints":{"allow":["GET"]}}],"collection":[{"href":"https:\/\/saludsinaloa.gob.mx\/index.php\/wp-json\/wp\/v2\/pages"}],"about":[{"href":"https:\/\/saludsinaloa.gob.mx\/index.php\/wp-json\/wp\/v2\/types\/page"}],"author":[{"embeddable":true,"href":"https:\/\/saludsinaloa.gob.mx\/index.php\/wp-json\/wp\/v2\/users\/7"}],"replies":[{"embeddable":true,"href":"https:\/\/saludsinaloa.gob.mx\/index.php\/wp-json\/wp\/v2\/comments?post=21657"}],"version-history":[{"count":45,"href":"https:\/\/saludsinaloa.gob.mx\/index.php\/wp-json\/wp\/v2\/pages\/21657\/revisions"}],"predecessor-version":[{"id":21731,"href":"https:\/\/saludsinaloa.gob.mx\/index.php\/wp-json\/wp\/v2\/pages\/21657\/revisions\/21731"}],"wp:attachment":[{"href":"https:\/\/saludsinaloa.gob.mx\/index.php\/wp-json\/wp\/v2\/media?parent=21657"}],"curies":[{"name":"wp","href":"https:\/\/api.w.org\/{rel}","templated":true}]}}