{"id":19431,"date":"2025-02-11T21:16:41","date_gmt":"2025-02-11T21:16:41","guid":{"rendered":"https:\/\/saludsinaloa.gob.mx\/?page_id=19431"},"modified":"2025-07-11T21:15:42","modified_gmt":"2025-07-11T21:15:42","slug":"pp-e001-2024-cap-2000-3000","status":"publish","type":"page","link":"https:\/\/saludsinaloa.gob.mx\/index.php\/pp-e001-2024-cap-2000-3000\/","title":{"rendered":"PP-E001-2024-CAP-2000-3000"},"content":{"rendered":"<table style=\"border-collapse: collapse; width: 100%; height: 126px;\">\n<tbody>\n<tr style=\"height: 23px;\">\n<td style=\"width: 51.0365%; text-align: center; height: 23px;\" colspan=\"2\"><strong>PROGRAMA PRESUPUESTARIO E001\u00a0 &#8220;ATENCI\u00d3N A LA SALUD DE PERSONAS SIN SEGURIDAD SOCIAL&#8221;<\/strong><\/td>\n<\/tr>\n<tr style=\"height: 49px;\">\n<td style=\"width: 35.4063%; height: 49px;\">1. CONVENIO DE COLABORACI\u00d3N Y ANEXOS<\/td>\n<td style=\"width: 15.6302%; height: 49px; text-align: center;\"><a href=\"https:\/\/saludsinaloa.gob.mx\/wp-content\/uploads\/2025\/07\/1.-CONVENIO-COORDINACION-Y-ANEXOS-PP-E001-2024-1.pdf\" target=\"_blank\" rel=\"noopener noreferrer\"><img decoding=\"async\" class=\"aligncenter\" src=\"http:\/\/saludsinaloa.gob.mx\/wp-content\/uploads\/2020\/12\/Imagen-PDF.png\" alt=\"\" width=\"27\" height=\"33\" \/><\/a><\/td>\n<\/tr>\n<tr style=\"height: 54px;\">\n<td style=\"width: 35.4063%; height: 54px;\">2. CONCEPTOS FINANCIADOS CON RECURSOS TRANSFERIDOS (PROGRAMA DE GASTO)<\/td>\n<td style=\"width: 15.6302%; height: 54px; text-align: center;\"><a href=\"https:\/\/saludsinaloa.gob.mx\/wp-content\/uploads\/2025\/07\/2.-CONCEPTOS-FINANCIADOS-PP-E001-PG-2024-SINALOA-1.pdf\" target=\"_blank\" rel=\"noopener noreferrer\"><img decoding=\"async\" class=\"aligncenter\" src=\"http:\/\/saludsinaloa.gob.mx\/wp-content\/uploads\/2020\/12\/Imagen-PDF.png\" alt=\"\" width=\"27\" height=\"33\" \/><\/a><\/td>\n<\/tr>\n<\/tbody>\n<\/table>\n<p>&nbsp;<\/p>\n<table style=\"border-collapse: collapse; width: 78.8904%; height: 386px;\">\n<tbody>\n<tr style=\"height: 23px;\">\n<td style=\"text-align: center; height: 23px; width: 50.1456%;\" colspan=\"4\"><strong>AVANCES F\u00cdSICO FINANCIEROS<\/strong><\/td>\n<\/tr>\n<tr style=\"height: 47px;\">\n<td style=\"width: 25%; text-align: center; height: 47px;\">MES<\/td>\n<td style=\"width: 10.7616%; height: 47px;\">\u00a0 \u00a0 \u00a0 \u00a0ANEXO 2<\/p>\n<p>REPORTE DE ACCIONES<\/td>\n<td style=\"width: 8.77578%; height: 47px;\">\u00a0 \u00a0 ANEXO 3<\/p>\n<p>OBJETIVO-META-INDICADORES<\/td>\n<td style=\"width: 5.60823%; height: 47px;\">\u00a0 \u00a0 \u00a0 ANEXO 6<\/p>\n<p>CIERRE DE PRESUPUESTO<\/td>\n<\/tr>\n<tr style=\"height: 33px;\">\n<td style=\"width: 25%; text-align: center; height: 33px;\">MAYO<\/td>\n<td style=\"width: 10.7616%; height: 33px;\"><a href=\"https:\/\/saludsinaloa.gob.mx\/wp-content\/uploads\/2025\/02\/05.-ANEXO-2-REPORTE-ACCIONES-MAYO-2024-SINALOA.pdf\" target=\"_blank\" rel=\"noopener noreferrer\"><img decoding=\"async\" class=\"aligncenter\" src=\"http:\/\/saludsinaloa.gob.mx\/wp-content\/uploads\/2020\/12\/Imagen-PDF.png\" alt=\"\" width=\"27\" height=\"33\" \/><\/a><\/td>\n<td style=\"width: 8.77578%; height: 33px;\"><a href=\"https:\/\/saludsinaloa.gob.mx\/wp-content\/uploads\/2025\/02\/05.-ANEXO-3-OBJETIVO-METAS-E-INDICADORES-MAYO-2024-SINALOA.pdf\" target=\"_blank\" rel=\"noopener noreferrer\"><img decoding=\"async\" class=\"aligncenter\" src=\"http:\/\/saludsinaloa.gob.mx\/wp-content\/uploads\/2020\/12\/Imagen-PDF.png\" alt=\"\" width=\"27\" height=\"33\" \/><\/a><\/td>\n<td style=\"width: 5.60823%; height: 33px;\"><a href=\"https:\/\/saludsinaloa.gob.mx\/wp-content\/uploads\/2025\/02\/05.-ANEXO-6-CIERRE-PRESUPUESTARIO-MAYO-2024-SINALOA.pdf\" target=\"_blank\" rel=\"noopener noreferrer\"><img decoding=\"async\" class=\"aligncenter\" src=\"http:\/\/saludsinaloa.gob.mx\/wp-content\/uploads\/2020\/12\/Imagen-PDF.png\" alt=\"\" width=\"27\" height=\"33\" \/><\/a><\/td>\n<\/tr>\n<tr style=\"height: 33px;\">\n<td style=\"width: 25%; text-align: center; height: 33px;\">JUNIO<\/td>\n<td style=\"width: 10.7616%; height: 33px;\"><a href=\"https:\/\/saludsinaloa.gob.mx\/wp-content\/uploads\/2025\/02\/06.-ANEXO-2-REPORTE-ACCIONES-JUNIO-2024-SINALOA.pdf\" target=\"_blank\" rel=\"noopener noreferrer\"><img decoding=\"async\" class=\"aligncenter\" src=\"http:\/\/saludsinaloa.gob.mx\/wp-content\/uploads\/2020\/12\/Imagen-PDF.png\" alt=\"\" width=\"27\" height=\"33\" \/><\/a><\/td>\n<td style=\"width: 8.77578%; height: 33px;\"><a href=\"https:\/\/saludsinaloa.gob.mx\/wp-content\/uploads\/2025\/02\/06.-ANEXO-3-OBJETIVO-METAS-E-INDICADORES-JUNIO-2024-SINALOA.pdf\" target=\"_blank\" rel=\"noopener noreferrer\"><img decoding=\"async\" class=\"aligncenter\" src=\"http:\/\/saludsinaloa.gob.mx\/wp-content\/uploads\/2020\/12\/Imagen-PDF.png\" alt=\"\" width=\"27\" height=\"33\" \/><\/a><\/td>\n<td style=\"width: 5.60823%; height: 33px;\"><a href=\"https:\/\/saludsinaloa.gob.mx\/wp-content\/uploads\/2025\/02\/06.-ANEXO-6-CIERRE-PRESUPUESTARIO-JUNIO-2024-SINALOA.pdf\" target=\"_blank\" rel=\"noopener noreferrer\"><img decoding=\"async\" class=\"aligncenter\" src=\"http:\/\/saludsinaloa.gob.mx\/wp-content\/uploads\/2020\/12\/Imagen-PDF.png\" alt=\"\" width=\"27\" height=\"33\" \/><\/a><\/td>\n<\/tr>\n<tr style=\"height: 33px;\">\n<td style=\"width: 25%; text-align: center; height: 33px;\">JULIO<\/td>\n<td style=\"width: 10.7616%; height: 33px;\"><a href=\"https:\/\/saludsinaloa.gob.mx\/wp-content\/uploads\/2025\/02\/07.-ANEXO-2-REPORTEACCIONES-JULIO-2024-SINALOA.pdf\" target=\"_blank\" rel=\"noopener noreferrer\"><img decoding=\"async\" class=\"aligncenter\" src=\"http:\/\/saludsinaloa.gob.mx\/wp-content\/uploads\/2020\/12\/Imagen-PDF.png\" alt=\"\" width=\"27\" height=\"33\" \/><\/a><\/td>\n<td style=\"width: 8.77578%; height: 33px;\"><a href=\"https:\/\/saludsinaloa.gob.mx\/wp-content\/uploads\/2025\/02\/07.-ANEXO-3-OBJETIVO-METAS-E-INDICADORES-JULIO-2024-SINALOA.pdf\" target=\"_blank\" rel=\"noopener noreferrer\"><img decoding=\"async\" class=\"aligncenter\" src=\"http:\/\/saludsinaloa.gob.mx\/wp-content\/uploads\/2020\/12\/Imagen-PDF.png\" alt=\"\" width=\"27\" height=\"33\" \/><\/a><\/td>\n<td style=\"width: 5.60823%; height: 33px;\"><a href=\"https:\/\/saludsinaloa.gob.mx\/wp-content\/uploads\/2025\/02\/07.-ANEXO-6-CIERRE-PRESUPUESTARIO-JULIO-2024-SINALOA.pdf\" target=\"_blank\" rel=\"noopener noreferrer\"><img decoding=\"async\" class=\"aligncenter\" src=\"http:\/\/saludsinaloa.gob.mx\/wp-content\/uploads\/2020\/12\/Imagen-PDF.png\" alt=\"\" width=\"27\" height=\"33\" \/><\/a><\/td>\n<\/tr>\n<tr style=\"height: 33px;\">\n<td style=\"width: 25%; text-align: center; height: 33px;\">AGOSTO<\/td>\n<td style=\"width: 10.7616%; height: 33px;\"><a href=\"https:\/\/saludsinaloa.gob.mx\/wp-content\/uploads\/2025\/02\/08.-ANEXO-2-REPORTE-ACCIONES-AGOSTO-2024-SINALOA.pdf\" target=\"_blank\" rel=\"noopener noreferrer\"><img decoding=\"async\" class=\"aligncenter\" src=\"http:\/\/saludsinaloa.gob.mx\/wp-content\/uploads\/2020\/12\/Imagen-PDF.png\" alt=\"\" width=\"27\" height=\"33\" \/><\/a><\/td>\n<td style=\"width: 8.77578%; height: 33px;\"><a href=\"https:\/\/saludsinaloa.gob.mx\/wp-content\/uploads\/2025\/02\/08.-ANEXO-3-OBJETIVO-META-E-INDICADORES-AGOSTO-2024-SINALOA.pdf\" target=\"_blank\" rel=\"noopener noreferrer\"><img decoding=\"async\" class=\"aligncenter\" src=\"http:\/\/saludsinaloa.gob.mx\/wp-content\/uploads\/2020\/12\/Imagen-PDF.png\" alt=\"\" width=\"27\" height=\"33\" \/><\/a><\/td>\n<td style=\"width: 5.60823%; height: 33px;\"><a href=\"https:\/\/saludsinaloa.gob.mx\/wp-content\/uploads\/2025\/02\/08.-ANEXO-6-CIERRE-PRESUPUESTARIO-AGOSTO-2024-SINALOA.pdf\" target=\"_blank\" rel=\"noopener noreferrer\"><img decoding=\"async\" class=\"aligncenter\" src=\"http:\/\/saludsinaloa.gob.mx\/wp-content\/uploads\/2020\/12\/Imagen-PDF.png\" alt=\"\" width=\"27\" height=\"33\" \/><\/a><\/td>\n<\/tr>\n<tr style=\"height: 23px;\">\n<td style=\"width: 25%; text-align: center; height: 23px;\">SEPTIEMBRE<\/td>\n<td style=\"width: 10.7616%; height: 23px;\"><a href=\"https:\/\/saludsinaloa.gob.mx\/wp-content\/uploads\/2025\/02\/09.-ANEXO-2-REPORTE-ACCIONES-SEPTIEMBRE-2024-SINALOA.pdf\" target=\"_blank\" rel=\"noopener noreferrer\"><img decoding=\"async\" class=\"aligncenter\" src=\"http:\/\/saludsinaloa.gob.mx\/wp-content\/uploads\/2020\/12\/Imagen-PDF.png\" alt=\"\" width=\"27\" height=\"33\" \/><\/a><\/td>\n<td style=\"width: 8.77578%; height: 23px;\"><a href=\"https:\/\/saludsinaloa.gob.mx\/wp-content\/uploads\/2025\/02\/09.-ANEXO-3-OBJETIVO-METAE-INDICADORES-SEPTIEMBRE-2024-SINALOA.pdf\" target=\"_blank\" rel=\"noopener noreferrer\"><img decoding=\"async\" class=\"aligncenter\" src=\"http:\/\/saludsinaloa.gob.mx\/wp-content\/uploads\/2020\/12\/Imagen-PDF.png\" alt=\"\" width=\"27\" height=\"33\" \/><\/a><\/td>\n<td style=\"width: 5.60823%; height: 23px;\"><a href=\"https:\/\/saludsinaloa.gob.mx\/wp-content\/uploads\/2025\/02\/09.-ANEXO-6-CIERRE-PRESUPUESTARIO-SEPTIEMBRE-2024-SINALOA.pdf\" target=\"_blank\" rel=\"noopener noreferrer\"><img decoding=\"async\" class=\"aligncenter\" src=\"http:\/\/saludsinaloa.gob.mx\/wp-content\/uploads\/2020\/12\/Imagen-PDF.png\" alt=\"\" width=\"27\" height=\"33\" \/><\/a><\/td>\n<\/tr>\n<tr style=\"height: 23px;\">\n<td style=\"width: 25%; text-align: center; height: 23px;\">OCTUBRE<\/td>\n<td style=\"width: 10.7616%; height: 23px;\"><a href=\"https:\/\/saludsinaloa.gob.mx\/wp-content\/uploads\/2025\/02\/10.-ANEXO-2-REPORTE-ACCIONES-OCTUBRE-2024-SINALOA.pdf\" target=\"_blank\" rel=\"noopener noreferrer\"><img decoding=\"async\" class=\"aligncenter\" src=\"http:\/\/saludsinaloa.gob.mx\/wp-content\/uploads\/2020\/12\/Imagen-PDF.png\" alt=\"\" width=\"27\" height=\"33\" \/><\/a><\/td>\n<td style=\"width: 8.77578%; height: 23px;\"><a href=\"https:\/\/saludsinaloa.gob.mx\/wp-content\/uploads\/2025\/02\/10.-ANEXO-3-OBJETIVO-META-E-INDICADORES-OCTUBRE-2024-SINALOA.pdf\" target=\"_blank\" rel=\"noopener noreferrer\"><img decoding=\"async\" class=\"aligncenter\" src=\"http:\/\/saludsinaloa.gob.mx\/wp-content\/uploads\/2020\/12\/Imagen-PDF.png\" alt=\"\" width=\"27\" height=\"33\" \/><\/a><\/td>\n<td style=\"width: 5.60823%; height: 23px;\"><a href=\"https:\/\/saludsinaloa.gob.mx\/wp-content\/uploads\/2025\/02\/10.-ANEXO-6-CIERRE-PRESUPUESTARIO-OCTUBRE-2024-SINALOA.pdf\" target=\"_blank\" rel=\"noopener noreferrer\"><img decoding=\"async\" class=\"aligncenter\" src=\"http:\/\/saludsinaloa.gob.mx\/wp-content\/uploads\/2020\/12\/Imagen-PDF.png\" alt=\"\" width=\"27\" height=\"33\" \/><\/a><\/td>\n<\/tr>\n<tr style=\"height: 23px;\">\n<td style=\"width: 25%; text-align: center; height: 23px;\">NOVIEMBRE<\/td>\n<td style=\"width: 10.7616%; height: 23px;\"><a href=\"https:\/\/saludsinaloa.gob.mx\/wp-content\/uploads\/2025\/02\/11.-ANEXO-2-REPORTE-ACCIONES-NOVIEMBRE-2024-SINALOA.pdf\" target=\"_blank\" rel=\"noopener noreferrer\"><img decoding=\"async\" class=\"aligncenter\" src=\"http:\/\/saludsinaloa.gob.mx\/wp-content\/uploads\/2020\/12\/Imagen-PDF.png\" alt=\"\" width=\"27\" height=\"33\" \/><\/a><\/td>\n<td style=\"width: 8.77578%; height: 23px;\"><a href=\"https:\/\/saludsinaloa.gob.mx\/wp-content\/uploads\/2025\/02\/11.-ANEXO-3-OBJETIVO-METAS-E-INDICADORES-NOVIEMBRE-2024-SINALOA.pdf\" target=\"_blank\" rel=\"noopener noreferrer\"><img decoding=\"async\" class=\"aligncenter\" src=\"http:\/\/saludsinaloa.gob.mx\/wp-content\/uploads\/2020\/12\/Imagen-PDF.png\" alt=\"\" width=\"27\" height=\"33\" \/><\/a><\/td>\n<td style=\"width: 5.60823%; height: 23px;\"><a href=\"https:\/\/saludsinaloa.gob.mx\/wp-content\/uploads\/2025\/02\/11.-ANEXO-6-CIERRE-PRESUPUESTARIO-NOVIEMBRE-2024-SINALOA.pdf\" target=\"_blank\" rel=\"noopener noreferrer\"><img decoding=\"async\" class=\"aligncenter\" src=\"http:\/\/saludsinaloa.gob.mx\/wp-content\/uploads\/2020\/12\/Imagen-PDF.png\" alt=\"\" width=\"27\" height=\"33\" \/><\/a><\/td>\n<\/tr>\n<tr style=\"height: 23px;\">\n<td style=\"width: 25%; text-align: center; height: 23px;\">DICIEMBRE<\/td>\n<td style=\"width: 10.7616%; height: 23px;\"><a href=\"https:\/\/saludsinaloa.gob.mx\/wp-content\/uploads\/2025\/02\/12.-ANEXO-2-REPORTE-ACCIONES-DICIEMBRE-2024.pdf\" target=\"_blank\" rel=\"noopener noreferrer\"><img decoding=\"async\" class=\"aligncenter\" src=\"http:\/\/saludsinaloa.gob.mx\/wp-content\/uploads\/2020\/12\/Imagen-PDF.png\" alt=\"\" width=\"27\" height=\"33\" \/><\/a><\/td>\n<td style=\"width: 8.77578%; height: 23px;\"><a href=\"https:\/\/saludsinaloa.gob.mx\/wp-content\/uploads\/2025\/02\/12.-ANEXO-3-OBJETIVO-META-E-INDICADORES-DICEMBRE-2024-SINALOA.pdf\" target=\"_blank\" rel=\"noopener noreferrer\"><img decoding=\"async\" class=\"aligncenter\" src=\"http:\/\/saludsinaloa.gob.mx\/wp-content\/uploads\/2020\/12\/Imagen-PDF.png\" alt=\"\" width=\"27\" height=\"33\" \/><\/a><\/td>\n<td style=\"width: 5.60823%; height: 23px;\"><a href=\"https:\/\/saludsinaloa.gob.mx\/wp-content\/uploads\/2025\/02\/12.-ANEXO-6-CIERRE-PRESUPUESTARIO-DICIEMBRE-2024-SINALOA.pdf\" target=\"_blank\" rel=\"noopener noreferrer\"><img decoding=\"async\" class=\"aligncenter\" src=\"http:\/\/saludsinaloa.gob.mx\/wp-content\/uploads\/2020\/12\/Imagen-PDF.png\" alt=\"\" width=\"27\" height=\"33\" \/><\/a><\/td>\n<\/tr>\n<\/tbody>\n<\/table>\n","protected":false},"excerpt":{"rendered":"<p>PROGRAMA PRESUPUESTARIO E001\u00a0 &#8220;ATENCI\u00d3N A LA SALUD DE PERSONAS SIN SEGURIDAD SOCIAL&#8221; 1. CONVENIO DE COLABORACI\u00d3N Y ANEXOS 2. CONCEPTOS FINANCIADOS CON RECURSOS TRANSFERIDOS (PROGRAMA DE GASTO) &nbsp; AVANCES F\u00cdSICO FINANCIEROS MES \u00a0 \u00a0 \u00a0 \u00a0ANEXO 2 REPORTE DE ACCIONES \u00a0 \u00a0 ANEXO 3 OBJETIVO-META-INDICADORES \u00a0 \u00a0 \u00a0 ANEXO 6 CIERRE DE PRESUPUESTO MAYO JUNIO [&hellip;]<\/p>\n","protected":false},"author":1,"featured_media":0,"parent":0,"menu_order":0,"comment_status":"closed","ping_status":"closed","template":"","meta":{"footnotes":""},"class_list":["post-19431","page","type-page","status-publish","hentry"],"_links":{"self":[{"href":"https:\/\/saludsinaloa.gob.mx\/index.php\/wp-json\/wp\/v2\/pages\/19431","targetHints":{"allow":["GET"]}}],"collection":[{"href":"https:\/\/saludsinaloa.gob.mx\/index.php\/wp-json\/wp\/v2\/pages"}],"about":[{"href":"https:\/\/saludsinaloa.gob.mx\/index.php\/wp-json\/wp\/v2\/types\/page"}],"author":[{"embeddable":true,"href":"https:\/\/saludsinaloa.gob.mx\/index.php\/wp-json\/wp\/v2\/users\/1"}],"replies":[{"embeddable":true,"href":"https:\/\/saludsinaloa.gob.mx\/index.php\/wp-json\/wp\/v2\/comments?post=19431"}],"version-history":[{"count":65,"href":"https:\/\/saludsinaloa.gob.mx\/index.php\/wp-json\/wp\/v2\/pages\/19431\/revisions"}],"predecessor-version":[{"id":20352,"href":"https:\/\/saludsinaloa.gob.mx\/index.php\/wp-json\/wp\/v2\/pages\/19431\/revisions\/20352"}],"wp:attachment":[{"href":"https:\/\/saludsinaloa.gob.mx\/index.php\/wp-json\/wp\/v2\/media?parent=19431"}],"curies":[{"name":"wp","href":"https:\/\/api.w.org\/{rel}","templated":true}]}}