{"id":18874,"date":"2025-01-15T19:30:17","date_gmt":"2025-01-15T19:30:17","guid":{"rendered":"https:\/\/saludsinaloa.gob.mx\/?page_id=18874"},"modified":"2025-01-15T20:23:45","modified_gmt":"2025-01-15T20:23:45","slug":"ejercicio-auditado-2024","status":"publish","type":"page","link":"https:\/\/saludsinaloa.gob.mx\/index.php\/ejercicio-auditado-2024\/","title":{"rendered":"Ejercicio-Auditado-2024"},"content":{"rendered":"<header class=\"entry-header\">\n<h1 class=\"entry-title\">Ejercicio-Auditado-2024<\/h1>\n<\/header>\n<div class=\"entry-content\">\n<p><a href=\"https:\/\/saludsinaloa.gob.mx\/wp-content\/uploads\/2025\/01\/Auditoria-Centro-de-Especialidades-Odintologicas-Inicio.pdf\">Auditor\u00eda Centro De Especialidades Odontologicas (Inicio)<\/a><\/p>\n<p><a href=\"https:\/\/saludsinaloa.gob.mx\/wp-content\/uploads\/2025\/01\/Auditoria-Centro-de-Especialidades-Odontologicas-Informe-final.pdf\">Auditor\u00eda Centro De Especialidades Odontologicas (Informe Final)<\/a><\/p>\n<p><a href=\"https:\/\/saludsinaloa.gob.mx\/wp-content\/uploads\/2025\/01\/Auditoria-Centro-de-Salud-Urbano-Guamuchil-Inicio-1.pdf\">Auditor\u00eda Centro De Salud Urbano De Guamuchil (Inicio)<\/a><\/p>\n<p><a href=\"https:\/\/saludsinaloa.gob.mx\/wp-content\/uploads\/2025\/01\/Auditoria-Centro-de-Salud-Urbano-Guamuchil-Informe-final-1.pdf\">Auditor\u00eda Centro De Salud Urbano De Guamuchil (Informe Final)<\/a><\/p>\n<p><a href=\"https:\/\/saludsinaloa.gob.mx\/wp-content\/uploads\/2025\/01\/Auditoria-Centro-de-Salud-Urbano-Mazatlan-Inicio.pdf\">Auditor\u00eda Centro De Salud Urbano De Mazatlan (Inicio)<\/a><\/p>\n<p><a href=\"https:\/\/saludsinaloa.gob.mx\/wp-content\/uploads\/2025\/01\/Auditoria-Centro-de-Salud-Urbano-Mazatlan-Informe-Final.pdf\">Auditor\u00eda Centro De Salud Urbano De Mazatlan (Informe Final)<\/a><\/p>\n<p><a href=\"https:\/\/saludsinaloa.gob.mx\/wp-content\/uploads\/2025\/01\/Auditoria-Centro-Dermatologico-de-Sinaloa-Inicio.pdf\">Auditor\u00eda Centro Dermatologico De Sinaloa (Inicio)<\/a><\/p>\n<p><a href=\"https:\/\/saludsinaloa.gob.mx\/wp-content\/uploads\/2025\/01\/Auditoria-Centro-Dermatologico-de-Sinaloa-Informe-final.pdf\">Auditor\u00eda Centro Dermatologico De Sinaloa (Informe Final)<\/a><\/p>\n<p><a href=\"https:\/\/saludsinaloa.gob.mx\/wp-content\/uploads\/2025\/01\/Auditoria-Hospital-General-la-Cruz-Inicio.pdf\">Auditor\u00eda Hospital General De La Cruz (Inicio)<\/a><\/p>\n<p><a href=\"https:\/\/saludsinaloa.gob.mx\/wp-content\/uploads\/2025\/01\/Auditoria-Hospital-General-la-Cruz-Informe-final.pdf\">Auditor\u00eda Hospital General De La Cruz\u00a0 (Informe Final)<\/a><\/p>\n<p><a href=\"https:\/\/saludsinaloa.gob.mx\/wp-content\/uploads\/2025\/01\/Auditoria-Hospital-Integral-Cosala-Inicio.pdf\">Auditor\u00eda Hospital Integral De Cosala (Inicio)<\/a><\/p>\n<p><a href=\"https:\/\/saludsinaloa.gob.mx\/wp-content\/uploads\/2025\/01\/Auditoria-Hospital-Integral-Cosala-Informe-final.pdf\">Auditor\u00eda Hospital Integral De Cosala (Informe Final)<\/a><\/p>\n<p><a href=\"https:\/\/saludsinaloa.gob.mx\/wp-content\/uploads\/2025\/01\/Auditoria-Hospital-Integral-Mocorito-Inicio.pdf\">Auditor\u00eda Hospital Integral De Mocorito (inicio)<\/a><\/p>\n<p><a href=\"https:\/\/saludsinaloa.gob.mx\/wp-content\/uploads\/2025\/01\/Auditoria-Hospital-Integral-Mocorito-Informe-final.pdf\">Auditor\u00eda Hospital Integral De Mocorito (Informe Final)<\/a><\/p>\n<p><a href=\"https:\/\/saludsinaloa.gob.mx\/wp-content\/uploads\/2025\/01\/Auditoria-Hospital-Pediatrico-de-Sinaloa-Inicio.pdf\">Auditor\u00eda Hospital Pediatrico De Sinaloa(Inicio)<\/a><\/p>\n<p><a href=\"https:\/\/saludsinaloa.gob.mx\/wp-content\/uploads\/2025\/01\/Auditoria-Hospital-Pediatrico-de-Sinaloa-Informe-final.pdf\">Auditor\u00eda Hospital Pediatrico De Sinaloa (Informe Final)<\/a><\/p>\n<p><a href=\"https:\/\/saludsinaloa.gob.mx\/wp-content\/uploads\/2025\/01\/Auditoria-Hospital-Psiquiatrico-de-Sinaloa-Inicio.pdf\">Auditor\u00eda Hospital Psiquiatrico De Sinaloa (Inicio)<\/a><\/p>\n<p><a href=\"https:\/\/saludsinaloa.gob.mx\/wp-content\/uploads\/2025\/01\/Auditoria-Hospital-Psiquiatrico-de-Sinaloa-Informe-final.pdf\">Auditor\u00eda Hospital Psiquiatrico De Sinaloa(Informe Final)<\/a><\/p>\n<p><a href=\"https:\/\/saludsinaloa.gob.mx\/wp-content\/uploads\/2025\/01\/Auditoria-Jurisdiccion-Sanitaria-I-Inicio.pdf\">Auditor\u00eda Jurisdiccional Sanitaria I (Inicio)<\/a><\/p>\n<p><a href=\"https:\/\/saludsinaloa.gob.mx\/wp-content\/uploads\/2025\/01\/Auditoria-Jurisdiccion-Sanitaria-I-Informe-final.pdf\">Auditor\u00eda Jurisdiccional Sanitaria I (Informe Final)<\/a><\/p>\n<p><a href=\"https:\/\/saludsinaloa.gob.mx\/wp-content\/uploads\/2025\/01\/Auditoria-Jurisdiccion-Sanitaria-III-Inicio.pdf\">Auditor\u00eda Jurisdiccional Sanitaria III(Inicio)<\/a><\/p>\n<p><a href=\"https:\/\/saludsinaloa.gob.mx\/wp-content\/uploads\/2025\/01\/Auditoria-Jurisdiccion-Sanitaria-III-Informe-final.pdf\">Auditor\u00eda Jurisdiccional Sanitaria III (Informe Final)<\/a><\/p>\n<p><a href=\"https:\/\/saludsinaloa.gob.mx\/wp-content\/uploads\/2025\/01\/Auditoria-Laboratorio-Estatal-de-Salud-Publica-de-Sinaloa-Inicio.pdf\">Auditor\u00eda Laboratorio Estatal De Salud Publica De Sinaloa (Inicio)<\/a><\/p>\n<p><a href=\"https:\/\/saludsinaloa.gob.mx\/wp-content\/uploads\/2025\/01\/Auditoria-Laboratorio-Estatal-de-Salud-Publica-de-Sinaloa-Informe-final.pdf\">Auditor\u00eda Laboratorio Estatal De Salud Publica De Sinaloa (Informe Final)<\/a><\/p>\n<p><a href=\"https:\/\/saludsinaloa.gob.mx\/wp-content\/uploads\/2025\/01\/Auditoria-UNEME-CISAME-Culiacan-Inicio.pdf\">Auditor\u00eda UNEME CISAME Culiacan (Inicio)<\/a><\/p>\n<p><a href=\"https:\/\/saludsinaloa.gob.mx\/wp-content\/uploads\/2025\/01\/Auditoria-UNEME-CISAME-Culiacan-Informe-final.pdf\">Auditor\u00eda UNEME CISAME Culiacan (Informe Final)<\/a><\/p>\n<p><a href=\"https:\/\/saludsinaloa.gob.mx\/wp-content\/uploads\/2025\/01\/Auditoria-UNEME-CISAME-Mazatlan-Inicio.pdf\">Auditor\u00eda UNEME CISAME Mazatlan(Inicial)<\/a><\/p>\n<p><a href=\"https:\/\/saludsinaloa.gob.mx\/wp-content\/uploads\/2025\/01\/Auditoria-UNEME-CISAME-Mazatlan-Informe-final.pdf\">Auditor\u00eda UNEME CISAME Mazatlan(Informe Final)<\/a><\/p>\n<\/div>\n","protected":false},"excerpt":{"rendered":"<p>Ejercicio-Auditado-2024 Auditor\u00eda Centro De Especialidades Odontologicas (Inicio) Auditor\u00eda Centro De Especialidades Odontologicas (Informe Final) Auditor\u00eda Centro De Salud Urbano De Guamuchil (Inicio) Auditor\u00eda Centro De Salud Urbano De Guamuchil (Informe Final) Auditor\u00eda Centro De Salud Urbano De Mazatlan (Inicio) Auditor\u00eda Centro De Salud Urbano De Mazatlan (Informe Final) Auditor\u00eda Centro Dermatologico De Sinaloa (Inicio) Auditor\u00eda [&hellip;]<\/p>\n","protected":false},"author":7,"featured_media":0,"parent":0,"menu_order":0,"comment_status":"closed","ping_status":"closed","template":"","meta":{"footnotes":""},"class_list":["post-18874","page","type-page","status-publish","hentry"],"_links":{"self":[{"href":"https:\/\/saludsinaloa.gob.mx\/index.php\/wp-json\/wp\/v2\/pages\/18874","targetHints":{"allow":["GET"]}}],"collection":[{"href":"https:\/\/saludsinaloa.gob.mx\/index.php\/wp-json\/wp\/v2\/pages"}],"about":[{"href":"https:\/\/saludsinaloa.gob.mx\/index.php\/wp-json\/wp\/v2\/types\/page"}],"author":[{"embeddable":true,"href":"https:\/\/saludsinaloa.gob.mx\/index.php\/wp-json\/wp\/v2\/users\/7"}],"replies":[{"embeddable":true,"href":"https:\/\/saludsinaloa.gob.mx\/index.php\/wp-json\/wp\/v2\/comments?post=18874"}],"version-history":[{"count":32,"href":"https:\/\/saludsinaloa.gob.mx\/index.php\/wp-json\/wp\/v2\/pages\/18874\/revisions"}],"predecessor-version":[{"id":18935,"href":"https:\/\/saludsinaloa.gob.mx\/index.php\/wp-json\/wp\/v2\/pages\/18874\/revisions\/18935"}],"wp:attachment":[{"href":"https:\/\/saludsinaloa.gob.mx\/index.php\/wp-json\/wp\/v2\/media?parent=18874"}],"curies":[{"name":"wp","href":"https:\/\/api.w.org\/{rel}","templated":true}]}}