{"id":17560,"date":"2024-08-06T20:28:19","date_gmt":"2024-08-06T20:28:19","guid":{"rendered":"https:\/\/saludsinaloa.gob.mx\/?page_id=17560"},"modified":"2024-08-06T21:34:33","modified_gmt":"2024-08-06T21:34:33","slug":"ejercicio-auditado-2023","status":"publish","type":"page","link":"https:\/\/saludsinaloa.gob.mx\/index.php\/ejercicio-auditado-2023\/","title":{"rendered":"Ejercicio-Auditado-2023"},"content":{"rendered":"<p><a href=\"https:\/\/saludsinaloa.gob.mx\/wp-content\/uploads\/2024\/08\/Inicio-CENTRO-DE-SALUD-URBANO-MOCHIS-II.pdf\">Auditor\u00eda Centro De Salud Urbano Los Mochis II (Inicio)<\/a><\/p>\n<p><a href=\"https:\/\/saludsinaloa.gob.mx\/wp-content\/uploads\/2024\/08\/Informe-Final-CENTRO-DE-SALUD-URBANO-MOCHIS-II.pdf\">Auditor\u00eda Centro De Salud Urbano Los Mochis II (Informe Final)<\/a><\/p>\n<p><a href=\"https:\/\/saludsinaloa.gob.mx\/wp-content\/uploads\/2024\/08\/Inicio-HOSPITAL-INTEGRAL-DE-SINALOA-DE-LEYVA.pdf\">Auditor\u00eda Hospital Integral De Sinaloa De Leyva (Inicio)<\/a><\/p>\n<p><a href=\"https:\/\/saludsinaloa.gob.mx\/wp-content\/uploads\/2024\/08\/Informe-Final-HOSPITAL-INTEGRAL-DE-SINALOA-DE-LEYVA.pdf\">Auditor\u00eda Hospital Integral De Sinaloa De Leyva (Informe Final)<\/a><\/p>\n<p><a href=\"https:\/\/saludsinaloa.gob.mx\/wp-content\/uploads\/2024\/08\/inicio-JURIDICCION-SANITARIA-II.pdf\">Auditor\u00eda Jurisdicci\u00f3n Sanitaria II (Inicio)<\/a><\/p>\n<p><a href=\"https:\/\/saludsinaloa.gob.mx\/wp-content\/uploads\/2024\/08\/Informe-Final-JURIDICCION-SANITARIA-II.pdf\">Auditor\u00eda Jurisdicci\u00f3n Sanitaria II (Informe Final)<\/a><\/p>\n<p><a href=\"https:\/\/saludsinaloa.gob.mx\/wp-content\/uploads\/2024\/08\/Inicio-C.-S.-R.-C.-DE-EL-ROSARIO.pdf\">Auditor\u00eda C.S.R.C De El Rosario (Inicio)<\/a><\/p>\n<p><a href=\"https:\/\/saludsinaloa.gob.mx\/wp-content\/uploads\/2024\/08\/Informe-Final-C.-S.-R.-C.-DE-EL-ROSARIO.pdf\">Auditor\u00eda C.S.R.C De El Rosario (Informe Final)<\/a><\/p>\n<p><a href=\"https:\/\/saludsinaloa.gob.mx\/wp-content\/uploads\/2024\/08\/Inicio-HOSPITAL-GENERAL-DE-MAZATLAN.pdf\">Auditor\u00eda Hospital General De Mazatlan (Inicio)<\/a><\/p>\n<p><a href=\"https:\/\/saludsinaloa.gob.mx\/wp-content\/uploads\/2024\/08\/Informe-Final-HOSPITAL-GENERAL-DE-MAZATLAN.pdf\">Auditor\u00eda Hospital General De Mazatlan (Informe Final)<\/a><\/p>\n<p><a href=\"https:\/\/saludsinaloa.gob.mx\/wp-content\/uploads\/2024\/08\/Inicio-HOSPITAL-INTEGRAL-EL-ROSARIO.pdf\">Auditor\u00eda Hospital Integral de El Rosario (Inicio)<\/a><\/p>\n<p><a href=\"https:\/\/saludsinaloa.gob.mx\/wp-content\/uploads\/2024\/08\/Informe-Final-HOSPITAL-INTEGRAL-EL-ROSARIO.pdf\">Auditor\u00eda Hospital Integral de El Rosario (Informe Final)<\/a><\/p>\n<p><a href=\"https:\/\/saludsinaloa.gob.mx\/wp-content\/uploads\/2024\/08\/Inicio-HOSPITAL-INTEGRAL-DE-CONCORDIA.pdf\">Auditor\u00eda Hospital Integral Concordia (inicio)<\/a><\/p>\n<p><a href=\"https:\/\/saludsinaloa.gob.mx\/wp-content\/uploads\/2024\/08\/Informe-Final-HOSPITAL-INTEGRAL-DE-CONCORDIA.pdf\">Auditor\u00eda Hospital Integral Concordia (Informe Final)<\/a><\/p>\n<p><a href=\"https:\/\/saludsinaloa.gob.mx\/wp-content\/uploads\/2024\/08\/Inicio-HOSPITAL-GENERAL-DE-GUAMUCHIL.pdf\">Auditor\u00eda Hospital General Guamuchil(Inicio)<\/a><\/p>\n<p><a href=\"https:\/\/saludsinaloa.gob.mx\/wp-content\/uploads\/2024\/08\/Informe-Final-HOSPITAL-GENERAL-DE-GUAMUCHIL.pdf\">Auditor\u00eda Hospital General Guamuchil (Informe Final)<\/a><\/p>\n<p><a href=\"https:\/\/saludsinaloa.gob.mx\/wp-content\/uploads\/2024\/08\/Inicio-CENTRO-DE-SALUD-RURAL-CONC.-LA-CRUZ.pdf\">Auditor\u00eda Centro De Salud Rural Conc La Cruz (Inicio)<\/a><\/p>\n<p><a href=\"https:\/\/saludsinaloa.gob.mx\/wp-content\/uploads\/2024\/08\/Informe-Final-CENTRO-DE-SALUD-RURAL-CONC.-LA-CRUZ.pdf\">Auditor\u00eda Centro De Salud Rural Conc La Cruz(Informe Final)<\/a><\/p>\n<p><a href=\"https:\/\/saludsinaloa.gob.mx\/wp-content\/uploads\/2024\/08\/Inicio-HOSPITAL-INTEGRAL-DE-NAVOLATO.pdf\">Auditor\u00eda Hospital Integral De Navolato (Inicio)<\/a><\/p>\n<p><a href=\"https:\/\/saludsinaloa.gob.mx\/wp-content\/uploads\/2024\/08\/Informe-Final-HOSPITAL-INTEGRAL-DE-NAVOLATO.pdf\">Auditor\u00eda Hospital Integral De Navolato (Informe Final)<\/a><\/p>\n<p><a href=\"https:\/\/saludsinaloa.gob.mx\/wp-content\/uploads\/2024\/08\/Inicio-HOSPITAL-INTEGRAL-DE-ANGOSTURA.pdf\">Auditor\u00eda Hospital Integral De Angostura(Inicio)<\/a><\/p>\n<p><a href=\"http:\/\/saludsinaloa.gob.mx\/wp-content\/uploads\/2023\/10\/Auditoria-Hospital-de-la-Mujer-Informe-Final.pdf\">Auditor\u00eda Hospital Integral De Angostura (Informe Final)<\/a><\/p>\n<p><a href=\"https:\/\/saludsinaloa.gob.mx\/wp-content\/uploads\/2024\/08\/Inicio-CENTRO-DE-SALUD-URBANO-GUASAVE.pdf\">Auditor\u00eda Centro de Salud Urbano Guasave (Inicio)<\/a><\/p>\n<p><a href=\"https:\/\/saludsinaloa.gob.mx\/wp-content\/uploads\/2024\/08\/Informe-Final-CENTRO-DE-SALUD-URBANO-GUASAVE.pdf\">Auditor\u00eda Centro de Salud Urbano Guasave (Informe Final)<\/a><\/p>\n<p><a href=\"https:\/\/saludsinaloa.gob.mx\/wp-content\/uploads\/2024\/08\/InicioHOSPITAL-INTEGRAL-DEL-VALLE-DE-SAN-LORENZO.pdf\">Auditor\u00eda Hospital Integral Del Valle De San Lorenzo (Inicio)<\/a><\/p>\n<p><a href=\"https:\/\/saludsinaloa.gob.mx\/wp-content\/uploads\/2024\/08\/Inicio-HOSPITAL-INTEGRAL-DE-BADIRAGUATO.pdf\">Auditor\u00eda Hospital Integral De Badiraguato (Inicio)<\/a><\/p>\n<p><a href=\"https:\/\/saludsinaloa.gob.mx\/wp-content\/uploads\/2024\/08\/Informe-Final-HOSPITAL-INTEGRAL-DE-BADIRAGUATO.pdf\">Auditor\u00eda Hospital Integral De Badiraguato (Informe Final)<\/a><\/p>\n","protected":false},"excerpt":{"rendered":"<p>Auditor\u00eda Centro De Salud Urbano Los Mochis II (Inicio) Auditor\u00eda Centro De Salud Urbano Los Mochis II (Informe Final) Auditor\u00eda Hospital Integral De Sinaloa De Leyva (Inicio) Auditor\u00eda Hospital Integral De Sinaloa De Leyva (Informe Final) Auditor\u00eda Jurisdicci\u00f3n Sanitaria II (Inicio) Auditor\u00eda Jurisdicci\u00f3n Sanitaria II (Informe Final) Auditor\u00eda C.S.R.C De El Rosario (Inicio) Auditor\u00eda C.S.R.C [&hellip;]<\/p>\n","protected":false},"author":7,"featured_media":0,"parent":0,"menu_order":0,"comment_status":"closed","ping_status":"closed","template":"","meta":{"footnotes":""},"class_list":["post-17560","page","type-page","status-publish","hentry"],"_links":{"self":[{"href":"https:\/\/saludsinaloa.gob.mx\/index.php\/wp-json\/wp\/v2\/pages\/17560","targetHints":{"allow":["GET"]}}],"collection":[{"href":"https:\/\/saludsinaloa.gob.mx\/index.php\/wp-json\/wp\/v2\/pages"}],"about":[{"href":"https:\/\/saludsinaloa.gob.mx\/index.php\/wp-json\/wp\/v2\/types\/page"}],"author":[{"embeddable":true,"href":"https:\/\/saludsinaloa.gob.mx\/index.php\/wp-json\/wp\/v2\/users\/7"}],"replies":[{"embeddable":true,"href":"https:\/\/saludsinaloa.gob.mx\/index.php\/wp-json\/wp\/v2\/comments?post=17560"}],"version-history":[{"count":37,"href":"https:\/\/saludsinaloa.gob.mx\/index.php\/wp-json\/wp\/v2\/pages\/17560\/revisions"}],"predecessor-version":[{"id":17625,"href":"https:\/\/saludsinaloa.gob.mx\/index.php\/wp-json\/wp\/v2\/pages\/17560\/revisions\/17625"}],"wp:attachment":[{"href":"https:\/\/saludsinaloa.gob.mx\/index.php\/wp-json\/wp\/v2\/media?parent=17560"}],"curies":[{"name":"wp","href":"https:\/\/api.w.org\/{rel}","templated":true}]}}