{"id":1734,"date":"2017-06-30T18:27:41","date_gmt":"2017-06-30T18:27:41","guid":{"rendered":"http:\/\/wpress2.saludsinaloa.gob.mx\/wordpress\/?page_id=1734"},"modified":"2018-05-15T20:49:09","modified_gmt":"2018-05-15T20:49:09","slug":"1734-2","status":"publish","type":"page","link":"https:\/\/saludsinaloa.gob.mx\/index.php\/1734-2\/","title":{"rendered":"Fondo de Protecci\u00f3n contra Gastos Catastr\u00f3ficos"},"content":{"rendered":"<p><strong>NORMATIVIDAD Y REGLAMENTACI\u00d3N<\/strong><\/p>\n<h3 class=\"widget-title\" style=\"color: #999!important;\">Normatividad Seguro Popular<\/h3>\n<p><a href=\"http:\/\/www.seguropopular-sinaloa.gob.mx\/wp-content\/uploads\/2017\/08\/FONDO-DE-PROTECCION-CONTRA-GASTOS-CATASTROFICOS.pdf\" target=\"_blank\" rel=\"noopener\">Fondo de Protecci\u00f3n contra Gastos Catastr\u00f3ficos<\/a><\/p>\n<p>&nbsp;<\/p>\n<p>&nbsp;<\/p>\n","protected":false},"excerpt":{"rendered":"<p>NORMATIVIDAD Y REGLAMENTACI\u00d3N Normatividad Seguro Popular Fondo de Protecci\u00f3n contra Gastos Catastr\u00f3ficos &nbsp; &nbsp;<\/p>\n","protected":false},"author":1,"featured_media":0,"parent":0,"menu_order":0,"comment_status":"closed","ping_status":"closed","template":"templates\/full-width-page.php","meta":{"footnotes":""},"class_list":["post-1734","page","type-page","status-publish","hentry"],"_links":{"self":[{"href":"https:\/\/saludsinaloa.gob.mx\/index.php\/wp-json\/wp\/v2\/pages\/1734","targetHints":{"allow":["GET"]}}],"collection":[{"href":"https:\/\/saludsinaloa.gob.mx\/index.php\/wp-json\/wp\/v2\/pages"}],"about":[{"href":"https:\/\/saludsinaloa.gob.mx\/index.php\/wp-json\/wp\/v2\/types\/page"}],"author":[{"embeddable":true,"href":"https:\/\/saludsinaloa.gob.mx\/index.php\/wp-json\/wp\/v2\/users\/1"}],"replies":[{"embeddable":true,"href":"https:\/\/saludsinaloa.gob.mx\/index.php\/wp-json\/wp\/v2\/comments?post=1734"}],"version-history":[{"count":5,"href":"https:\/\/saludsinaloa.gob.mx\/index.php\/wp-json\/wp\/v2\/pages\/1734\/revisions"}],"predecessor-version":[{"id":1751,"href":"https:\/\/saludsinaloa.gob.mx\/index.php\/wp-json\/wp\/v2\/pages\/1734\/revisions\/1751"}],"wp:attachment":[{"href":"https:\/\/saludsinaloa.gob.mx\/index.php\/wp-json\/wp\/v2\/media?parent=1734"}],"curies":[{"name":"wp","href":"https:\/\/api.w.org\/{rel}","templated":true}]}}