{"id":1673,"date":"2017-06-30T19:55:13","date_gmt":"2017-06-30T19:55:13","guid":{"rendered":"http:\/\/wpress2.saludsinaloa.gob.mx\/wordpress\/?page_id=1673"},"modified":"2018-05-15T20:46:49","modified_gmt":"2018-05-15T20:46:49","slug":"acuerdo-de-coordinacion-que-celebran-la-secretaria-de-salud-y-el-estado-de-sinaloa-para-la-tramitacion-y-expedicion-de-certificados-para-exportacion-de-productos-pesqueros","status":"publish","type":"page","link":"https:\/\/saludsinaloa.gob.mx\/index.php\/acuerdo-de-coordinacion-que-celebran-la-secretaria-de-salud-y-el-estado-de-sinaloa-para-la-tramitacion-y-expedicion-de-certificados-para-exportacion-de-productos-pesqueros\/","title":{"rendered":"Acuerdo de Coordinaci\u00f3n que Celebran la Secretar\u00eda de Salud y el Estado de Sinaloa, para la tramitaci\u00f3n y Expedici\u00f3n de Certificados para Exportaci\u00f3n de Productos Pesqueros"},"content":{"rendered":"<p><strong>NORMATIVIDAD Y REGLAMENTACI\u00d3N<\/strong><\/p>\n<h3 class=\"widget-title\" style=\"color: #999!important;\">Marco Jur\u00eddico Estatal<\/h3>\n<p><strong>Acuerdos, Lineamientos, etc.<\/strong><\/p>\n<p><a href=\"http:\/\/wpress2.saludsinaloa.gob.mx\/wordpress\/wp-content\/uploads\/2017\/marco-juridico\/estatal\/acuerdoprodpesqueros.pdf\" target=\"_blank\" rel=\"noopener\">ACUERDO DE COORDINACI\u00d3N QUE CELEBRAN LA SECRETAR\u00cdA DE SALUD Y EL ESTADO DE SINALOA, PARA LA TRAMITACI\u00d3N Y EXPEDICI\u00d3N DE CERTIFICADOS PARA EXPORTACI\u00d3N DE PRODUCTOS PESQUEROS<\/a><\/p>\n<p>[gview file=&#8221;http:\/\/wpress2.saludsinaloa.gob.mx\/wordpress\/wp-content\/uploads\/2017\/marco-juridico\/estatal\/acuerdoprodpesqueros.pdf&#8221;]<\/p>\n<p>&nbsp;<\/p>\n","protected":false},"excerpt":{"rendered":"<p>NORMATIVIDAD Y REGLAMENTACI\u00d3N Marco Jur\u00eddico Estatal Acuerdos, Lineamientos, etc. ACUERDO DE COORDINACI\u00d3N QUE CELEBRAN LA SECRETAR\u00cdA DE SALUD Y EL ESTADO DE SINALOA, PARA LA TRAMITACI\u00d3N Y EXPEDICI\u00d3N DE CERTIFICADOS PARA EXPORTACI\u00d3N DE PRODUCTOS PESQUEROS [gview file=&#8221;http:\/\/wpress2.saludsinaloa.gob.mx\/wordpress\/wp-content\/uploads\/2017\/marco-juridico\/estatal\/acuerdoprodpesqueros.pdf&#8221;] &nbsp;<\/p>\n","protected":false},"author":1,"featured_media":0,"parent":0,"menu_order":0,"comment_status":"closed","ping_status":"closed","template":"templates\/full-width-page.php","meta":{"footnotes":""},"class_list":["post-1673","page","type-page","status-publish","hentry"],"_links":{"self":[{"href":"https:\/\/saludsinaloa.gob.mx\/index.php\/wp-json\/wp\/v2\/pages\/1673","targetHints":{"allow":["GET"]}}],"collection":[{"href":"https:\/\/saludsinaloa.gob.mx\/index.php\/wp-json\/wp\/v2\/pages"}],"about":[{"href":"https:\/\/saludsinaloa.gob.mx\/index.php\/wp-json\/wp\/v2\/types\/page"}],"author":[{"embeddable":true,"href":"https:\/\/saludsinaloa.gob.mx\/index.php\/wp-json\/wp\/v2\/users\/1"}],"replies":[{"embeddable":true,"href":"https:\/\/saludsinaloa.gob.mx\/index.php\/wp-json\/wp\/v2\/comments?post=1673"}],"version-history":[{"count":1,"href":"https:\/\/saludsinaloa.gob.mx\/index.php\/wp-json\/wp\/v2\/pages\/1673\/revisions"}],"predecessor-version":[{"id":1674,"href":"https:\/\/saludsinaloa.gob.mx\/index.php\/wp-json\/wp\/v2\/pages\/1673\/revisions\/1674"}],"wp:attachment":[{"href":"https:\/\/saludsinaloa.gob.mx\/index.php\/wp-json\/wp\/v2\/media?parent=1673"}],"curies":[{"name":"wp","href":"https:\/\/api.w.org\/{rel}","templated":true}]}}