{"id":1627,"date":"2016-06-30T19:31:58","date_gmt":"2016-06-30T19:31:58","guid":{"rendered":"http:\/\/wpress2.saludsinaloa.gob.mx\/wordpress\/?page_id=1627"},"modified":"2018-05-15T20:49:42","modified_gmt":"2018-05-15T20:49:42","slug":"ley-organica-de-la-administracion-publica-del-estado-de-sinaloa","status":"publish","type":"page","link":"https:\/\/saludsinaloa.gob.mx\/index.php\/ley-organica-de-la-administracion-publica-del-estado-de-sinaloa\/","title":{"rendered":"Ley Org\u00e1nica de la Administraci\u00f3n P\u00fablica del Estado de Sinaloa"},"content":{"rendered":"<p><strong>NORMATIVIDAD Y REGLAMENTACI\u00d3N<\/strong><\/p>\n<h3 class=\"widget-title\" style=\"color: #999!important;\">Marco Jur\u00eddico Estatal<\/h3>\n<p><strong>Leyes<\/strong><\/p>\n<p><a href=\"http:\/\/wpress2.saludsinaloa.gob.mx\/wordpress\/wp-content\/uploads\/2017\/marco-juridico\/estatal\/ley organica admon publica.pdf\" target=\"_blank\" rel=\"noopener\">LEY ORG\u00c1NICA DE LA ADMINISTRACI\u00d3N P\u00daBLICA DEL ESTADO DE SINALOA<\/a><\/p>\n<p>[gview file=&#8221;http:\/\/wpress2.saludsinaloa.gob.mx\/wordpress\/wp-content\/uploads\/2017\/marco-juridico\/estatal\/ley organica admon publica.pdf&#8221;]<\/p>\n<p>&nbsp;<\/p>\n","protected":false},"excerpt":{"rendered":"<p>NORMATIVIDAD Y REGLAMENTACI\u00d3N Marco Jur\u00eddico Estatal Leyes LEY ORG\u00c1NICA DE LA ADMINISTRACI\u00d3N P\u00daBLICA DEL ESTADO DE SINALOA [gview file=&#8221;http:\/\/wpress2.saludsinaloa.gob.mx\/wordpress\/wp-content\/uploads\/2017\/marco-juridico\/estatal\/ley organica admon publica.pdf&#8221;] &nbsp;<\/p>\n","protected":false},"author":1,"featured_media":0,"parent":0,"menu_order":0,"comment_status":"closed","ping_status":"closed","template":"templates\/full-width-page.php","meta":{"footnotes":""},"class_list":["post-1627","page","type-page","status-publish","hentry"],"_links":{"self":[{"href":"https:\/\/saludsinaloa.gob.mx\/index.php\/wp-json\/wp\/v2\/pages\/1627","targetHints":{"allow":["GET"]}}],"collection":[{"href":"https:\/\/saludsinaloa.gob.mx\/index.php\/wp-json\/wp\/v2\/pages"}],"about":[{"href":"https:\/\/saludsinaloa.gob.mx\/index.php\/wp-json\/wp\/v2\/types\/page"}],"author":[{"embeddable":true,"href":"https:\/\/saludsinaloa.gob.mx\/index.php\/wp-json\/wp\/v2\/users\/1"}],"replies":[{"embeddable":true,"href":"https:\/\/saludsinaloa.gob.mx\/index.php\/wp-json\/wp\/v2\/comments?post=1627"}],"version-history":[{"count":1,"href":"https:\/\/saludsinaloa.gob.mx\/index.php\/wp-json\/wp\/v2\/pages\/1627\/revisions"}],"predecessor-version":[{"id":1628,"href":"https:\/\/saludsinaloa.gob.mx\/index.php\/wp-json\/wp\/v2\/pages\/1627\/revisions\/1628"}],"wp:attachment":[{"href":"https:\/\/saludsinaloa.gob.mx\/index.php\/wp-json\/wp\/v2\/media?parent=1627"}],"curies":[{"name":"wp","href":"https:\/\/api.w.org\/{rel}","templated":true}]}}