{"id":1605,"date":"2016-06-30T18:56:25","date_gmt":"2016-06-30T18:56:25","guid":{"rendered":"http:\/\/wpress2.saludsinaloa.gob.mx\/wordpress\/?page_id=1605"},"modified":"2018-05-15T20:49:27","modified_gmt":"2018-05-15T20:49:27","slug":"ley-de-entrega-y-recepcion-de-los-asuntos-y-recursos-publicos-del-estado-de-sinaloa","status":"publish","type":"page","link":"https:\/\/saludsinaloa.gob.mx\/index.php\/ley-de-entrega-y-recepcion-de-los-asuntos-y-recursos-publicos-del-estado-de-sinaloa\/","title":{"rendered":"Ley de Entrega y Recepci\u00f3n de los Asuntos y  Recursos P\u00fablicos del Estado de Sinaloa"},"content":{"rendered":"<p><strong>NORMATIVIDAD Y REGLAMENTACI\u00d3N<\/strong><\/p>\n<h3 class=\"widget-title\" style=\"color: #999!important;\">Marco Jur\u00eddico Estatal<\/h3>\n<p><strong>Leyes<\/strong><\/p>\n<p><a href=\"http:\/\/wpress2.saludsinaloa.gob.mx\/wordpress\/wp-content\/uploads\/2017\/marco-juridico\/estatal\/ley entrega recepcion.pdf\" target=\"_blank\" rel=\"noopener\">LEY DE ENTREGA Y RECEPCI\u00d3N DE LOS ASUNTOS Y RECURSOS<br \/>\nP\u00daBLICOS DEL ESTADO DE SINALOA<\/a><\/p>\n<p>[gview file=&#8221;http:\/\/wpress2.saludsinaloa.gob.mx\/wordpress\/wp-content\/uploads\/2017\/marco-juridico\/estatal\/ley entrega recepcion.pdf&#8221;]<\/p>\n<p>&nbsp;<\/p>\n","protected":false},"excerpt":{"rendered":"<p>NORMATIVIDAD Y REGLAMENTACI\u00d3N Marco Jur\u00eddico Estatal Leyes LEY DE ENTREGA Y RECEPCI\u00d3N DE LOS ASUNTOS Y RECURSOS P\u00daBLICOS DEL ESTADO DE SINALOA [gview file=&#8221;http:\/\/wpress2.saludsinaloa.gob.mx\/wordpress\/wp-content\/uploads\/2017\/marco-juridico\/estatal\/ley entrega recepcion.pdf&#8221;] &nbsp;<\/p>\n","protected":false},"author":1,"featured_media":0,"parent":0,"menu_order":0,"comment_status":"closed","ping_status":"closed","template":"templates\/full-width-page.php","meta":{"footnotes":""},"class_list":["post-1605","page","type-page","status-publish","hentry"],"_links":{"self":[{"href":"https:\/\/saludsinaloa.gob.mx\/index.php\/wp-json\/wp\/v2\/pages\/1605","targetHints":{"allow":["GET"]}}],"collection":[{"href":"https:\/\/saludsinaloa.gob.mx\/index.php\/wp-json\/wp\/v2\/pages"}],"about":[{"href":"https:\/\/saludsinaloa.gob.mx\/index.php\/wp-json\/wp\/v2\/types\/page"}],"author":[{"embeddable":true,"href":"https:\/\/saludsinaloa.gob.mx\/index.php\/wp-json\/wp\/v2\/users\/1"}],"replies":[{"embeddable":true,"href":"https:\/\/saludsinaloa.gob.mx\/index.php\/wp-json\/wp\/v2\/comments?post=1605"}],"version-history":[{"count":1,"href":"https:\/\/saludsinaloa.gob.mx\/index.php\/wp-json\/wp\/v2\/pages\/1605\/revisions"}],"predecessor-version":[{"id":1606,"href":"https:\/\/saludsinaloa.gob.mx\/index.php\/wp-json\/wp\/v2\/pages\/1605\/revisions\/1606"}],"wp:attachment":[{"href":"https:\/\/saludsinaloa.gob.mx\/index.php\/wp-json\/wp\/v2\/media?parent=1605"}],"curies":[{"name":"wp","href":"https:\/\/api.w.org\/{rel}","templated":true}]}}