{"id":1567,"date":"2016-06-30T18:06:23","date_gmt":"2016-06-30T18:06:23","guid":{"rendered":"http:\/\/wpress2.saludsinaloa.gob.mx\/wordpress\/?page_id=1567"},"modified":"2018-05-15T20:48:05","modified_gmt":"2018-05-15T20:48:05","slug":"codigo-de-procedimientos-civiles-para-el-estado-de-sinaloa","status":"publish","type":"page","link":"https:\/\/saludsinaloa.gob.mx\/index.php\/codigo-de-procedimientos-civiles-para-el-estado-de-sinaloa\/","title":{"rendered":"C\u00f3digo de Procedimientos Civiles para el Estado de Sinaloa"},"content":{"rendered":"<p><strong>NORMATIVIDAD Y REGLAMENTACI\u00d3N<\/strong><\/p>\n<h3 class=\"widget-title\" style=\"color: #999!important;\">Marco Jur\u00eddico Estatal<\/h3>\n<p><strong>C\u00f3digos<\/strong><\/p>\n<p><a href=\"http:\/\/wpress2.saludsinaloa.gob.mx\/wordpress\/wp-content\/uploads\/2017\/marco-juridico\/estatal\/CODIGO DE PROCEDIMIENTOS CIVILES DEL ESTADO DE SINALOA.PDF\" target=\"_blank\" rel=\"noopener\">C\u00d3DIGO DE PROCEDIMIENTOS CIVILES PARA EL ESTADO DE SINALOA<\/a><\/p>\n<p>[gview file=&#8221;http:\/\/wpress2.saludsinaloa.gob.mx\/wordpress\/wp-content\/uploads\/2017\/marco-juridico\/estatal\/CODIGO DE PROCEDIMIENTOS CIVILES DEL ESTADO DE SINALOA.PDF&#8221;]<\/p>\n<p>&nbsp;<\/p>\n","protected":false},"excerpt":{"rendered":"<p>NORMATIVIDAD Y REGLAMENTACI\u00d3N Marco Jur\u00eddico Estatal C\u00f3digos C\u00d3DIGO DE PROCEDIMIENTOS CIVILES PARA EL ESTADO DE SINALOA [gview file=&#8221;http:\/\/wpress2.saludsinaloa.gob.mx\/wordpress\/wp-content\/uploads\/2017\/marco-juridico\/estatal\/CODIGO DE PROCEDIMIENTOS CIVILES DEL ESTADO DE SINALOA.PDF&#8221;] &nbsp;<\/p>\n","protected":false},"author":1,"featured_media":0,"parent":0,"menu_order":0,"comment_status":"closed","ping_status":"closed","template":"templates\/full-width-page.php","meta":{"footnotes":""},"class_list":["post-1567","page","type-page","status-publish","hentry"],"_links":{"self":[{"href":"https:\/\/saludsinaloa.gob.mx\/index.php\/wp-json\/wp\/v2\/pages\/1567","targetHints":{"allow":["GET"]}}],"collection":[{"href":"https:\/\/saludsinaloa.gob.mx\/index.php\/wp-json\/wp\/v2\/pages"}],"about":[{"href":"https:\/\/saludsinaloa.gob.mx\/index.php\/wp-json\/wp\/v2\/types\/page"}],"author":[{"embeddable":true,"href":"https:\/\/saludsinaloa.gob.mx\/index.php\/wp-json\/wp\/v2\/users\/1"}],"replies":[{"embeddable":true,"href":"https:\/\/saludsinaloa.gob.mx\/index.php\/wp-json\/wp\/v2\/comments?post=1567"}],"version-history":[{"count":2,"href":"https:\/\/saludsinaloa.gob.mx\/index.php\/wp-json\/wp\/v2\/pages\/1567\/revisions"}],"predecessor-version":[{"id":1569,"href":"https:\/\/saludsinaloa.gob.mx\/index.php\/wp-json\/wp\/v2\/pages\/1567\/revisions\/1569"}],"wp:attachment":[{"href":"https:\/\/saludsinaloa.gob.mx\/index.php\/wp-json\/wp\/v2\/media?parent=1567"}],"curies":[{"name":"wp","href":"https:\/\/api.w.org\/{rel}","templated":true}]}}