{"id":1553,"date":"2018-03-08T17:51:36","date_gmt":"2018-03-08T17:51:36","guid":{"rendered":"http:\/\/wpress2.saludsinaloa.gob.mx\/wordpress\/?page_id=1553"},"modified":"2018-05-15T20:49:56","modified_gmt":"2018-05-15T20:49:56","slug":"lineamientos-para-evaluar-la-satisfaccion-del-usuario-del-sistema-de-proteccion-social-en-salud","status":"publish","type":"page","link":"https:\/\/saludsinaloa.gob.mx\/index.php\/lineamientos-para-evaluar-la-satisfaccion-del-usuario-del-sistema-de-proteccion-social-en-salud\/","title":{"rendered":"Lineamientos para Evaluar la Satisfacci\u00f3n del Usuario del Sistema de Protecci\u00f3n Social en Salud"},"content":{"rendered":"<p><strong>NORMATIVIDAD Y REGLAMENTACI\u00d3N<\/strong><\/p>\n<h3 class=\"widget-title\" style=\"color: #999!important;\">Marco Jur\u00eddico Federal<\/h3>\n<p><strong>Acuerdos, Lineamientos, etc.<\/strong><\/p>\n<p><a href=\"http:\/\/wpress2.saludsinaloa.gob.mx\/wordpress\/wp-content\/uploads\/2017\/marco-juridico\/federal\/cj14.pdf\" target=\"_blank\" rel=\"noopener\">LINEAMIENTOS PARA EVALUAR LA SATISFACCI\u00d3N DEL USUARIO DEL SISTEMA DE PROTECCI\u00d3N<br \/>\nSOCIAL EN SALUD.<\/a><\/p>\n<p>[gview file=&#8221;http:\/\/wpress2.saludsinaloa.gob.mx\/wordpress\/wp-content\/uploads\/2017\/marco-juridico\/federal\/cj14.pdf&#8221;]<\/p>\n<p>&nbsp;<\/p>\n","protected":false},"excerpt":{"rendered":"<p>NORMATIVIDAD Y REGLAMENTACI\u00d3N Marco Jur\u00eddico Federal Acuerdos, Lineamientos, etc. LINEAMIENTOS PARA EVALUAR LA SATISFACCI\u00d3N DEL USUARIO DEL SISTEMA DE PROTECCI\u00d3N SOCIAL EN SALUD. [gview file=&#8221;http:\/\/wpress2.saludsinaloa.gob.mx\/wordpress\/wp-content\/uploads\/2017\/marco-juridico\/federal\/cj14.pdf&#8221;] &nbsp;<\/p>\n","protected":false},"author":1,"featured_media":0,"parent":0,"menu_order":0,"comment_status":"closed","ping_status":"closed","template":"templates\/full-width-page.php","meta":{"footnotes":""},"class_list":["post-1553","page","type-page","status-publish","hentry"],"_links":{"self":[{"href":"https:\/\/saludsinaloa.gob.mx\/index.php\/wp-json\/wp\/v2\/pages\/1553","targetHints":{"allow":["GET"]}}],"collection":[{"href":"https:\/\/saludsinaloa.gob.mx\/index.php\/wp-json\/wp\/v2\/pages"}],"about":[{"href":"https:\/\/saludsinaloa.gob.mx\/index.php\/wp-json\/wp\/v2\/types\/page"}],"author":[{"embeddable":true,"href":"https:\/\/saludsinaloa.gob.mx\/index.php\/wp-json\/wp\/v2\/users\/1"}],"replies":[{"embeddable":true,"href":"https:\/\/saludsinaloa.gob.mx\/index.php\/wp-json\/wp\/v2\/comments?post=1553"}],"version-history":[{"count":1,"href":"https:\/\/saludsinaloa.gob.mx\/index.php\/wp-json\/wp\/v2\/pages\/1553\/revisions"}],"predecessor-version":[{"id":1554,"href":"https:\/\/saludsinaloa.gob.mx\/index.php\/wp-json\/wp\/v2\/pages\/1553\/revisions\/1554"}],"wp:attachment":[{"href":"https:\/\/saludsinaloa.gob.mx\/index.php\/wp-json\/wp\/v2\/media?parent=1553"}],"curies":[{"name":"wp","href":"https:\/\/api.w.org\/{rel}","templated":true}]}}