{"id":1547,"date":"2016-06-30T17:39:08","date_gmt":"2016-06-30T17:39:08","guid":{"rendered":"http:\/\/wpress2.saludsinaloa.gob.mx\/wordpress\/?page_id=1547"},"modified":"2018-05-15T20:46:49","modified_gmt":"2018-05-15T20:46:49","slug":"acuerdo-por-el-que-se-establece-la-comision-para-definir-tratamientos-y-medicamentos-asociados-a-enfermedades-que-ocasionan-gastos-catastroficos","status":"publish","type":"page","link":"https:\/\/saludsinaloa.gob.mx\/index.php\/acuerdo-por-el-que-se-establece-la-comision-para-definir-tratamientos-y-medicamentos-asociados-a-enfermedades-que-ocasionan-gastos-catastroficos\/","title":{"rendered":"Acuerdo por el que se Establece la Comisi\u00f3n para Definir Tratamientos y Medicamentos Asociados a Enfermedades que Ocasionan Gastos Catastr\u00f3ficos"},"content":{"rendered":"<p><strong>NORMATIVIDAD Y REGLAMENTACI\u00d3N<\/strong><\/p>\n<h3 class=\"widget-title\" style=\"color: #999!important;\">Marco Jur\u00eddico Federal<\/h3>\n<p><strong>Acuerdos, Lineamientos, etc.<\/strong><\/p>\n<p><a href=\"http:\/\/wpress2.saludsinaloa.gob.mx\/wordpress\/wp-content\/uploads\/2017\/marco-juridico\/federal\/cj06.pdf\" target=\"_blank\" rel=\"noopener\">ACUERDO POR EL QUE SE ESTABLECE LA COMISI\u00d3N PARA DEFINIR TRATAMIENTOS Y<br \/>\nMEDICAMENTOS ASOCIADOS A ENFERMEDADES QUE OCASIONAN GASTOS CATASTR\u00d3FICOS.<\/a><\/p>\n<p>[gview file=&#8221;http:\/\/wpress2.saludsinaloa.gob.mx\/wordpress\/wp-content\/uploads\/2017\/marco-juridico\/federal\/cj06.pdf&#8221;]<\/p>\n<p>&nbsp;<\/p>\n","protected":false},"excerpt":{"rendered":"<p>NORMATIVIDAD Y REGLAMENTACI\u00d3N Marco Jur\u00eddico Federal Acuerdos, Lineamientos, etc. ACUERDO POR EL QUE SE ESTABLECE LA COMISI\u00d3N PARA DEFINIR TRATAMIENTOS Y MEDICAMENTOS ASOCIADOS A ENFERMEDADES QUE OCASIONAN GASTOS CATASTR\u00d3FICOS. [gview file=&#8221;http:\/\/wpress2.saludsinaloa.gob.mx\/wordpress\/wp-content\/uploads\/2017\/marco-juridico\/federal\/cj06.pdf&#8221;] &nbsp;<\/p>\n","protected":false},"author":1,"featured_media":0,"parent":0,"menu_order":0,"comment_status":"closed","ping_status":"closed","template":"templates\/full-width-page.php","meta":{"footnotes":""},"class_list":["post-1547","page","type-page","status-publish","hentry"],"_links":{"self":[{"href":"https:\/\/saludsinaloa.gob.mx\/index.php\/wp-json\/wp\/v2\/pages\/1547","targetHints":{"allow":["GET"]}}],"collection":[{"href":"https:\/\/saludsinaloa.gob.mx\/index.php\/wp-json\/wp\/v2\/pages"}],"about":[{"href":"https:\/\/saludsinaloa.gob.mx\/index.php\/wp-json\/wp\/v2\/types\/page"}],"author":[{"embeddable":true,"href":"https:\/\/saludsinaloa.gob.mx\/index.php\/wp-json\/wp\/v2\/users\/1"}],"replies":[{"embeddable":true,"href":"https:\/\/saludsinaloa.gob.mx\/index.php\/wp-json\/wp\/v2\/comments?post=1547"}],"version-history":[{"count":1,"href":"https:\/\/saludsinaloa.gob.mx\/index.php\/wp-json\/wp\/v2\/pages\/1547\/revisions"}],"predecessor-version":[{"id":1548,"href":"https:\/\/saludsinaloa.gob.mx\/index.php\/wp-json\/wp\/v2\/pages\/1547\/revisions\/1548"}],"wp:attachment":[{"href":"https:\/\/saludsinaloa.gob.mx\/index.php\/wp-json\/wp\/v2\/media?parent=1547"}],"curies":[{"name":"wp","href":"https:\/\/api.w.org\/{rel}","templated":true}]}}