{"id":15004,"date":"2023-10-30T20:33:58","date_gmt":"2023-10-30T20:33:58","guid":{"rendered":"https:\/\/saludsinaloa.gob.mx\/?page_id=15004"},"modified":"2023-10-30T21:33:18","modified_gmt":"2023-10-30T21:33:18","slug":"ejercicio-auditado-2022","status":"publish","type":"page","link":"https:\/\/saludsinaloa.gob.mx\/index.php\/ejercicio-auditado-2022\/","title":{"rendered":"Ejercicio-Auditado-2022"},"content":{"rendered":"<p><a href=\"http:\/\/SALUDSINALOA.GOB.MX\/wp-content\/uploads\/2023\/10\/Auditoria-Uneme-Cisame-Los-Mochis-Inicio.pdf\">Auditor\u00eda Uneme Cisame Los Mochis (Inicio)<\/a><\/p>\n<p><a href=\"http:\/\/SALUDSINALOA.GOB.MX\/wp-content\/uploads\/2023\/10\/Auditoria-Uneme-Cisame-Los-Mochis-Informe-Final.pdf\">Auditor\u00eda Uneme Cisame Los Mochis (Informe Final)<\/a><\/p>\n<p><a href=\"http:\/\/SALUDSINALOA.GOB.MX\/wp-content\/uploads\/2023\/10\/Auditoria-Uneme-Cisame-Guamuchil-Inicio.pdf\">Auditor\u00eda Uneme Cisame Guamuchil (Inicio)<\/a><\/p>\n<p><a href=\"http:\/\/SALUDSINALOA.GOB.MX\/wp-content\/uploads\/2023\/10\/Auditoria-Uneme-Cisame-Guamuchil-Informe-Final.pdf\">Auditor\u00eda Uneme Cisame Guamuchil (Informe Final)<\/a><\/p>\n<p><a href=\"http:\/\/SALUDSINALOA.GOB.MX\/wp-content\/uploads\/2023\/10\/Auditoria-Jurisdiccion-Sanitaria-V-Inicio.pdf\">Auditor\u00eda Jurisdicci\u00f3n Sanitaria V (Inicio)<\/a><\/p>\n<p><a href=\"http:\/\/SALUDSINALOA.GOB.MX\/wp-content\/uploads\/2023\/10\/Auditoria-Jurisdiccion-Sanitaria-V-Informe-Final.pdf\">Auditor\u00eda Jurisdicci\u00f3n Sanitaria V (Informe Final)<\/a><\/p>\n<p><a href=\"http:\/\/SALUDSINALOA.GOB.MX\/wp-content\/uploads\/2023\/10\/Auditoria-Jurisdiccion-Sanitaria-IV-Inicio.pdf\">Auditor\u00eda Jurisdicci\u00f3n Sanitaria\u00a0 IV (Inicio)<\/a><\/p>\n<p><a href=\"http:\/\/SALUDSINALOA.GOB.MX\/wp-content\/uploads\/2023\/10\/Auditoria-Jurisdiccion-Sanitaria-IV-Informe-Final.pdf\">Auditor\u00eda Jurisdicci\u00f3n Sanitaria IV (Informe Final)<\/a><\/p>\n<p><a href=\"http:\/\/SALUDSINALOA.GOB.MX\/wp-content\/uploads\/2023\/10\/Auditoria-Instituto-Sinaloense-de-Cancerologia-Inicio.pdf\">Auditor\u00eda Instituto Sinaloense de Cancerolog\u00eda (Inicio)<\/a><\/p>\n<p><a href=\"http:\/\/SALUDSINALOA.GOB.MX\/wp-content\/uploads\/2023\/10\/Auditoria-Instituto-Sinaloense-de-Cancerologia-Informe-Final.pdf\">Auditor\u00eda Instituto Sinaloense de Cancerolog\u00eda (Informe Final)<\/a><\/p>\n<p><a href=\"http:\/\/SALUDSINALOA.GOB.MX\/wp-content\/uploads\/2023\/10\/Auditoria-Hospital-Integral-de-San-Ignacio-Inicio.pdf\">Auditor\u00eda Hospital Integral de San Ignacio (Inicio)<\/a><\/p>\n<p><a href=\"http:\/\/SALUDSINALOA.GOB.MX\/wp-content\/uploads\/2023\/10\/Auditoria-Hospital-Integral-de-San-Ignacio-Informe-Final.pdf\">Auditor\u00eda Hospital Integral de San Ignacio (Informe Final)<\/a><\/p>\n<p><a href=\"http:\/\/SALUDSINALOA.GOB.MX\/wp-content\/uploads\/2023\/10\/Auditoria-Hospital-Integral-Choix-inicio.pdf\">Auditor\u00eda Hospital Integral Choix (inicio)<\/a><\/p>\n<p><a href=\"http:\/\/SALUDSINALOA.GOB.MX\/wp-content\/uploads\/2023\/10\/Auditoria-Hospital-Integral-Choix-Informe-Final.pdf\">Auditor\u00eda Hospital Integral Choix (Informe Final)<\/a><\/p>\n<p><a href=\"http:\/\/SALUDSINALOA.GOB.MX\/wp-content\/uploads\/2023\/10\/Auditoria-Hospital-General-Guasave-Inicio.pdf\">Auditor\u00eda Hospital General Guasave (Inicio)<\/a><\/p>\n<p><a href=\"http:\/\/SALUDSINALOA.GOB.MX\/wp-content\/uploads\/2023\/10\/Auditoria-Hospital-General-Guasave-Informe-Final.pdf\">Auditor\u00eda Hospital General Guasave (Informe Final)<\/a><\/p>\n<p><a href=\"http:\/\/SALUDSINALOA.GOB.MX\/wp-content\/uploads\/2023\/10\/Auditoria-Hospital-General-Eldorado-Inicio.pdf\">Auditor\u00eda Hospital General Eldorado (Inicio)<\/a><\/p>\n<p><a href=\"http:\/\/SALUDSINALOA.GOB.MX\/wp-content\/uploads\/2023\/10\/Auditoria-Hospital-General-Eldorado-Informe-Final.pdf\">Auditor\u00eda Hospital General Eldorado (Informe Final)<\/a><\/p>\n<p><a href=\"http:\/\/SALUDSINALOA.GOB.MX\/wp-content\/uploads\/2023\/10\/Auditoria-Hospital-General-de-Culiacan-Inicio.pdf\">Auditor\u00eda Hospital General de Culiac\u00e1n (Inicio)<\/a><\/p>\n<p><a href=\"http:\/\/SALUDSINALOA.GOB.MX\/wp-content\/uploads\/2023\/10\/Auditoria-Hospital-General-de-Culiacan-Informe-Final.pdf\">Auditor\u00eda Hospital General de Culiac\u00e1n (Informe Final)<\/a><\/p>\n<p><a href=\"http:\/\/SALUDSINALOA.GOB.MX\/wp-content\/uploads\/2023\/10\/Auditoria-Hospital-de-la-Mujer-Inicio.pdf\">Auditor\u00eda Hospital de la Mujer (Inicio)<\/a><\/p>\n<p><a href=\"http:\/\/SALUDSINALOA.GOB.MX\/wp-content\/uploads\/2023\/10\/Auditoria-Hospital-de-la-Mujer-Informe-Final.pdf\">Auditor\u00eda Hospital de la Mujer (Informe Final)<\/a><\/p>\n<p><a href=\"http:\/\/SALUDSINALOA.GOB.MX\/wp-content\/uploads\/2023\/10\/Auditoria-Centro-de-Salud-Urbano-Guamuchil-Inicio.pdf\">Auditor\u00eda Centro de Salud Urbano Guamuchil (Inicio)<\/a><\/p>\n<p><a href=\"http:\/\/SALUDSINALOA.GOB.MX\/wp-content\/uploads\/2023\/10\/Auditoria-Centro-de-Salud-Urbano-Guamuchil-Informe-Final.pdf\">Auditor\u00eda Centro de Salud Urbano Guamuchil (Informe Final)<\/a><\/p>\n<p><a href=\"http:\/\/SALUDSINALOA.GOB.MX\/wp-content\/uploads\/2023\/10\/Auditoria-Centro-de-Higiene-Escolar-Inicio.pdf\">Auditor\u00eda Centro de Higiene Escolar (Inicio)<\/a><\/p>\n<p><a href=\"http:\/\/SALUDSINALOA.GOB.MX\/wp-content\/uploads\/2023\/10\/Auditoria-Centro-de-Higiene-Escolar-Informe-Final.pdf\">Auditor\u00eda Centro de Higiene Escolar (Informe Final)<\/a><\/p>\n<p><a href=\"http:\/\/SALUDSINALOA.GOB.MX\/wp-content\/uploads\/2023\/10\/Auditoria-Centro-de-Especialidades-Odontologicas-de-Navolato-Inicio.pdf\">Auditor\u00eda Centro de Especialidades Odontol\u00f3gicas de Navolato (Inicio)<\/a><\/p>\n<p><a href=\"http:\/\/SALUDSINALOA.GOB.MX\/wp-content\/uploads\/2023\/10\/Auditoria-Centro-de-Especialidades-Odoltologicas-de-Navolato-Informe-Final.pdf\">Auditor\u00eda Centro de Especialidades Odoltol\u00f3gicas de Navolato (Informe Final)<\/a><\/p>\n","protected":false},"excerpt":{"rendered":"<p>Auditor\u00eda Uneme Cisame Los Mochis (Inicio) Auditor\u00eda Uneme Cisame Los Mochis (Informe Final) Auditor\u00eda Uneme Cisame Guamuchil (Inicio) Auditor\u00eda Uneme Cisame Guamuchil (Informe Final) Auditor\u00eda Jurisdicci\u00f3n Sanitaria V (Inicio) Auditor\u00eda Jurisdicci\u00f3n Sanitaria V (Informe Final) Auditor\u00eda Jurisdicci\u00f3n Sanitaria\u00a0 IV (Inicio) Auditor\u00eda Jurisdicci\u00f3n Sanitaria IV (Informe Final) Auditor\u00eda Instituto Sinaloense de Cancerolog\u00eda (Inicio) Auditor\u00eda Instituto Sinaloense [&hellip;]<\/p>\n","protected":false},"author":1,"featured_media":0,"parent":0,"menu_order":0,"comment_status":"closed","ping_status":"closed","template":"","meta":{"footnotes":""},"class_list":["post-15004","page","type-page","status-publish","hentry"],"_links":{"self":[{"href":"https:\/\/saludsinaloa.gob.mx\/index.php\/wp-json\/wp\/v2\/pages\/15004","targetHints":{"allow":["GET"]}}],"collection":[{"href":"https:\/\/saludsinaloa.gob.mx\/index.php\/wp-json\/wp\/v2\/pages"}],"about":[{"href":"https:\/\/saludsinaloa.gob.mx\/index.php\/wp-json\/wp\/v2\/types\/page"}],"author":[{"embeddable":true,"href":"https:\/\/saludsinaloa.gob.mx\/index.php\/wp-json\/wp\/v2\/users\/1"}],"replies":[{"embeddable":true,"href":"https:\/\/saludsinaloa.gob.mx\/index.php\/wp-json\/wp\/v2\/comments?post=15004"}],"version-history":[{"count":31,"href":"https:\/\/saludsinaloa.gob.mx\/index.php\/wp-json\/wp\/v2\/pages\/15004\/revisions"}],"predecessor-version":[{"id":15066,"href":"https:\/\/saludsinaloa.gob.mx\/index.php\/wp-json\/wp\/v2\/pages\/15004\/revisions\/15066"}],"wp:attachment":[{"href":"https:\/\/saludsinaloa.gob.mx\/index.php\/wp-json\/wp\/v2\/media?parent=15004"}],"curies":[{"name":"wp","href":"https:\/\/api.w.org\/{rel}","templated":true}]}}