{"id":14567,"date":"2023-07-03T21:14:14","date_gmt":"2023-07-03T21:14:14","guid":{"rendered":"https:\/\/saludsinaloa.gob.mx\/?page_id=14567"},"modified":"2024-02-01T00:53:12","modified_gmt":"2024-02-01T00:53:12","slug":"cuenta-publica-2023","status":"publish","type":"page","link":"https:\/\/saludsinaloa.gob.mx\/index.php\/cuenta-publica-2023\/","title":{"rendered":"Cuenta P\u00fablica 2023"},"content":{"rendered":"<h3><a href=\"http:\/\/saludsinaloa.gob.mx\/index.php\/gasto-en-salud\/\">Regresar<\/a><\/h3>\n<p>&nbsp;<\/p>\n<table style=\"border-collapse: collapse; width: 100%; height: 360px;\">\n<tbody>\n<tr style=\"height: 48px;\">\n<td style=\"width: 25%; height: 48px; text-align: center;\" colspan=\"2\">\n<h4><strong>Estados e Informaci\u00f3n Contable<\/strong><\/h4>\n<\/td>\n<\/tr>\n<tr style=\"height: 24px;\">\n<td style=\"width: 25%; height: 24px;\"><b>Estado de Situaci\u00f3n Financiera<\/b><\/td>\n<td style=\"width: 25%; height: 24px;\"><a href=\"http:\/\/SALUDSINALOA.GOB.MX\/wp-content\/uploads\/2024\/01\/ESTADO-DE-SITUACION-FINANCIERA-2023.pdf\" target=\"_blank\" rel=\"noopener noreferrer\"><img decoding=\"async\" class=\"aligncenter\" src=\"http:\/\/saludsinaloa.gob.mx\/wp-content\/uploads\/2020\/12\/Imagen-PDF.png\" alt=\"\" width=\"27\" height=\"33\" \/><\/a><\/td>\n<\/tr>\n<tr style=\"height: 48px;\">\n<td style=\"width: 25%; height: 48px;\"><strong>Estado de Actividades<\/strong><\/td>\n<td style=\"width: 25%; height: 48px;\"><a href=\"http:\/\/SALUDSINALOA.GOB.MX\/wp-content\/uploads\/2024\/01\/ESTADO-DE-ACTIVIDADES-2023.pdf\" target=\"_blank\" rel=\"noopener noreferrer\"><img decoding=\"async\" class=\"aligncenter\" src=\"http:\/\/saludsinaloa.gob.mx\/wp-content\/uploads\/2020\/12\/Imagen-PDF.png\" alt=\"\" width=\"27\" height=\"33\" \/><\/a><\/td>\n<\/tr>\n<tr style=\"height: 48px;\">\n<td style=\"width: 25%; height: 48px;\"><b> Estado de Variaci\u00f3n de Hacienda P\u00fablica\u00a0\u00a0\u00a0\u00a0\u00a0\u00a0\u00a0\u00a0\u00a0\u00a0\u00a0\u00a0\u00a0\u00a0\u00a0\u00a0\u00a0\u00a0\u00a0\u00a0\u00a0\u00a0\u00a0\u00a0\u00a0\u00a0\u00a0\u00a0\u00a0\u00a0\u00a0 \u00a0\u00a0\u00a0\u00a0\u00a0\u00a0\u00a0\u00a0<\/b><\/td>\n<td style=\"width: 25%; height: 48px;\"><a href=\"http:\/\/SALUDSINALOA.GOB.MX\/wp-content\/uploads\/2024\/01\/ESTADO-DE-VARIACION-EN-LA-HACIENDA-PUBLICA-2023.pdf\" target=\"_blank\" rel=\"noopener noreferrer\"><img decoding=\"async\" class=\"aligncenter\" src=\"http:\/\/saludsinaloa.gob.mx\/wp-content\/uploads\/2020\/12\/Imagen-PDF.png\" alt=\"\" width=\"27\" height=\"33\" \/><\/a><\/td>\n<\/tr>\n<tr style=\"height: 48px;\">\n<td style=\"width: 25%; height: 48px;\"><strong>Estado de Cambios en la Situaci\u00f3n Financiera<\/strong><\/td>\n<td style=\"width: 25%; height: 48px;\"><a href=\"http:\/\/SALUDSINALOA.GOB.MX\/wp-content\/uploads\/2024\/01\/ESTADO-DE-CAMBIOS-EN-LA-SITUACION-FINANCIERA-2023.pdf\" target=\"_blank\" rel=\"noopener noreferrer\"><img decoding=\"async\" class=\"aligncenter\" src=\"http:\/\/saludsinaloa.gob.mx\/wp-content\/uploads\/2020\/12\/Imagen-PDF.png\" alt=\"\" width=\"27\" height=\"33\" \/><\/a><\/td>\n<\/tr>\n<tr style=\"height: 48px;\">\n<td style=\"width: 25%; height: 48px;\"><strong>Estado de Flujos de Efectivo <\/strong><\/td>\n<td style=\"width: 25%; height: 48px;\"><a href=\"http:\/\/SALUDSINALOA.GOB.MX\/wp-content\/uploads\/2024\/01\/ESTADO-FLUJOS-DE-EFECTIVO-2023.pdf\" target=\"_blank\" rel=\"noopener noreferrer\"><img decoding=\"async\" class=\"aligncenter\" src=\"http:\/\/saludsinaloa.gob.mx\/wp-content\/uploads\/2020\/12\/Imagen-PDF.png\" alt=\"\" width=\"27\" height=\"33\" \/><\/a><\/td>\n<\/tr>\n<tr style=\"height: 48px;\">\n<td style=\"width: 25%; height: 48px;\"><strong>Estado Anal\u00edtico del Activo<\/strong><\/td>\n<td style=\"width: 25%; height: 48px;\"><a href=\"http:\/\/SALUDSINALOA.GOB.MX\/wp-content\/uploads\/2024\/01\/ESTADO-ANALITICO-DEL-ACTIVO-2023.pdf\" target=\"_blank\" rel=\"noopener noreferrer\"><img decoding=\"async\" class=\"aligncenter\" src=\"http:\/\/saludsinaloa.gob.mx\/wp-content\/uploads\/2020\/12\/Imagen-PDF.png\" alt=\"\" width=\"27\" height=\"33\" \/><\/a><\/td>\n<\/tr>\n<tr style=\"height: 24px;\">\n<td style=\"width: 25%; height: 24px;\"><strong>Estado Anal\u00edtico de Deuda y Otros Pasivos<\/strong><\/td>\n<td style=\"width: 25%; height: 24px;\"><a href=\"http:\/\/SALUDSINALOA.GOB.MX\/wp-content\/uploads\/2024\/01\/ESTADO-ANALITICO-DE-LA-DEUDA-Y-OTROS-PASIVOS-2023.pdf\" target=\"_blank\" rel=\"noopener noreferrer\"><img decoding=\"async\" class=\"aligncenter\" src=\"http:\/\/saludsinaloa.gob.mx\/wp-content\/uploads\/2020\/12\/Imagen-PDF.png\" alt=\"\" width=\"27\" height=\"33\" \/><\/a><\/td>\n<\/tr>\n<tr style=\"height: 24px;\">\n<td style=\"width: 25%; height: 24px;\"><strong>Informe de Pasivos Contingentes<\/strong><\/td>\n<td style=\"width: 25%; height: 24px;\"><a href=\"http:\/\/SALUDSINALOA.GOB.MX\/wp-content\/uploads\/2024\/01\/INFORME-SOBRE-PASIVOS-COTINGENTES-2023.pdf\" target=\"_blank\" rel=\"noopener noreferrer\"><img decoding=\"async\" class=\"aligncenter\" src=\"http:\/\/saludsinaloa.gob.mx\/wp-content\/uploads\/2020\/12\/Imagen-PDF.png\" alt=\"\" width=\"27\" height=\"33\" \/><\/a><\/td>\n<\/tr>\n<tr>\n<td style=\"width: 25%;\"><strong>Notas a los Estados Financieros<\/strong><\/td>\n<td style=\"width: 25%;\"><a href=\"http:\/\/SALUDSINALOA.GOB.MX\/wp-content\/uploads\/2024\/01\/NOTAS-A-LOS-ESTADOS-FINANCIEROS-2023.pdf\" target=\"_blank\" rel=\"noopener noreferrer\"><img decoding=\"async\" class=\"aligncenter\" src=\"http:\/\/saludsinaloa.gob.mx\/wp-content\/uploads\/2020\/12\/Imagen-PDF.png\" alt=\"\" width=\"27\" height=\"33\" \/><\/a><\/td>\n<\/tr>\n<\/tbody>\n<\/table>\n<table style=\"border-collapse: collapse; width: 100%; height: 441px;\">\n<tbody>\n<tr style=\"height: 24px;\">\n<td style=\"width: 50%; text-align: center; height: 24px;\" colspan=\"2\">\n<h4><strong>Estados e Informes Presupuestarios<\/strong><\/h4>\n<\/td>\n<\/tr>\n<tr style=\"height: 24px;\">\n<td style=\"width: 50%; height: 24px;\"><strong>Estado Anal\u00edtico de Ingresos por:\u00a0\u00a0\u00a0\u00a0\u00a0\u00a0\u00a0\u00a0\u00a0\u00a0\u00a0\u00a0\u00a0\u00a0\u00a0\u00a0\u00a0\u00a0\u00a0\u00a0\u00a0\u00a0\u00a0\u00a0\u00a0\u00a0\u00a0\u00a0\u00a0 <\/strong><\/td>\n<td style=\"width: 50%; height: 24px;\"><\/td>\n<\/tr>\n<tr style=\"height: 24px;\">\n<td style=\"width: 50%; height: 24px;\"><strong>Por Fuente de Financiamiento\u00a0<\/strong><\/td>\n<td style=\"width: 50%; height: 24px;\"><a href=\"http:\/\/SALUDSINALOA.GOB.MX\/wp-content\/uploads\/2024\/01\/EAEPE-POR-FUENTE-DE-FINANCIAMIENTO-2023.pdf\" target=\"_blank\" rel=\"noopener noreferrer\"><img decoding=\"async\" class=\"aligncenter\" src=\"http:\/\/saludsinaloa.gob.mx\/wp-content\/uploads\/2020\/12\/Imagen-PDF.png\" alt=\"\" width=\"27\" height=\"33\" \/><\/a><\/td>\n<\/tr>\n<tr style=\"height: 33px;\">\n<td style=\"width: 50%; height: 33px;\"><b>Clasificaci\u00f3n<\/b><strong>\u00a0<\/strong><b>Econ\u00f3mica<\/b><\/td>\n<td style=\"width: 50%; height: 33px;\"><a href=\"http:\/\/SALUDSINALOA.GOB.MX\/wp-content\/uploads\/2024\/02\/10b-EAPI-CLASIFICACION-ECONOMICA-2023.pdf\" target=\"_blank\" rel=\"noopener noreferrer\"><img decoding=\"async\" class=\"aligncenter\" src=\"http:\/\/saludsinaloa.gob.mx\/wp-content\/uploads\/2020\/12\/Imagen-PDF.png\" alt=\"\" width=\"27\" height=\"33\" \/><\/a><\/td>\n<\/tr>\n<tr style=\"height: 33px;\">\n<td style=\"width: 50%; height: 33px;\"><strong>Por Rubro, Tipo y Clase<\/strong><\/td>\n<td style=\"width: 50%; height: 33px;\"><a href=\"http:\/\/SALUDSINALOA.GOB.MX\/wp-content\/uploads\/2024\/02\/10c-EAI-X-RUBRO-TIPO-CLASE-CONCEPTO-2023.pdf\" target=\"_blank\" rel=\"noopener noreferrer\"><img decoding=\"async\" class=\"aligncenter\" src=\"http:\/\/saludsinaloa.gob.mx\/wp-content\/uploads\/2020\/12\/Imagen-PDF.png\" alt=\"\" width=\"27\" height=\"33\" \/><\/a><\/td>\n<\/tr>\n<tr style=\"height: 23px;\">\n<td style=\"width: 50%; height: 23px;\"><strong>Rubro (CRI)<\/strong><\/td>\n<td style=\"width: 50%; height: 23px;\"><a href=\"http:\/\/SALUDSINALOA.GOB.MX\/wp-content\/uploads\/2024\/02\/10d-EAPI-RUBRO-CRI-2023.pdf\" target=\"_blank\" rel=\"noopener noreferrer\"><img decoding=\"async\" class=\"aligncenter\" src=\"http:\/\/saludsinaloa.gob.mx\/wp-content\/uploads\/2020\/12\/Imagen-PDF.png\" alt=\"\" width=\"27\" height=\"33\" \/><\/a><\/td>\n<\/tr>\n<tr style=\"height: 24px;\">\n<td style=\"width: 50%; height: 24px;\"><b>Estado Anal\u00edtico de Ingresos<\/b><\/td>\n<td style=\"width: 50%; height: 24px;\"><a href=\"http:\/\/SALUDSINALOA.GOB.MX\/wp-content\/uploads\/2024\/01\/10-ESTADO-ANALITICO-DE-INGRESOS-2023.pdf\" target=\"_blank\" rel=\"noopener noreferrer\"><img decoding=\"async\" class=\"aligncenter\" src=\"http:\/\/saludsinaloa.gob.mx\/wp-content\/uploads\/2020\/12\/Imagen-PDF.png\" alt=\"\" width=\"27\" height=\"33\" \/><\/a><\/td>\n<\/tr>\n<tr style=\"height: 24px;\">\n<td style=\"width: 50%; height: 24px;\"><\/td>\n<td style=\"width: 50%; height: 24px;\"><\/td>\n<\/tr>\n<tr style=\"height: 24px;\">\n<td style=\"width: 50%; height: 24px;\"><strong>Estado Anal\u00edtico del Ejercicio del Presupuesto de Egresos por:<\/strong><\/td>\n<td style=\"width: 50%; height: 24px;\"><\/td>\n<\/tr>\n<tr style=\"height: 24px;\">\n<td style=\"width: 50%; height: 24px;\"><strong>Clasificaci\u00f3n por Objeto del Gasto (Cap\u00edtulo y Concepto)<\/strong><\/td>\n<td style=\"width: 50%; height: 24px;\"><a href=\"http:\/\/SALUDSINALOA.GOB.MX\/wp-content\/uploads\/2024\/01\/11-EAEPE-X-OBJETO-DEL-GASTO-CAPITULO-CONCEPTO-2023.pdf\" target=\"_blank\" rel=\"noopener noreferrer\"><img decoding=\"async\" class=\"aligncenter\" src=\"http:\/\/saludsinaloa.gob.mx\/wp-content\/uploads\/2020\/12\/Imagen-PDF.png\" alt=\"\" width=\"27\" height=\"33\" \/><\/a><\/td>\n<\/tr>\n<tr style=\"height: 24px;\">\n<td style=\"width: 50%; height: 24px;\"><strong>Clasificaci\u00f3n Econ\u00f3mica (Tipo de Gasto)<\/strong><\/td>\n<td style=\"width: 50%; height: 24px;\"><a href=\"http:\/\/SALUDSINALOA.GOB.MX\/wp-content\/uploads\/2024\/01\/12-EAEPE-CLASIFICACION-ECONOMICA-POR-TIPO-DE-GASTO-2023.pdf\" target=\"_blank\" rel=\"noopener noreferrer\"><img decoding=\"async\" class=\"aligncenter\" src=\"http:\/\/saludsinaloa.gob.mx\/wp-content\/uploads\/2020\/12\/Imagen-PDF.png\" alt=\"\" width=\"27\" height=\"33\" \/><\/a><\/td>\n<\/tr>\n<tr style=\"height: 24px;\">\n<td style=\"width: 50%; height: 24px;\"><strong>Clasificaci\u00f3n Administrativa<\/strong><\/td>\n<td style=\"width: 50%; height: 24px;\"><a href=\"http:\/\/SALUDSINALOA.GOB.MX\/wp-content\/uploads\/2024\/01\/13-EAEPE-CLASIFICCION-ADMINISTRATIVA-2023.pdf\" target=\"_blank\" rel=\"noopener noreferrer\"><img decoding=\"async\" class=\"aligncenter\" src=\"http:\/\/saludsinaloa.gob.mx\/wp-content\/uploads\/2020\/12\/Imagen-PDF.png\" alt=\"\" width=\"27\" height=\"33\" \/><\/a><\/td>\n<\/tr>\n<tr style=\"height: 24px;\">\n<td style=\"width: 50%; height: 24px;\"><strong>Clasificaci\u00f3n, Funcional, Finalidad Funci\u00f3n)\u00a0 \u00a0 \u00a0 \u00a0 \u00a0 \u00a0 \u00a0 \u00a0 \u00a0 \u00a0 \u00a0 \u00a0 \u00a0 \u00a0 \u00a0 \u00a0 \u00a0 \u00a0 \u00a0 \u00a0 \u00a0 \u00a0 \u00a0 \u00a0 \u00a0 \u00a0 \u00a0 \u00a0 \u00a0 \u00a0 \u00a0 \u00a0 \u00a0 \u00a0 \u00a0 \u00a0 \u00a0 \u00a0 \u00a0 \u00a0 \u00a0 \u00a0 \u00a0 \u00a0 \u00a0 \u00a0 \u00a0 \u00a0 \u00a0 \u00a0 \u00a0 \u00a0 \u00a0 \u00a0 \u00a0 \u00a0 \u00a0 \u00a0<\/strong><\/td>\n<td style=\"width: 50%; height: 24px;\"><a href=\"http:\/\/SALUDSINALOA.GOB.MX\/wp-content\/uploads\/2024\/01\/14-EAEPE-CLASIFICACION-FUNCIONALFINALIDAD-Y-FUNCION-2023.pdf\" target=\"_blank\" rel=\"noopener noreferrer\"><img decoding=\"async\" class=\"aligncenter\" src=\"http:\/\/saludsinaloa.gob.mx\/wp-content\/uploads\/2020\/12\/Imagen-PDF.png\" alt=\"\" width=\"27\" height=\"33\" \/><\/a><\/td>\n<\/tr>\n<tr style=\"height: 33px;\">\n<td style=\"width: 50%; height: 33px;\"><strong>Endeudamiento Neto<\/strong><\/td>\n<td style=\"width: 50%; height: 33px;\"><a href=\"http:\/\/SALUDSINALOA.GOB.MX\/wp-content\/uploads\/2024\/01\/15-ENDEUDAMIENTO-NETO-2023.pdf\" target=\"_blank\" rel=\"noopener noreferrer\"><img decoding=\"async\" class=\"aligncenter\" src=\"http:\/\/saludsinaloa.gob.mx\/wp-content\/uploads\/2020\/12\/Imagen-PDF.png\" alt=\"\" width=\"27\" height=\"33\" \/><\/a><\/td>\n<\/tr>\n<tr style=\"height: 33px;\">\n<td style=\"width: 50%; height: 33px;\"><strong>Inter\u00e9s de la Deuda<\/strong><\/td>\n<td style=\"width: 50%; height: 33px;\"><a href=\"http:\/\/SALUDSINALOA.GOB.MX\/wp-content\/uploads\/2024\/01\/16-INTERESES-DE-LA-DEUDA-2023.pdf\" target=\"_blank\" rel=\"noopener noreferrer\"><img decoding=\"async\" class=\"aligncenter\" src=\"http:\/\/saludsinaloa.gob.mx\/wp-content\/uploads\/2020\/12\/Imagen-PDF.png\" alt=\"\" width=\"27\" height=\"33\" \/><\/a><\/td>\n<\/tr>\n<\/tbody>\n<\/table>\n<table style=\"border-collapse: collapse; width: 100%; height: 198px;\">\n<tbody>\n<tr style=\"height: 66px;\">\n<td style=\"width: 50%; height: 66px;\" colspan=\"2\">\n<h4 style=\"text-align: center;\"><strong>Estados e Informes Program\u00e1ticos\u00a0<\/strong><\/h4>\n<\/td>\n<\/tr>\n<tr style=\"height: 33px;\">\n<td style=\"width: 50%; height: 33px;\"><strong>Gasto por Categor\u00eda Program\u00e1tica<\/strong><\/td>\n<td style=\"width: 50%; height: 33px;\"><a href=\"http:\/\/SALUDSINALOA.GOB.MX\/wp-content\/uploads\/2024\/01\/GASTO-POR-CATEGORIA-PROGRAMATICA-2023.pdf\" target=\"_blank\" rel=\"noopener noreferrer\"><img decoding=\"async\" class=\"aligncenter\" src=\"http:\/\/saludsinaloa.gob.mx\/wp-content\/uploads\/2020\/12\/Imagen-PDF.png\" alt=\"\" width=\"27\" height=\"33\" \/><\/a><\/td>\n<\/tr>\n<tr style=\"height: 33px;\">\n<td style=\"width: 50%; height: 33px;\"><strong>Indicadores de Postura Fiscal\u00a0\u00a0\u00a0\u00a0\u00a0\u00a0\u00a0\u00a0\u00a0\u00a0\u00a0\u00a0\u00a0\u00a0\u00a0\u00a0\u00a0\u00a0\u00a0\u00a0\u00a0\u00a0\u00a0\u00a0\u00a0\u00a0\u00a0\u00a0\u00a0\u00a0\u00a0\u00a0\u00a0\u00a0 <\/strong><\/td>\n<td style=\"width: 50%; height: 33px;\"><a href=\"http:\/\/SALUDSINALOA.GOB.MX\/wp-content\/uploads\/2024\/01\/INDICADORES-DE-POSTURA-FISCAL-2023.pdf\" target=\"_blank\" rel=\"noopener noreferrer\"><img decoding=\"async\" class=\"aligncenter\" src=\"http:\/\/saludsinaloa.gob.mx\/wp-content\/uploads\/2020\/12\/Imagen-PDF.png\" alt=\"\" width=\"27\" height=\"33\" \/><\/a><\/td>\n<\/tr>\n<tr style=\"height: 33px;\">\n<td style=\"width: 50%; height: 33px;\"><strong>Programas y Proyectos de Inversi\u00f3n \u00a0\u00a0\u00a0\u00a0\u00a0\u00a0\u00a0\u00a0\u00a0\u00a0\u00a0\u00a0\u00a0\u00a0\u00a0\u00a0\u00a0\u00a0\u00a0\u00a0\u00a0\u00a0\u00a0\u00a0\u00a0\u00a0\u00a0\u00a0\u00a0\u00a0\u00a0\u00a0\u00a0\u00a0\u00a0\u00a0\u00a0\u00a0 <\/strong><\/td>\n<td style=\"width: 50%; height: 33px;\"><a href=\"http:\/\/SALUDSINALOA.GOB.MX\/wp-content\/uploads\/2024\/01\/PROGRAMAS-Y-PROYECTOS-DE-INVERSION-2023.pdf\" target=\"_blank\" rel=\"noopener noreferrer\"><img decoding=\"async\" class=\"aligncenter\" src=\"http:\/\/saludsinaloa.gob.mx\/wp-content\/uploads\/2020\/12\/Imagen-PDF.png\" alt=\"\" width=\"27\" height=\"33\" \/><\/a><\/td>\n<\/tr>\n<tr style=\"height: 33px;\">\n<td style=\"width: 50%; height: 33px;\"><strong>Indicadores de Resultados\u00a0 \u00a0 \u00a0 \u00a0\u00a0<\/strong><\/td>\n<td style=\"width: 50%; height: 33px;\"><a href=\"http:\/\/SALUDSINALOA.GOB.MX\/wp-content\/uploads\/2024\/01\/INDICADORES-DE-RESULTADO-2023.pdf\" target=\"_blank\" rel=\"noopener noreferrer\"><img decoding=\"async\" class=\"aligncenter\" src=\"http:\/\/saludsinaloa.gob.mx\/wp-content\/uploads\/2020\/12\/Imagen-PDF.png\" alt=\"\" width=\"27\" height=\"33\" \/><\/a><\/td>\n<\/tr>\n<\/tbody>\n<\/table>\n<table style=\"border-collapse: collapse; width: 100%;\">\n<tbody>\n<tr>\n<td style=\"width: 50%;\" colspan=\"2\">\n<h4 style=\"text-align: center;\"><strong>Informaci\u00f3n Adicional (Anexos)<\/strong><\/h4>\n<\/td>\n<\/tr>\n<tr>\n<td style=\"width: 50%;\"><strong>Relaci\u00f3n de Bienes Muebles que componen el Patrimonio<\/strong><\/td>\n<td style=\"width: 50%;\"><a href=\"http:\/\/SALUDSINALOA.GOB.MX\/wp-content\/uploads\/2024\/01\/21-RELACION-DE-BIENES-MUEBLES-QUE-COMPONEN-EL-PATRIMONIO-2023.pdf\" target=\"_blank\" rel=\"noopener noreferrer\"><img decoding=\"async\" class=\"aligncenter\" src=\"http:\/\/saludsinaloa.gob.mx\/wp-content\/uploads\/2020\/12\/Imagen-PDF.png\" alt=\"\" width=\"27\" height=\"33\" \/><\/a><\/td>\n<\/tr>\n<tr>\n<td style=\"width: 50%;\"><strong>Relaci\u00f3n de Bienes Inmuebles que componen el Patrimonio<\/strong><\/td>\n<td style=\"width: 50%;\"><img decoding=\"async\" class=\"aligncenter\" src=\"http:\/\/saludsinaloa.gob.mx\/wp-content\/uploads\/2020\/12\/Imagen-PDF.png\" alt=\"\" width=\"27\" height=\"33\" \/><\/td>\n<\/tr>\n<tr>\n<td style=\"width: 50%;\"><strong>Relaci\u00f3n de Cuentas Bancarias Productivas Espec\u00edficas<\/strong><\/td>\n<td style=\"width: 50%;\"><a href=\"http:\/\/SALUDSINALOA.GOB.MX\/wp-content\/uploads\/2024\/01\/RELACION-DE-CUENTAS-BANCARIAS-PRODUCTIVAS-ESPECIFICAS-2023.pdf\" target=\"_blank\" rel=\"noopener noreferrer\"><img decoding=\"async\" class=\"aligncenter\" src=\"http:\/\/saludsinaloa.gob.mx\/wp-content\/uploads\/2020\/12\/Imagen-PDF.png\" alt=\"\" width=\"27\" height=\"33\" \/><\/a><\/td>\n<\/tr>\n<tr>\n<td style=\"width: 50%;\"><strong>Relaci\u00f3n de Esquemas Burs\u00e1tiles y de Coberturas Financieras<\/strong><\/td>\n<td style=\"width: 50%;\"><a href=\"http:\/\/SALUDSINALOA.GOB.MX\/wp-content\/uploads\/2024\/01\/RELACION-DE-ESQUEMAS-BURSATILES-2023.pdf\" target=\"_blank\" rel=\"noopener noreferrer\"><img decoding=\"async\" class=\"aligncenter\" src=\"http:\/\/saludsinaloa.gob.mx\/wp-content\/uploads\/2020\/12\/Imagen-PDF.png\" alt=\"\" width=\"27\" height=\"33\" \/><\/a><\/td>\n<\/tr>\n<tr>\n<td style=\"width: 50%;\"><strong>Informaci\u00f3n Ejercicio y Destino de Gasto Federalizado y Reintegros\u00a0<\/strong><\/td>\n<td style=\"width: 50%;\"><a href=\"http:\/\/SALUDSINALOA.GOB.MX\/wp-content\/uploads\/2024\/01\/25-INFORMACION-EJERCICIO-Y-DESTINO-DE-GASTO-FEDERALIZADO-Y-REINTEGROS-2023.pdf\" target=\"_blank\" rel=\"noopener noreferrer\"><img decoding=\"async\" class=\"aligncenter\" src=\"http:\/\/saludsinaloa.gob.mx\/wp-content\/uploads\/2020\/12\/Imagen-PDF.png\" alt=\"\" width=\"27\" height=\"33\" \/><\/a><\/td>\n<\/tr>\n<\/tbody>\n<\/table>\n<p>&nbsp;<\/p>\n","protected":false},"excerpt":{"rendered":"<p>Regresar &nbsp; Estados e Informaci\u00f3n Contable Estado de Situaci\u00f3n Financiera Estado de Actividades Estado de Variaci\u00f3n de Hacienda P\u00fablica\u00a0\u00a0\u00a0\u00a0\u00a0\u00a0\u00a0\u00a0\u00a0\u00a0\u00a0\u00a0\u00a0\u00a0\u00a0\u00a0\u00a0\u00a0\u00a0\u00a0\u00a0\u00a0\u00a0\u00a0\u00a0\u00a0\u00a0\u00a0\u00a0\u00a0\u00a0 \u00a0\u00a0\u00a0\u00a0\u00a0\u00a0\u00a0\u00a0 Estado de Cambios en la Situaci\u00f3n Financiera Estado de Flujos de Efectivo Estado Anal\u00edtico del Activo Estado Anal\u00edtico de Deuda y Otros Pasivos Informe de Pasivos Contingentes Notas a los Estados Financieros Estados e Informes [&hellip;]<\/p>\n","protected":false},"author":1,"featured_media":0,"parent":0,"menu_order":0,"comment_status":"closed","ping_status":"closed","template":"templates\/full-width-page.php","meta":{"footnotes":""},"class_list":["post-14567","page","type-page","status-publish","hentry"],"_links":{"self":[{"href":"https:\/\/saludsinaloa.gob.mx\/index.php\/wp-json\/wp\/v2\/pages\/14567","targetHints":{"allow":["GET"]}}],"collection":[{"href":"https:\/\/saludsinaloa.gob.mx\/index.php\/wp-json\/wp\/v2\/pages"}],"about":[{"href":"https:\/\/saludsinaloa.gob.mx\/index.php\/wp-json\/wp\/v2\/types\/page"}],"author":[{"embeddable":true,"href":"https:\/\/saludsinaloa.gob.mx\/index.php\/wp-json\/wp\/v2\/users\/1"}],"replies":[{"embeddable":true,"href":"https:\/\/saludsinaloa.gob.mx\/index.php\/wp-json\/wp\/v2\/comments?post=14567"}],"version-history":[{"count":41,"href":"https:\/\/saludsinaloa.gob.mx\/index.php\/wp-json\/wp\/v2\/pages\/14567\/revisions"}],"predecessor-version":[{"id":15925,"href":"https:\/\/saludsinaloa.gob.mx\/index.php\/wp-json\/wp\/v2\/pages\/14567\/revisions\/15925"}],"wp:attachment":[{"href":"https:\/\/saludsinaloa.gob.mx\/index.php\/wp-json\/wp\/v2\/media?parent=14567"}],"curies":[{"name":"wp","href":"https:\/\/api.w.org\/{rel}","templated":true}]}}