{"id":1451,"date":"2017-06-30T17:46:07","date_gmt":"2017-06-30T17:46:07","guid":{"rendered":"http:\/\/wpress2.saludsinaloa.gob.mx\/wordpress\/?page_id=1451"},"modified":"2018-05-15T20:47:19","modified_gmt":"2018-05-15T20:47:19","slug":"anexos-de-los-contratos-para-adquisicion-de-equipo-medico-y-de-laboratorio-2","status":"publish","type":"page","link":"https:\/\/saludsinaloa.gob.mx\/index.php\/anexos-de-los-contratos-para-adquisicion-de-equipo-medico-y-de-laboratorio-2\/","title":{"rendered":"Anexos de los Contratos para Adquisici\u00f3n de equipo m\u00e9dico y de laboratorio"},"content":{"rendered":"<p><strong>Transparencia<\/strong><br \/>\n<strong>2013<\/strong><\/p>\n<p><a href=\"http:\/\/wpress2.saludsinaloa.gob.mx\/wordpress\/wp-content\/uploads\/2017\/files\/ANEXOSCONTRATOS2013.zip\" target=\"_blank\" rel=\"noopener\">Anexos de los Contratos para Adquisici\u00f3n de equipo m\u00e9dico y de laboratorio<\/a><\/p>\n<p>&nbsp;<\/p>\n<p class=\"textoNormal\">Fuente: Direcci\u00f3n de Planeaci\u00f3n a Junio del 2017<br \/>\nElabor\u00f3: Direcci\u00f3n de Planeaci\u00f3n &#8211; SECRETARIA DE SALUD DEL ESTADO DE SINALOA.<\/p>\n","protected":false},"excerpt":{"rendered":"<p>Transparencia 2013 Anexos de los Contratos para Adquisici\u00f3n de equipo m\u00e9dico y de laboratorio &nbsp; Fuente: Direcci\u00f3n de Planeaci\u00f3n a Junio del 2017 Elabor\u00f3: Direcci\u00f3n de Planeaci\u00f3n &#8211; SECRETARIA DE SALUD DEL ESTADO DE SINALOA.<\/p>\n","protected":false},"author":1,"featured_media":0,"parent":0,"menu_order":0,"comment_status":"closed","ping_status":"closed","template":"templates\/full-width-page.php","meta":{"footnotes":""},"class_list":["post-1451","page","type-page","status-publish","hentry"],"_links":{"self":[{"href":"https:\/\/saludsinaloa.gob.mx\/index.php\/wp-json\/wp\/v2\/pages\/1451","targetHints":{"allow":["GET"]}}],"collection":[{"href":"https:\/\/saludsinaloa.gob.mx\/index.php\/wp-json\/wp\/v2\/pages"}],"about":[{"href":"https:\/\/saludsinaloa.gob.mx\/index.php\/wp-json\/wp\/v2\/types\/page"}],"author":[{"embeddable":true,"href":"https:\/\/saludsinaloa.gob.mx\/index.php\/wp-json\/wp\/v2\/users\/1"}],"replies":[{"embeddable":true,"href":"https:\/\/saludsinaloa.gob.mx\/index.php\/wp-json\/wp\/v2\/comments?post=1451"}],"version-history":[{"count":2,"href":"https:\/\/saludsinaloa.gob.mx\/index.php\/wp-json\/wp\/v2\/pages\/1451\/revisions"}],"predecessor-version":[{"id":1453,"href":"https:\/\/saludsinaloa.gob.mx\/index.php\/wp-json\/wp\/v2\/pages\/1451\/revisions\/1453"}],"wp:attachment":[{"href":"https:\/\/saludsinaloa.gob.mx\/index.php\/wp-json\/wp\/v2\/media?parent=1451"}],"curies":[{"name":"wp","href":"https:\/\/api.w.org\/{rel}","templated":true}]}}