{"id":14377,"date":"2023-02-23T19:27:23","date_gmt":"2023-02-23T19:27:23","guid":{"rendered":"http:\/\/saludsinaloa.gob.mx\/?page_id=14377"},"modified":"2026-02-11T17:52:29","modified_gmt":"2026-02-11T17:52:29","slug":"enfermedades-no-transmisibles","status":"publish","type":"page","link":"https:\/\/saludsinaloa.gob.mx\/index.php\/enfermedades-no-transmisibles\/","title":{"rendered":"Enfermedades no Transmisibles"},"content":{"rendered":"<h3 class=\"widget-title\">2025<\/h3>\n<ul>\n<li><a href=\"http:\/\/saludsinaloa.gob.mx\/wp-content\/uploads\/2017\/boletines\/boletin-no-transmisibles\/2025\/NO TRANSMISIBLES SE 27 2025.pdf\" target=\"_blank\" rel=\"noopener\">BOLET\u00cdN EPIDEMIOL\u00d3GICO DE ENFERMEDADES NO TRANSMISIBLES PRIMER SEMESTRE<\/a><\/li>\n<li><a href=\"http:\/\/saludsinaloa.gob.mx\/wp-content\/uploads\/2017\/boletines\/boletin-no-transmisibles\/2025\/NO TRANSMISIBLES SE 52 2025.pdf\" target=\"_blank\" rel=\"noopener\">BOLET\u00cdN EPIDEMIOL\u00d3GICO DE ENFERMEDADES NO TRANSMISIBLES SEGUNDO SEMESTRE<\/a><\/li>\n<\/ul>\n<p>&nbsp;<\/p>\n<p>Fuente: Departamento de Vigilancia Epidemiol\u00f3gica a Diciembre de 2025<br \/>\nElabor\u00f3: Departamento de Vigilancia Epidemiol\u00f3gica \u2013 SERVICIOS DE SALUD DE SINALOA.<\/p>\n<h3 class=\"widget-title\">2024<\/h3>\n<ul>\n<li><a href=\"http:\/\/saludsinaloa.gob.mx\/wp-content\/uploads\/2017\/boletines\/boletin-no-transmisibles\/2024\/NO_TRANSMISIBLES_SE_26_2024.pdf\" target=\"_blank\" rel=\"noopener\">BOLET\u00cdN EPIDEMIOL\u00d3GICO DE ENFERMEDADES NO TRANSMISIBLES PRIMER SEMESTRE<\/a><\/li>\n<li><a href=\"http:\/\/saludsinaloa.gob.mx\/wp-content\/uploads\/2017\/boletines\/boletin-no-transmisibles\/2024\/NO_TRANSMISIBLES_SE_52_2024.pdf\" target=\"_blank\" rel=\"noopener\">BOLET\u00cdN EPIDEMIOL\u00d3GICO DE ENFERMEDADES NO TRANSMISIBLES SEGUNDO SEMESTRE<\/a><\/li>\n<\/ul>\n<p>&nbsp;<\/p>\n<p>Fuente: Departamento de Vigilancia Epidemiol\u00f3gica a Diciembre de 2024<br \/>\nElabor\u00f3: Departamento de Vigilancia Epidemiol\u00f3gica \u2013 SERVICIOS DE SALUD DE SINALOA.<\/p>\n<h3 class=\"widget-title\">2022<\/h3>\n<ul>\n<li><a href=\"http:\/\/saludsinaloa.gob.mx\/wp-content\/uploads\/2017\/boletines\/boletin-no-transmisibles\/Bolet\u00edn Epidemiol\u00f3gico de Enfermedades no Transmisibles Primer Semestre 2022.pdf\" target=\"_blank\" rel=\"noopener\">BOLET\u00cdN EPIDEMIOL\u00d3GICO DE ENFERMEDADES NO TRANSMISIBLES PRIMER SEMESTRE<\/a><\/li>\n<li><a href=\"http:\/\/saludsinaloa.gob.mx\/wp-content\/uploads\/2017\/boletines\/boletin-no-transmisibles\/Bolet\u00edn Epidemiol\u00f3gico de Enfermedades no Transmisibles Segundo Semestre 2022.pdf\" target=\"_blank\" rel=\"noopener\">BOLET\u00cdN EPIDEMIOL\u00d3GICO DE ENFERMEDADES NO TRANSMISIBLES SEGUNDO SEMESTRE<\/a><\/li>\n<\/ul>\n<p>&nbsp;<\/p>\n<p>Fuente: Departamento de Vigilancia Epidemiol\u00f3gica a Diciembre de 2022<br \/>\nElabor\u00f3: Departamento de Vigilancia Epidemiol\u00f3gica \u2013 SERVICIOS DE SALUD DE SINALOA.<\/p>\n","protected":false},"excerpt":{"rendered":"<p>2025 BOLET\u00cdN EPIDEMIOL\u00d3GICO DE ENFERMEDADES NO TRANSMISIBLES PRIMER SEMESTRE BOLET\u00cdN EPIDEMIOL\u00d3GICO DE ENFERMEDADES NO TRANSMISIBLES SEGUNDO SEMESTRE &nbsp; Fuente: Departamento de Vigilancia Epidemiol\u00f3gica a Diciembre de 2025 Elabor\u00f3: Departamento de Vigilancia Epidemiol\u00f3gica \u2013 SERVICIOS DE SALUD DE SINALOA. 2024 BOLET\u00cdN EPIDEMIOL\u00d3GICO DE ENFERMEDADES NO TRANSMISIBLES PRIMER SEMESTRE BOLET\u00cdN EPIDEMIOL\u00d3GICO DE ENFERMEDADES NO TRANSMISIBLES SEGUNDO SEMESTRE [&hellip;]<\/p>\n","protected":false},"author":1,"featured_media":0,"parent":0,"menu_order":0,"comment_status":"closed","ping_status":"closed","template":"templates\/full-width-page.php","meta":{"footnotes":""},"class_list":["post-14377","page","type-page","status-publish","hentry"],"_links":{"self":[{"href":"https:\/\/saludsinaloa.gob.mx\/index.php\/wp-json\/wp\/v2\/pages\/14377","targetHints":{"allow":["GET"]}}],"collection":[{"href":"https:\/\/saludsinaloa.gob.mx\/index.php\/wp-json\/wp\/v2\/pages"}],"about":[{"href":"https:\/\/saludsinaloa.gob.mx\/index.php\/wp-json\/wp\/v2\/types\/page"}],"author":[{"embeddable":true,"href":"https:\/\/saludsinaloa.gob.mx\/index.php\/wp-json\/wp\/v2\/users\/1"}],"replies":[{"embeddable":true,"href":"https:\/\/saludsinaloa.gob.mx\/index.php\/wp-json\/wp\/v2\/comments?post=14377"}],"version-history":[{"count":12,"href":"https:\/\/saludsinaloa.gob.mx\/index.php\/wp-json\/wp\/v2\/pages\/14377\/revisions"}],"predecessor-version":[{"id":22539,"href":"https:\/\/saludsinaloa.gob.mx\/index.php\/wp-json\/wp\/v2\/pages\/14377\/revisions\/22539"}],"wp:attachment":[{"href":"https:\/\/saludsinaloa.gob.mx\/index.php\/wp-json\/wp\/v2\/media?parent=14377"}],"curies":[{"name":"wp","href":"https:\/\/api.w.org\/{rel}","templated":true}]}}