{"id":14371,"date":"2023-02-23T19:23:30","date_gmt":"2023-02-23T19:23:30","guid":{"rendered":"http:\/\/saludsinaloa.gob.mx\/?page_id=14371"},"modified":"2026-01-15T17:42:58","modified_gmt":"2026-01-15T17:42:58","slug":"rhove-red-de-vigilancia-epidemiologica-hospitalaria","status":"publish","type":"page","link":"https:\/\/saludsinaloa.gob.mx\/index.php\/rhove-red-de-vigilancia-epidemiologica-hospitalaria\/","title":{"rendered":"RHOVE (Red de Vigilancia Epidemiologica Hospitalaria"},"content":{"rendered":"<h3 class=\"widget-title\">2025<\/h3>\n<ul>\n<li><a href=\"http:\/\/saludsinaloa.gob.mx\/wp-content\/uploads\/2017\/\/boletines\/boletin-RHOVE\/2025\/Boletin IAAS_Enero 2025.pdf\" target=\"_blank\" rel=\"noopener\">BOLET\u00cdN EPIDEMIOL\u00d3GICO DE INFECCIONES ASOCIADAS A LA ATENCI\u00d3N A LA SALUD ENERO<\/a><\/li>\n<li><a href=\"http:\/\/saludsinaloa.gob.mx\/wp-content\/uploads\/2017\/\/boletines\/boletin-RHOVE\/2025\/Boletin IAAS_Febrero 2025.pdf\" target=\"_blank\" rel=\"noopener\">BOLET\u00cdN EPIDEMIOL\u00d3GICO DE INFECCIONES ASOCIADAS A LA ATENCI\u00d3N A LA SALUD FEBRERO<\/a><\/li>\n<li><a href=\"http:\/\/saludsinaloa.gob.mx\/wp-content\/uploads\/2017\/\/boletines\/boletin-RHOVE\/2025\/Boletin IAAS_Marzo 2025.pdf\" target=\"_blank\" rel=\"noopener\">BOLET\u00cdN EPIDEMIOL\u00d3GICO DE INFECCIONES ASOCIADAS A LA ATENCI\u00d3N A LA SALUD MARZO<\/a><\/li>\n<li><a href=\"http:\/\/saludsinaloa.gob.mx\/wp-content\/uploads\/2017\/\/boletines\/boletin-RHOVE\/2025\/Boletin IAAS_Abril 2025.pdf\" target=\"_blank\" rel=\"noopener\">BOLET\u00cdN EPIDEMIOL\u00d3GICO DE INFECCIONES ASOCIADAS A LA ATENCI\u00d3N A LA SALUD ABRIL<\/a><\/li>\n<li><a href=\"http:\/\/saludsinaloa.gob.mx\/wp-content\/uploads\/2017\/\/boletines\/boletin-RHOVE\/2025\/Boletin IAAS_Mayo 2025.pdf\" target=\"_blank\" rel=\"noopener\">BOLET\u00cdN EPIDEMIOL\u00d3GICO DE INFECCIONES ASOCIADAS A LA ATENCI\u00d3N A LA SALUD MAYO<\/a><\/li>\n<li><a href=\"http:\/\/saludsinaloa.gob.mx\/wp-content\/uploads\/2017\/\/boletines\/boletin-RHOVE\/2025\/Boletin IAAS_Junio 2025.pdf\" target=\"_blank\" rel=\"noopener\">BOLET\u00cdN EPIDEMIOL\u00d3GICO DE INFECCIONES ASOCIADAS A LA ATENCI\u00d3N A LA SALUD JUNIO<\/a><\/li>\n<li><a href=\"http:\/\/saludsinaloa.gob.mx\/wp-content\/uploads\/2017\/\/boletines\/boletin-RHOVE\/2025\/Boletin IAAS_Julio 2025.pdf\" target=\"_blank\" rel=\"noopener\">BOLET\u00cdN EPIDEMIOL\u00d3GICO DE INFECCIONES ASOCIADAS A LA ATENCI\u00d3N A LA SALUD JULIO<\/a><\/li>\n<li><a href=\"http:\/\/saludsinaloa.gob.mx\/wp-content\/uploads\/2017\/\/boletines\/boletin-RHOVE\/2025\/Boletin IAAS_Agosto 2025.pdf\" target=\"_blank\" rel=\"noopener\">BOLET\u00cdN EPIDEMIOL\u00d3GICO DE INFECCIONES ASOCIADAS A LA ATENCI\u00d3N A LA SALUD AGOSTO<\/a><\/li>\n<li><a href=\"http:\/\/saludsinaloa.gob.mx\/wp-content\/uploads\/2017\/\/boletines\/boletin-RHOVE\/2025\/Boletin IAAS_Septiembre 2025.pdf\" target=\"_blank\" rel=\"noopener\">BOLET\u00cdN EPIDEMIOL\u00d3GICO DE INFECCIONES ASOCIADAS A LA ATENCI\u00d3N A LA SALUD SEPTIEMBRE<\/a><\/li>\n<li><a href=\"http:\/\/saludsinaloa.gob.mx\/wp-content\/uploads\/2017\/\/boletines\/boletin-RHOVE\/2025\/Boletin IAAS_Octubre 2025.pdf\" target=\"_blank\" rel=\"noopener\">BOLET\u00cdN EPIDEMIOL\u00d3GICO DE INFECCIONES ASOCIADAS A LA ATENCI\u00d3N A LA SALUD OCTUBRE<\/a><\/li>\n<li><a href=\"http:\/\/saludsinaloa.gob.mx\/wp-content\/uploads\/2017\/\/boletines\/boletin-RHOVE\/2025\/Boletin IAAS_Noviembre 2025.pdf\" target=\"_blank\" rel=\"noopener\">BOLET\u00cdN EPIDEMIOL\u00d3GICO DE INFECCIONES ASOCIADAS A LA ATENCI\u00d3N A LA SALUD NOVIEMBRE<\/a><\/li>\n<li><a href=\"http:\/\/saludsinaloa.gob.mx\/wp-content\/uploads\/2017\/\/boletines\/boletin-RHOVE\/2025\/Boletin IAAS_Diciembre 2025.pdf\" target=\"_blank\" rel=\"noopener\">BOLET\u00cdN EPIDEMIOL\u00d3GICO DE INFECCIONES ASOCIADAS A LA ATENCI\u00d3N A LA SALUD DICIEMBRE<\/a><\/li>\n<\/ul>\n<p>&nbsp;<\/p>\n<p>Fuente: Departamento de Vigilancia Epidemiol\u00f3gica a Diciembre de 2025<br \/>\nElabor\u00f3: Departamento de Vigilancia Epidemiol\u00f3gica \u2013 SERVICIOS DE SALUD DE SINALOA.<\/p>\n<h3 class=\"widget-title\">2024<\/h3>\n<ul>\n<li><a href=\"http:\/\/saludsinaloa.gob.mx\/wp-content\/uploads\/2017\/\/boletines\/boletin-RHOVE\/2024\/Boletin IAAS - Enero 2024.pdf\" target=\"_blank\" rel=\"noopener\">BOLET\u00cdN EPIDEMIOL\u00d3GICO DE INFECCIONES ASOCIADAS A LA ATENCI\u00d3N A LA SALUD ENERO<\/a><\/li>\n<li><a href=\"http:\/\/saludsinaloa.gob.mx\/wp-content\/uploads\/2017\/\/boletines\/boletin-RHOVE\/2024\/Boletin IAAS - Febrero 2024.pdf\" target=\"_blank\" rel=\"noopener\">BOLET\u00cdN EPIDEMIOL\u00d3GICO DE INFECCIONES ASOCIADAS A LA ATENCI\u00d3N A LA SALUD FEBRERO<\/a><\/li>\n<li><a href=\"http:\/\/saludsinaloa.gob.mx\/wp-content\/uploads\/2017\/\/boletines\/boletin-RHOVE\/2024\/Boletin IAAS - Marzo 2024.pdf\" target=\"_blank\" rel=\"noopener\">BOLET\u00cdN EPIDEMIOL\u00d3GICO DE INFECCIONES ASOCIADAS A LA ATENCI\u00d3N A LA SALUD MARZO<\/a><\/li>\n<li><a href=\"http:\/\/saludsinaloa.gob.mx\/wp-content\/uploads\/2017\/\/boletines\/boletin-RHOVE\/2024\/Boletin IAAS - Abril 2024.pdf\" target=\"_blank\" rel=\"noopener\">BOLET\u00cdN EPIDEMIOL\u00d3GICO DE INFECCIONES ASOCIADAS A LA ATENCI\u00d3N A LA SALUD ABRIL<\/a><\/li>\n<li><a href=\"http:\/\/saludsinaloa.gob.mx\/wp-content\/uploads\/2017\/\/boletines\/boletin-RHOVE\/2024\/Boletin IAAS - Mayo 2024.pdf\" target=\"_blank\" rel=\"noopener\">BOLET\u00cdN EPIDEMIOL\u00d3GICO DE INFECCIONES ASOCIADAS A LA ATENCI\u00d3N A LA SALUD MAYO<\/a><\/li>\n<li><a href=\"http:\/\/saludsinaloa.gob.mx\/wp-content\/uploads\/2017\/\/boletines\/boletin-RHOVE\/2024\/Boletin IAAS - Junio 2024.pdf\" target=\"_blank\" rel=\"noopener\">BOLET\u00cdN EPIDEMIOL\u00d3GICO DE INFECCIONES ASOCIADAS A LA ATENCI\u00d3N A LA SALUD JUNIO<\/a><\/li>\n<li><a href=\"http:\/\/saludsinaloa.gob.mx\/wp-content\/uploads\/2017\/\/boletines\/boletin-RHOVE\/2024\/Boletin IAAS - Julio 2024.pdf\" target=\"_blank\" rel=\"noopener\">BOLET\u00cdN EPIDEMIOL\u00d3GICO DE INFECCIONES ASOCIADAS A LA ATENCI\u00d3N A LA SALUD JULIO<\/a><\/li>\n<li><a href=\"http:\/\/saludsinaloa.gob.mx\/wp-content\/uploads\/2017\/\/boletines\/boletin-RHOVE\/2024\/Boletin IAAS - Agosto 2024.pdf\" target=\"_blank\" rel=\"noopener\">BOLET\u00cdN EPIDEMIOL\u00d3GICO DE INFECCIONES ASOCIADAS A LA ATENCI\u00d3N A LA SALUD AGOSTO<\/a><\/li>\n<li><a href=\"http:\/\/saludsinaloa.gob.mx\/wp-content\/uploads\/2017\/\/boletines\/boletin-RHOVE\/2024\/Boletin IAAS - Septiembre 2024.pdf\" target=\"_blank\" rel=\"noopener\">BOLET\u00cdN EPIDEMIOL\u00d3GICO DE INFECCIONES ASOCIADAS A LA ATENCI\u00d3N A LA SALUD SEPTIEMBRE<\/a><\/li>\n<li><a href=\"http:\/\/saludsinaloa.gob.mx\/wp-content\/uploads\/2017\/\/boletines\/boletin-RHOVE\/2024\/Boletin IAAS - Octubre 2024.pdf\" target=\"_blank\" rel=\"noopener\">BOLET\u00cdN EPIDEMIOL\u00d3GICO DE INFECCIONES ASOCIADAS A LA ATENCI\u00d3N A LA SALUD OCTUBRE<\/a><\/li>\n<li><a href=\"http:\/\/saludsinaloa.gob.mx\/wp-content\/uploads\/2017\/\/boletines\/boletin-RHOVE\/2024\/Boletin IAAS - Noviembre 2024.pdf\" target=\"_blank\" rel=\"noopener\">BOLET\u00cdN EPIDEMIOL\u00d3GICO DE INFECCIONES ASOCIADAS A LA ATENCI\u00d3N A LA SALUD NOMVIEMBRE<\/a><\/li>\n<li><a href=\"http:\/\/saludsinaloa.gob.mx\/wp-content\/uploads\/2017\/\/boletines\/boletin-RHOVE\/2024\/Boletin IAAS - Diciembre 2024.pdf\" target=\"_blank\" rel=\"noopener\">BOLET\u00cdN EPIDEMIOL\u00d3GICO DE INFECCIONES ASOCIADAS A LA ATENCI\u00d3N A LA SALUD DICIEMBRE<\/a><\/li>\n<\/ul>\n<p>Fuente: Departamento de Vigilancia Epidemiol\u00f3gica a Diciembre de 2024<br \/>\nElabor\u00f3: Departamento de Vigilancia Epidemiol\u00f3gica \u2013 SERVICIOS DE SALUD DE SINALOA.<\/p>\n<p>&nbsp;<\/p>\n<h3 class=\"widget-title\">2023<\/h3>\n<ul>\n<li><a href=\"http:\/\/saludsinaloa.gob.mx\/wp-content\/uploads\/2017\/\/boletines\/boletin-RHOVE\/2023\/Boletin RHOVE-IAAS - Enero 2023.pdf\" target=\"_blank\" rel=\"noopener\">BOLET\u00cdN EPIDEMIOL\u00d3GICO DE INFECCIONES ASOCIADAS A LA ATENCI\u00d3N A LA SALUD ENERO<\/a><\/li>\n<li><a href=\"http:\/\/saludsinaloa.gob.mx\/wp-content\/uploads\/2017\/\/boletines\/boletin-RHOVE\/2023\/Boletin RHOVE-IAAS - Febrero 2023.pdf\" target=\"_blank\" rel=\"noopener\">BOLET\u00cdN EPIDEMIOL\u00d3GICO DE INFECCIONES ASOCIADAS A LA ATENCI\u00d3N A LA SALUD FEBRERO<\/a><\/li>\n<li><a href=\"http:\/\/saludsinaloa.gob.mx\/wp-content\/uploads\/2017\/\/boletines\/boletin-RHOVE\/2023\/Boletin RHOVE-IAAS - Marzo 2023.pdf\" target=\"_blank\" rel=\"noopener\">BOLET\u00cdN EPIDEMIOL\u00d3GICO DE INFECCIONES ASOCIADAS A LA ATENCI\u00d3N A LA SALUD MARZO<\/a><\/li>\n<li><a href=\"http:\/\/saludsinaloa.gob.mx\/wp-content\/uploads\/2017\/\/boletines\/boletin-RHOVE\/2023\/Boletin RHOVE-IAAS - Abril 2023.pdf\" target=\"_blank\" rel=\"noopener\">BOLET\u00cdN EPIDEMIOL\u00d3GICO DE INFECCIONES ASOCIADAS A LA ATENCI\u00d3N A LA SALUD ABRIL<\/a><\/li>\n<li><a href=\"http:\/\/saludsinaloa.gob.mx\/wp-content\/uploads\/2017\/\/boletines\/boletin-RHOVE\/2023\/Boletin RHOVE-IAAS - Mayo 2023.pdf\" target=\"_blank\" rel=\"noopener\">BOLET\u00cdN EPIDEMIOL\u00d3GICO DE INFECCIONES ASOCIADAS A LA ATENCI\u00d3N A LA SALUD MAYO<\/a><\/li>\n<li><a href=\"http:\/\/saludsinaloa.gob.mx\/wp-content\/uploads\/2017\/\/boletines\/boletin-RHOVE\/2023\/Boletin RHOVE-IAAS - Junio 2023.pdf\" target=\"_blank\" rel=\"noopener\">BOLET\u00cdN EPIDEMIOL\u00d3GICO DE INFECCIONES ASOCIADAS A LA ATENCI\u00d3N A LA SALUD JUNIO<\/a><\/li>\n<li><a href=\"http:\/\/saludsinaloa.gob.mx\/wp-content\/uploads\/2017\/\/boletines\/boletin-RHOVE\/2023\/Boletin RHOVE-IAAS - Julio 2023.pdf\" target=\"_blank\" rel=\"noopener\">BOLET\u00cdN EPIDEMIOL\u00d3GICO DE INFECCIONES ASOCIADAS A LA ATENCI\u00d3N A LA SALUD JULIO<\/a><\/li>\n<li><a href=\"http:\/\/saludsinaloa.gob.mx\/wp-content\/uploads\/2017\/\/boletines\/boletin-RHOVE\/2023\/Boletin RHOVE-IAAS - Agosto 2023.pdf\" target=\"_blank\" rel=\"noopener\">BOLET\u00cdN EPIDEMIOL\u00d3GICO DE INFECCIONES ASOCIADAS A LA ATENCI\u00d3N A LA SALUD AGOSTO<\/a><\/li>\n<li><a href=\"http:\/\/saludsinaloa.gob.mx\/wp-content\/uploads\/2017\/\/boletines\/boletin-RHOVE\/2023\/Boletin RHOVE-IAAS - Septiembre 2023.pdf\" target=\"_blank\" rel=\"noopener\">BOLET\u00cdN EPIDEMIOL\u00d3GICO DE INFECCIONES ASOCIADAS A LA ATENCI\u00d3N A LA SALUD SEPTIEMBRE<\/a><\/li>\n<li><a href=\"http:\/\/saludsinaloa.gob.mx\/wp-content\/uploads\/2017\/\/boletines\/boletin-RHOVE\/2023\/Boletin RHOVE-IAAS - Octubre 2023.pdf\" target=\"_blank\" rel=\"noopener\">BOLET\u00cdN EPIDEMIOL\u00d3GICO DE INFECCIONES ASOCIADAS A LA ATENCI\u00d3N A LA SALUD OCTUBRE<\/a><\/li>\n<li><a href=\"http:\/\/saludsinaloa.gob.mx\/wp-content\/uploads\/2017\/\/boletines\/boletin-RHOVE\/2023\/Boletin RHOVE-IAAS - Noviembre 2023.pdf\" target=\"_blank\" rel=\"noopener\">BOLET\u00cdN EPIDEMIOL\u00d3GICO DE INFECCIONES ASOCIADAS A LA ATENCI\u00d3N A LA SALUD NOMVIEMBRE<\/a><\/li>\n<li><a href=\"http:\/\/saludsinaloa.gob.mx\/wp-content\/uploads\/2017\/\/boletines\/boletin-RHOVE\/2023\/Boletin RHOVE-IAAS - Diciembre 2023.pdf\" target=\"_blank\" rel=\"noopener\">BOLET\u00cdN EPIDEMIOL\u00d3GICO DE INFECCIONES ASOCIADAS A LA ATENCI\u00d3N A LA SALUD DICIEMBRE<\/a><\/li>\n<\/ul>\n<p>&nbsp;<\/p>\n<p>Fuente: Departamento de Vigilancia Epidemiol\u00f3gica a Diciembre de 2023<br \/>\nElabor\u00f3: Departamento de Vigilancia Epidemiol\u00f3gica \u2013 SERVICIOS DE SALUD DE SINALOA.<\/p>\n<p>&nbsp;<\/p>\n<h3 class=\"widget-title\">2022<\/h3>\n<ul>\n<li><a href=\"http:\/\/saludsinaloa.gob.mx\/wp-content\/uploads\/2017\/\/boletines\/boletin-RHOVE\/BOLETIN RHOVE ENERO.pdf\" target=\"_blank\" rel=\"noopener\">BOLET\u00cdN EPIDEMIOL\u00d3GICO DE INFECCIONES ASOCIADAS A LA ATENCI\u00d3N A LA SALUD ENERO<\/a><\/li>\n<li><a href=\"http:\/\/saludsinaloa.gob.mx\/wp-content\/uploads\/2017\/\/boletines\/boletin-RHOVE\/BOLETIN RHOVE FEBRERO.pdf\" target=\"_blank\" rel=\"noopener\">BOLET\u00cdN EPIDEMIOL\u00d3GICO DE INFECCIONES ASOCIADAS A LA ATENCI\u00d3N A LA SALUD FEBRERO<\/a><\/li>\n<li><a href=\"http:\/\/saludsinaloa.gob.mx\/wp-content\/uploads\/2017\/\/boletines\/boletin-RHOVE\/BOLETIN RHOVE MARZO.pdf\" target=\"_blank\" rel=\"noopener\">BOLET\u00cdN EPIDEMIOL\u00d3GICO DE INFECCIONES ASOCIADAS A LA ATENCI\u00d3N A LA SALUD MARZO<\/a><\/li>\n<li><a href=\"http:\/\/saludsinaloa.gob.mx\/wp-content\/uploads\/2017\/\/boletines\/boletin-RHOVE\/BOLETIN RHOVE ABRIL.pdf\" target=\"_blank\" rel=\"noopener\">BOLET\u00cdN EPIDEMIOL\u00d3GICO DE INFECCIONES ASOCIADAS A LA ATENCI\u00d3N A LA SALUD ABRIL<\/a><\/li>\n<li><a href=\"http:\/\/saludsinaloa.gob.mx\/wp-content\/uploads\/2017\/\/boletines\/boletin-RHOVE\/BOLETIN RHOVE MAYO.pdf\" target=\"_blank\" rel=\"noopener\">BOLET\u00cdN EPIDEMIOL\u00d3GICO DE INFECCIONES ASOCIADAS A LA ATENCI\u00d3N A LA SALUD MAYO<\/a><\/li>\n<li><a href=\"http:\/\/saludsinaloa.gob.mx\/wp-content\/uploads\/2017\/\/boletines\/boletin-RHOVE\/BOLETIN RHOVE JUNIO.pdf\" target=\"_blank\" rel=\"noopener\">BOLET\u00cdN EPIDEMIOL\u00d3GICO DE INFECCIONES ASOCIADAS A LA ATENCI\u00d3N A LA SALUD JUNIO<\/a><\/li>\n<li><a href=\"http:\/\/saludsinaloa.gob.mx\/wp-content\/uploads\/2017\/\/boletines\/boletin-RHOVE\/BOLETIN RHOVE JULIO.pdf\" target=\"_blank\" rel=\"noopener\">BOLET\u00cdN EPIDEMIOL\u00d3GICO DE INFECCIONES ASOCIADAS A LA ATENCI\u00d3N A LA SALUD JULIO<\/a><\/li>\n<li><a href=\"http:\/\/saludsinaloa.gob.mx\/wp-content\/uploads\/2017\/\/boletines\/boletin-RHOVE\/BOLETIN RHOVE AGOSTO.pdf\" target=\"_blank\" rel=\"noopener\">BOLET\u00cdN EPIDEMIOL\u00d3GICO DE INFECCIONES ASOCIADAS A LA ATENCI\u00d3N A LA SALUD AGOSTO<\/a><\/li>\n<li><a href=\"http:\/\/saludsinaloa.gob.mx\/wp-content\/uploads\/2017\/\/boletines\/boletin-RHOVE\/BOLETIN RHOVE SEPTIEMBRE.pdf\" target=\"_blank\" rel=\"noopener\">BOLET\u00cdN EPIDEMIOL\u00d3GICO DE INFECCIONES ASOCIADAS A LA ATENCI\u00d3N A LA SALUD SEPTIEMBRE<\/a><\/li>\n<li><a href=\"http:\/\/saludsinaloa.gob.mx\/wp-content\/uploads\/2017\/\/boletines\/boletin-RHOVE\/BOLETIN RHOVE OCTUBRE.pdf\" target=\"_blank\" rel=\"noopener\">BOLET\u00cdN EPIDEMIOL\u00d3GICO DE INFECCIONES ASOCIADAS A LA ATENCI\u00d3N A LA SALUD OCTUBRE<\/a><\/li>\n<li><a href=\"http:\/\/saludsinaloa.gob.mx\/wp-content\/uploads\/2017\/\/boletines\/boletin-RHOVE\/BOLETIN RHOVE NOVIEMBRE.pdf\" target=\"_blank\" rel=\"noopener\">BOLET\u00cdN EPIDEMIOL\u00d3GICO DE INFECCIONES ASOCIADAS A LA ATENCI\u00d3N A LA SALUD NOVIEMBRE<\/a><\/li>\n<li><a href=\"http:\/\/saludsinaloa.gob.mx\/wp-content\/uploads\/2017\/\/boletines\/boletin-RHOVE\/BOLETIN RHOVE DICIEMBRE.pdf\" target=\"_blank\" rel=\"noopener\">BOLET\u00cdN EPIDEMIOL\u00d3GICO DE INFECCIONES ASOCIADAS A LA ATENCI\u00d3N A LA SALUD DICIEMBRE<\/a><\/li>\n<\/ul>\n<p>Fuente: Departamento de Vigilancia Epidemiol\u00f3gica a Diciembre de 2022<br \/>\nElabor\u00f3: Departamento de Vigilancia Epidemiol\u00f3gica \u2013 SERVICIOS DE SALUD DE SINALOA.<\/p>\n","protected":false},"excerpt":{"rendered":"<p>2025 BOLET\u00cdN EPIDEMIOL\u00d3GICO DE INFECCIONES ASOCIADAS A LA ATENCI\u00d3N A LA SALUD ENERO BOLET\u00cdN EPIDEMIOL\u00d3GICO DE INFECCIONES ASOCIADAS A LA ATENCI\u00d3N A LA SALUD FEBRERO BOLET\u00cdN EPIDEMIOL\u00d3GICO DE INFECCIONES ASOCIADAS A LA ATENCI\u00d3N A LA SALUD MARZO BOLET\u00cdN EPIDEMIOL\u00d3GICO DE INFECCIONES ASOCIADAS A LA ATENCI\u00d3N A LA SALUD ABRIL BOLET\u00cdN EPIDEMIOL\u00d3GICO DE INFECCIONES ASOCIADAS A [&hellip;]<\/p>\n","protected":false},"author":1,"featured_media":0,"parent":0,"menu_order":0,"comment_status":"closed","ping_status":"closed","template":"templates\/full-width-page.php","meta":{"footnotes":""},"class_list":["post-14371","page","type-page","status-publish","hentry"],"_links":{"self":[{"href":"https:\/\/saludsinaloa.gob.mx\/index.php\/wp-json\/wp\/v2\/pages\/14371","targetHints":{"allow":["GET"]}}],"collection":[{"href":"https:\/\/saludsinaloa.gob.mx\/index.php\/wp-json\/wp\/v2\/pages"}],"about":[{"href":"https:\/\/saludsinaloa.gob.mx\/index.php\/wp-json\/wp\/v2\/types\/page"}],"author":[{"embeddable":true,"href":"https:\/\/saludsinaloa.gob.mx\/index.php\/wp-json\/wp\/v2\/users\/1"}],"replies":[{"embeddable":true,"href":"https:\/\/saludsinaloa.gob.mx\/index.php\/wp-json\/wp\/v2\/comments?post=14371"}],"version-history":[{"count":26,"href":"https:\/\/saludsinaloa.gob.mx\/index.php\/wp-json\/wp\/v2\/pages\/14371\/revisions"}],"predecessor-version":[{"id":21742,"href":"https:\/\/saludsinaloa.gob.mx\/index.php\/wp-json\/wp\/v2\/pages\/14371\/revisions\/21742"}],"wp:attachment":[{"href":"https:\/\/saludsinaloa.gob.mx\/index.php\/wp-json\/wp\/v2\/media?parent=14371"}],"curies":[{"name":"wp","href":"https:\/\/api.w.org\/{rel}","templated":true}]}}