{"id":1424,"date":"2017-06-30T19:53:49","date_gmt":"2017-06-30T19:53:49","guid":{"rendered":"http:\/\/wpress2.saludsinaloa.gob.mx\/wordpress\/?page_id=1424"},"modified":"2018-05-15T20:49:26","modified_gmt":"2018-05-15T20:49:26","slug":"informe-trimestral-del-proyecto-convenio-especifico-de-colaboracion-del-proyecto-de-capacitacion-en-calidad-2","status":"publish","type":"page","link":"https:\/\/saludsinaloa.gob.mx\/index.php\/informe-trimestral-del-proyecto-convenio-especifico-de-colaboracion-del-proyecto-de-capacitacion-en-calidad-2\/","title":{"rendered":"Informe Trimestral del Proyecto &#8211; Convenio Espec\u00edfico de Colaboraci\u00f3n del Proyecto de Capacitaci\u00f3n en Calidad"},"content":{"rendered":"<p><strong>Transparencia<\/strong><br \/>\n<strong>2014<\/strong><\/p>\n<p><a href=\"http:\/\/wpress2.saludsinaloa.gob.mx\/wordpress\/wp-content\/uploads\/2017\/files\/2do informe trimestral s202.pdf\" target=\"_blank\" rel=\"noopener\">Informe Trimestral del Proyecto &#8211; Convenio Espec\u00edfico de Colaboraci\u00f3n del Proyecto de Capacitaci\u00f3n en Calidad<\/a><\/p>\n<p>[gview file=&#8221;http:\/\/wpress2.saludsinaloa.gob.mx\/wordpress\/wp-content\/uploads\/2017\/files\/2do informe trimestral s202.pdf&#8221;]<\/p>\n<p>&nbsp;<\/p>\n<p class=\"textoNormal\">Fuente: Direcci\u00f3n de Planeaci\u00f3n a Junio del 2017<br \/>\nElabor\u00f3: Direcci\u00f3n de Planeaci\u00f3n &#8211; SECRETARIA DE SALUD DEL ESTADO DE SINALOA.<\/p>\n","protected":false},"excerpt":{"rendered":"<p>Transparencia 2014 Informe Trimestral del Proyecto &#8211; Convenio Espec\u00edfico de Colaboraci\u00f3n del Proyecto de Capacitaci\u00f3n en Calidad [gview file=&#8221;http:\/\/wpress2.saludsinaloa.gob.mx\/wordpress\/wp-content\/uploads\/2017\/files\/2do informe trimestral s202.pdf&#8221;] &nbsp; Fuente: Direcci\u00f3n de Planeaci\u00f3n a Junio del 2017 Elabor\u00f3: Direcci\u00f3n de Planeaci\u00f3n &#8211; SECRETARIA DE SALUD DEL ESTADO DE SINALOA.<\/p>\n","protected":false},"author":1,"featured_media":0,"parent":0,"menu_order":0,"comment_status":"closed","ping_status":"closed","template":"templates\/full-width-page.php","meta":{"footnotes":""},"class_list":["post-1424","page","type-page","status-publish","hentry"],"_links":{"self":[{"href":"https:\/\/saludsinaloa.gob.mx\/index.php\/wp-json\/wp\/v2\/pages\/1424","targetHints":{"allow":["GET"]}}],"collection":[{"href":"https:\/\/saludsinaloa.gob.mx\/index.php\/wp-json\/wp\/v2\/pages"}],"about":[{"href":"https:\/\/saludsinaloa.gob.mx\/index.php\/wp-json\/wp\/v2\/types\/page"}],"author":[{"embeddable":true,"href":"https:\/\/saludsinaloa.gob.mx\/index.php\/wp-json\/wp\/v2\/users\/1"}],"replies":[{"embeddable":true,"href":"https:\/\/saludsinaloa.gob.mx\/index.php\/wp-json\/wp\/v2\/comments?post=1424"}],"version-history":[{"count":1,"href":"https:\/\/saludsinaloa.gob.mx\/index.php\/wp-json\/wp\/v2\/pages\/1424\/revisions"}],"predecessor-version":[{"id":1425,"href":"https:\/\/saludsinaloa.gob.mx\/index.php\/wp-json\/wp\/v2\/pages\/1424\/revisions\/1425"}],"wp:attachment":[{"href":"https:\/\/saludsinaloa.gob.mx\/index.php\/wp-json\/wp\/v2\/media?parent=1424"}],"curies":[{"name":"wp","href":"https:\/\/api.w.org\/{rel}","templated":true}]}}