{"id":14035,"date":"2022-12-07T17:42:43","date_gmt":"2022-12-07T17:42:43","guid":{"rendered":"http:\/\/saludsinaloa.gob.mx\/?page_id=14035"},"modified":"2022-12-19T15:21:29","modified_gmt":"2022-12-19T15:21:29","slug":"ejercicio-auditado-2021","status":"publish","type":"page","link":"https:\/\/saludsinaloa.gob.mx\/index.php\/ejercicio-auditado-2021\/","title":{"rendered":"ejercicio-auditado-2021"},"content":{"rendered":"<h3><a href=\"http:\/\/saludsinaloa.gob.mx\/index.php\/informe-de-auditorias-internas\/\">Regresar<\/a><\/h3>\n<p>&nbsp;<\/p>\n<ul>\n<li><a href=\"http:\/\/saludsinaloa.gob.mx\/wp-content\/uploads\/2022\/files\/Auditor\u00edaCentrodeSalud UrbanoEscuinapa (Final.pdf\" target=\"_blank\" rel=\"noopener noreferrer\">Auditor\u00eda Centro de Salud Urbano de Escuinapa (informe final)<\/a><\/li>\n<li><a href=\"http:\/\/saludsinaloa.gob.mx\/wp-content\/uploads\/2022\/files\/Auditor\u00edaCentrodeSalud UrbanoEscuinapa (Inicio.pdf\" target=\"_blank\" rel=\"noopener noreferrer\">Auditor\u00eda Centro de Salud Urbano de Escuinapa (inicio)<\/a><\/li>\n<li><a href=\"http:\/\/saludsinaloa.gob.mx\/wp-content\/uploads\/2022\/files\/Auditor\u00eda CentrodeSalud Urbano el Rosario(Final.pdf\" target=\"_blank\" rel=\"noopener noreferrer\">Auditor\u00eda Centro de Salud Urbano El Rosario (informe final)<\/a><\/li>\n<li><a href=\"http:\/\/saludsinaloa.gob.mx\/wp-content\/uploads\/2022\/files\/Auditor\u00eda CentrodeSalud Urbano el Rosario(Inicio.pdf\" target=\"_blank\" rel=\"noopener noreferrer\">Auditor\u00eda Centro de Salud Urbano El Rosario (inicio)<\/a><\/li>\n<li><a href=\"http:\/\/saludsinaloa.gob.mx\/wp-content\/uploads\/2022\/files\/Auditoria Centro Dermatologico Sinaloa (Inicio).pdf\" target=\"_blank\" rel=\"noopener noreferrer\">Auditor\u00eda Centro Dermatologico de Sinaloa (inicio)<\/a><\/li>\n<li><a href=\"http:\/\/saludsinaloa.gob.mx\/wp-content\/uploads\/2022\/files\/Auditoria Centro Dermatologico Sinaloa (Informe Final).pdf\" target=\"_blank\" rel=\"noopener noreferrer\">Auditor\u00eda Centro Dermatologico de Sinaloa (final)<\/a><\/li>\n<li><a href=\"http:\/\/saludsinaloa.gob.mx\/wp-content\/uploads\/2022\/files\/Auditoria Hospital General De Guamuchil (Inicio).pdf\" target=\"_blank\" rel=\"noopener noreferrer\">Auditor\u00eda Hospital General de Guamuchil (inicio)<\/a><\/li>\n<li><a href=\"http:\/\/saludsinaloa.gob.mx\/wp-content\/uploads\/2022\/files\/Auditoria Hospital General De Guamuchil (Final).pdf\" target=\"_blank\" rel=\"noopener noreferrer\">Auditor\u00eda Hospital General de Guamuchil (final)<\/a><\/li>\n<li><a href=\"http:\/\/saludsinaloa.gob.mx\/wp-content\/uploads\/2022\/files\/Auditoria Hospital General La Cruz (Inicio).pdf\" target=\"_blank\" rel=\"noopener noreferrer\">Auditor\u00eda Hospital General la Cruz (inicio)<\/a><\/li>\n<li><a href=\"http:\/\/saludsinaloa.gob.mx\/wp-content\/uploads\/2022\/files\/Auditoria Hospital General La Cruz (Informe Final).pdf\" target=\"_blank\" rel=\"noopener noreferrer\">Auditor\u00eda Hospital General la Cruz (final)<\/a><\/li>\n<li><a href=\"http:\/\/saludsinaloa.gob.mx\/wp-content\/uploads\/2022\/files\/Auditoria Hospital Integral Badiraguato (Final).pdf\" target=\"_blank\" rel=\"noopener noreferrer\">Auditor\u00eda Hospital Integral Badiraguato (informe final)<\/a><\/li>\n<li><a href=\"http:\/\/saludsinaloa.gob.mx\/wp-content\/uploads\/2022\/files\/Auditoria Hospital Integral Badiraguato (Inicio).pdf\" target=\"_blank\" rel=\"noopener noreferrer\">Auditor\u00eda Hospital Integral Badiraguato (inicio)<\/a><\/li>\n<li><a href=\"http:\/\/saludsinaloa.gob.mx\/wp-content\/uploads\/2022\/files\/Auditoria Hospital Integral Cosala (Inicio).pdf\" target=\"_blank\" rel=\"noopener noreferrer\">Auditor\u00eda Hospital Integral Cosala (inicio)<\/a><\/li>\n<li><a href=\"http:\/\/saludsinaloa.gob.mx\/wp-content\/uploads\/2022\/files\/Auditoria Hospital Integral Cosala (Final).pdf\" target=\"_blank\" rel=\"noopener noreferrer\">Auditor\u00eda Hospital Integral Cosala (final)<\/a><\/li>\n<li><a href=\"http:\/\/saludsinaloa.gob.mx\/wp-content\/uploads\/2022\/files\/Auditoria Hospital Integral Mocorito (Final).pdf\" target=\"_blank\" rel=\"noopener noreferrer\">Auditor\u00eda Hospital Integral Mocorito (informe final)<\/a><\/li>\n<li><a href=\"http:\/\/saludsinaloa.gob.mx\/wp-content\/uploads\/2022\/files\/Auditoria Hospital Integral Mocorito (Inicio).pdf\" target=\"_blank\" rel=\"noopener noreferrer\">Auditor\u00eda Hospital Integral Mocorito (inicio)<\/a><\/li>\n<li><a href=\"http:\/\/saludsinaloa.gob.mx\/wp-content\/uploads\/2022\/files\/Auditoria Hospital Psiquiatrico de Sinaloa(Inicio).pdf\" target=\"_blank\" rel=\"noopener noreferrer\">Auditor\u00eda Hospital Psiquiatrico de Sinaloa (inicio)<\/a><\/li>\n<li><a href=\"http:\/\/saludsinaloa.gob.mx\/wp-content\/uploads\/2022\/files\/Auditoria Hospital Psiquiatrico de Sinaloa(Fina).pdf\" target=\"_blank\" rel=\"noopener noreferrer\">Auditor\u00eda Hospital Psiquiatrico de Sinaloa (final)<\/a><\/li>\n<li><a href=\"http:\/\/saludsinaloa.gob.mx\/wp-content\/uploads\/2022\/files\/Auditoria Hospital Integral Valle San Lorenzo(Inicio.pdf\" target=\"_blank\" rel=\"noopener noreferrer\">Auditar\u00eda Hospital Integral Valle de san Lorenzo (inicio)<\/a><\/li>\n<li><a href=\"http:\/\/saludsinaloa.gob.mx\/wp-content\/uploads\/2022\/files\/Auditoria Hospital Integral Valle San Lorenzo(Final.pdf\" target=\"_blank\" rel=\"noopener noreferrer\">Auditor\u00eda Hospital Integral Valle de san Lorenzo (informe final)<\/a><\/li>\n<li><a href=\"http:\/\/saludsinaloa.gob.mx\/wp-content\/uploads\/2022\/files\/Auditoria Jurisdiccion Sanitaria III (Final).pdf\" target=\"_blank\" rel=\"noopener noreferrer\">Auditor\u00eda Jurisdicci\u00f3n Sanitaria III (informe final)<\/a><\/li>\n<li><a href=\"http:\/\/saludsinaloa.gob.mx\/wp-content\/uploads\/2022\/files\/Auditoria Jurisdiccion Sanitaria III (Inicio).pdf\" target=\"_blank\" rel=\"noopener noreferrer\">Auditor\u00eda Jurisdicci\u00f3n Sanitaria III (inicio)<\/a><\/li>\n<li><a href=\"http:\/\/saludsinaloa.gob.mx\/wp-content\/uploads\/2022\/files\/Auditoria Laboratorio Estatal Sinaloa (Inicio).pdf\" target=\"_blank\" rel=\"noopener noreferrer\">Auditor\u00eda Laboratorio Estatal de Salud P\u00fablica de Sinaloa (inicio)<\/a><\/li>\n<li><a href=\"http:\/\/saludsinaloa.gob.mx\/wp-content\/uploads\/2022\/files\/Auditoria Laboratorio Estatal Sinaloa (Final).pdf\" target=\"_blank\" rel=\"noopener noreferrer\">Auditor\u00eda Laboratorio Estatal de Salud P\u00fablica de Sinaloa (final)<\/a><\/li>\n<li><a href=\"http:\/\/saludsinaloa.gob.mx\/wp-content\/uploads\/2022\/files\/Auditoria Uneme Cisame Mazatlan (Final).pdf\" target=\"_blank\" rel=\"noopener noreferrer\">Auditor\u00eda Uneme Cisame Mazatlan (informe final)<\/a><\/li>\n<li><a href=\"http:\/\/saludsinaloa.gob.mx\/wp-content\/uploads\/2022\/files\/Auditoria Uneme Cisame Mazatlan (Inicio).pdf\" target=\"_blank\" rel=\"noopener noreferrer\">Auditor\u00eda Uneme Cisame Mazatlan (inicio)<\/a><\/li>\n<\/ul>\n","protected":false},"excerpt":{"rendered":"<p>Regresar &nbsp; Auditor\u00eda Centro de Salud Urbano de Escuinapa (informe final) Auditor\u00eda Centro de Salud Urbano de Escuinapa (inicio) Auditor\u00eda Centro de Salud Urbano El Rosario (informe final) Auditor\u00eda Centro de Salud Urbano El Rosario (inicio) Auditor\u00eda Centro Dermatologico de Sinaloa (inicio) Auditor\u00eda Centro Dermatologico de Sinaloa (final) Auditor\u00eda Hospital General de Guamuchil (inicio) Auditor\u00eda [&hellip;]<\/p>\n","protected":false},"author":1,"featured_media":0,"parent":0,"menu_order":0,"comment_status":"closed","ping_status":"closed","template":"templates\/full-width-page.php","meta":{"footnotes":""},"class_list":["post-14035","page","type-page","status-publish","hentry"],"_links":{"self":[{"href":"https:\/\/saludsinaloa.gob.mx\/index.php\/wp-json\/wp\/v2\/pages\/14035","targetHints":{"allow":["GET"]}}],"collection":[{"href":"https:\/\/saludsinaloa.gob.mx\/index.php\/wp-json\/wp\/v2\/pages"}],"about":[{"href":"https:\/\/saludsinaloa.gob.mx\/index.php\/wp-json\/wp\/v2\/types\/page"}],"author":[{"embeddable":true,"href":"https:\/\/saludsinaloa.gob.mx\/index.php\/wp-json\/wp\/v2\/users\/1"}],"replies":[{"embeddable":true,"href":"https:\/\/saludsinaloa.gob.mx\/index.php\/wp-json\/wp\/v2\/comments?post=14035"}],"version-history":[{"count":7,"href":"https:\/\/saludsinaloa.gob.mx\/index.php\/wp-json\/wp\/v2\/pages\/14035\/revisions"}],"predecessor-version":[{"id":14166,"href":"https:\/\/saludsinaloa.gob.mx\/index.php\/wp-json\/wp\/v2\/pages\/14035\/revisions\/14166"}],"wp:attachment":[{"href":"https:\/\/saludsinaloa.gob.mx\/index.php\/wp-json\/wp\/v2\/media?parent=14035"}],"curies":[{"name":"wp","href":"https:\/\/api.w.org\/{rel}","templated":true}]}}