{"id":1392,"date":"2017-06-30T18:53:41","date_gmt":"2017-06-30T18:53:41","guid":{"rendered":"http:\/\/wpress2.saludsinaloa.gob.mx\/wordpress\/?page_id=1392"},"modified":"2018-05-15T20:49:56","modified_gmt":"2018-05-15T20:49:56","slug":"licitacion-la-925006998-n72-2014-servicio-integral-de-administracion-y-abasto-de-medicamentos-y-material-de-curacion-en-la-red-hospitalaria-de-los-servicios-de-salud-de-sinaloa-propuesta","status":"publish","type":"page","link":"https:\/\/saludsinaloa.gob.mx\/index.php\/licitacion-la-925006998-n72-2014-servicio-integral-de-administracion-y-abasto-de-medicamentos-y-material-de-curacion-en-la-red-hospitalaria-de-los-servicios-de-salud-de-sinaloa-propuesta\/","title":{"rendered":"Licitaci\u00f3n LA-925006998-N72-2014, Servicio Integral de administraci\u00f3n y abasto de medicamentos y material de curaci\u00f3n en la red hospitalaria de los Servicios de Salud de Sinaloa &#8211;\u00a0\u00a0Propuesta econ\u00f3mica Anexo VII"},"content":{"rendered":"<p><strong>Transparencia<\/strong><br \/>\n<strong>2014<\/strong><\/p>\n<p>Licitaci\u00f3n LA-925006998-N72-2014, Servicio Integral de administraci\u00f3n y abasto de medicamentos y material de curaci\u00f3n en la red hospitalaria de los Servicios de Salud de Sinaloa &#8211;\u00a0\u00a0Propuesta econ\u00f3mica<\/p>\n<p><a href=\"http:\/\/wpress2.saludsinaloa.gob.mx\/wordpress\/wp-content\/uploads\/2017\/files\/ANEXO VII.pdf\" target=\"_blank\" rel=\"noopener\">Anexo VII<\/a><\/p>\n<p>[gview file=&#8221;http:\/\/wpress2.saludsinaloa.gob.mx\/wordpress\/wp-content\/uploads\/2017\/files\/ANEXO VII.pdf&#8221;]<\/p>\n<p>&nbsp;<\/p>\n<p class=\"textoNormal\">Fuente: Direcci\u00f3n de Planeaci\u00f3n a Junio del 2017<br \/>\nElabor\u00f3: Direcci\u00f3n de Planeaci\u00f3n &#8211; SECRETARIA DE SALUD DEL ESTADO DE SINALOA.<\/p>\n","protected":false},"excerpt":{"rendered":"<p>Transparencia 2014 Licitaci\u00f3n LA-925006998-N72-2014, Servicio Integral de administraci\u00f3n y abasto de medicamentos y material de curaci\u00f3n en la red hospitalaria de los Servicios de Salud de Sinaloa &#8211;\u00a0\u00a0Propuesta econ\u00f3mica Anexo VII [gview file=&#8221;http:\/\/wpress2.saludsinaloa.gob.mx\/wordpress\/wp-content\/uploads\/2017\/files\/ANEXO VII.pdf&#8221;] &nbsp; Fuente: Direcci\u00f3n de Planeaci\u00f3n a Junio del 2017 Elabor\u00f3: Direcci\u00f3n de Planeaci\u00f3n &#8211; SECRETARIA DE SALUD DEL ESTADO DE SINALOA.<\/p>\n","protected":false},"author":1,"featured_media":0,"parent":0,"menu_order":0,"comment_status":"closed","ping_status":"closed","template":"templates\/full-width-page.php","meta":{"footnotes":""},"class_list":["post-1392","page","type-page","status-publish","hentry"],"_links":{"self":[{"href":"https:\/\/saludsinaloa.gob.mx\/index.php\/wp-json\/wp\/v2\/pages\/1392","targetHints":{"allow":["GET"]}}],"collection":[{"href":"https:\/\/saludsinaloa.gob.mx\/index.php\/wp-json\/wp\/v2\/pages"}],"about":[{"href":"https:\/\/saludsinaloa.gob.mx\/index.php\/wp-json\/wp\/v2\/types\/page"}],"author":[{"embeddable":true,"href":"https:\/\/saludsinaloa.gob.mx\/index.php\/wp-json\/wp\/v2\/users\/1"}],"replies":[{"embeddable":true,"href":"https:\/\/saludsinaloa.gob.mx\/index.php\/wp-json\/wp\/v2\/comments?post=1392"}],"version-history":[{"count":1,"href":"https:\/\/saludsinaloa.gob.mx\/index.php\/wp-json\/wp\/v2\/pages\/1392\/revisions"}],"predecessor-version":[{"id":1393,"href":"https:\/\/saludsinaloa.gob.mx\/index.php\/wp-json\/wp\/v2\/pages\/1392\/revisions\/1393"}],"wp:attachment":[{"href":"https:\/\/saludsinaloa.gob.mx\/index.php\/wp-json\/wp\/v2\/media?parent=1392"}],"curies":[{"name":"wp","href":"https:\/\/api.w.org\/{rel}","templated":true}]}}