{"id":13667,"date":"2022-07-19T19:20:55","date_gmt":"2022-07-19T19:20:55","guid":{"rendered":"http:\/\/saludsinaloa.gob.mx\/?page_id=13667"},"modified":"2025-03-14T19:45:51","modified_gmt":"2025-03-14T19:45:51","slug":"programa-atencion-al-envejecimiento","status":"publish","type":"page","link":"https:\/\/saludsinaloa.gob.mx\/index.php\/programa-atencion-al-envejecimiento\/","title":{"rendered":"Programa Atenci\u00f3n al Envejecimiento"},"content":{"rendered":"<p><strong>Objetivo:<\/strong><\/p>\n<ul>\n<li>Establecer una cultura de vida saludable, con perspectiva de g\u00e9nero, en las personas adultas mayores<br \/>\ny en aquellas con patolog\u00edas de mayor relevancia. Que contribuya a mejorar la calidad de vida de las<br \/>\npersonas a medida que envejecen, favoreciendo su participaci\u00f3n plena en la sociedad.<br \/>\n<strong>Descripci\u00f3n:<\/strong><\/li>\n<li>El envejecimiento en Sinaloa es el resultado del envejecimiento individual como el colectivo, por lo<br \/>\ntanto impactan de manera bidireccional. Pasando de un panorama, donde las altas tasas de<br \/>\nmortalidad y natalidad eran lo cotidiano. Sinaloa se encuentra actualmente ante un conglomerado<br \/>\npoblacional constituido por un gran n\u00famero de personas longevas y en la etapa de madurez, as\u00ed como<br \/>\nun n\u00famero reducido de ni\u00f1os. Este panorama nos lleva a poner atenci\u00f3n en las necesidades<br \/>\nemergentes entre los mexicanos presentes y de los pr\u00f3ximos a\u00f1os, ya que a cada tipo de transici\u00f3n<br \/>\ndemogr\u00e1fica se hacen patentes necesidades espec\u00edficas, en materia de vivienda, educaci\u00f3n y salud<br \/>\nentre muchos otros. La vejez, de los Sinaloenses es un tema prioritario de abordarse, ya que al igual<br \/>\nque otras etapas de la vida, tiene una importancia capital en el desarrollo f\u00edsico, psico-emocional y<br \/>\nsocial para cualquier ser humano. Entendi\u00e9ndose por vejez, a la \u00faltima etapa de la vida, de acuerdo a<br \/>\nsu orden cronol\u00f3gico y que se caracteriza por que la persona que transita por ella ha alcanzado una<br \/>\nedad avanzada, tiene tintes espec\u00edficos para salvaguardar el bienestar del individuo que transita por<br \/>\nella, en este caso, la persona adulta mayor. Para definir este concepto es importante recurrir a la<br \/>\ndefinici\u00f3n establecida a nivel nacional en la Ley de los Derechos de las Personas Adultas Mayores, que<br \/>\nconsidera as\u00ed a \u201cAquellas personas que cuenten con sesenta a\u00f1os o m\u00e1s de edad y que se encuentren<br \/>\ndomiciliadas o en tr\u00e1nsito en el territorio nacional\u201d. Con esta reflexi\u00f3n se antoja que el<br \/>\nenvejecimiento poblacional es un motivo de planeaci\u00f3n estrat\u00e9gica de la manera en c\u00f3mo se otorgan<br \/>\nlos servicios de salud p\u00fablica.<br \/>\n<strong>Bienes y servicios que entrega el programa:<\/strong><\/li>\n<li>\u00a0Detecci\u00f3n de ca\u00eddas.<\/li>\n<li>\u00a0Detecci\u00f3n de incontinencia urinaria.<\/li>\n<li>\u00a0Detecci\u00f3n de deterioro cognitivo.<\/li>\n<li>\u00a0Detecci\u00f3n de depresi\u00f3n.<\/li>\n<li>\u00a0Detecci\u00f3n de fractura por osteoporosis.<\/li>\n<li>\u00a0Detecci\u00f3n de demencia.<br \/>\n<strong>Cobertura:<\/strong><\/li>\n<li>Todos los municipios del Estado de Sinaloa.<br \/>\n<strong>Beneficiarios:<\/strong><\/li>\n<li>Poblaci\u00f3n mayor de 50 a\u00f1os en adelante.<br \/>\n<strong>Requisitos del beneficiario:<\/strong><\/li>\n<li>\u00a0Credencial del Instituto Nacional Electoral (INE).<\/li>\n<li>\u00a0Hoja de la Clave \u00danica de Registro de Poblaci\u00f3n (CURP).<br \/>\n<strong>Procedimiento para acceder a los bienes y\/o servicios del programa:<\/strong><\/li>\n<li>\u00a0Acudir a una de las unidades de salud m\u00e1s cercana.<\/li>\n<li>\u00a0Solicitar la atenci\u00f3n m\u00e9dica y entregar los documentos antes mencionados, en caso de contar<br \/>\ncon ellos.<\/li>\n<li>\u00a0Asistir de manera voluntaria a las citas establecidas por la unidad.<\/li>\n<\/ul>\n<p><strong>Datos del contacto y responsable del programa:<\/strong><br \/>\nDr. Jonathan Casta\u00f1eda Ay\u00f3n.<br \/>\nCoordinador Estatal del Programa de Atenci\u00f3n al Envejecimiento.<br \/>\nDirecci\u00f3n de Prevenci\u00f3n y Promoci\u00f3n de la Salud.<br \/>\n<strong>Horario de atenci\u00f3n:<\/strong><br \/>\nDe lunes a viernes de 7:00 a 14:00 horas.<br \/>\n<strong>Medios de contacto:<\/strong><br \/>\nTel\u00e9fono: 667 758 7000 ext. 40440<br \/>\nCorreo oficial: <a href=\"mailto:envejecimiento@saludsinaloa.gob.mx\">envejecimiento@saludsinaloa.gob.mx<\/a><br \/>\n<strong>Domicilio:<\/strong><br \/>\nBoulevard Alfonso Zaragoza Maytorena #2204, Edificio B, tercer piso, Fraccionamiento Bonanza,<br \/>\nC\u00f3digo Postal 80020, Culiac\u00e1n, Sinaloa, M\u00e9xico.<\/p>\n<p>&nbsp;<\/p>\n","protected":false},"excerpt":{"rendered":"<p>Objetivo: Establecer una cultura de vida saludable, con perspectiva de g\u00e9nero, en las personas adultas mayores y en aquellas con patolog\u00edas de mayor relevancia. Que contribuya a mejorar la calidad de vida de las personas a medida que envejecen, favoreciendo su participaci\u00f3n plena en la sociedad. Descripci\u00f3n: El envejecimiento en Sinaloa es el resultado del [&hellip;]<\/p>\n","protected":false},"author":1,"featured_media":0,"parent":0,"menu_order":0,"comment_status":"closed","ping_status":"closed","template":"templates\/full-width-page.php","meta":{"footnotes":""},"class_list":["post-13667","page","type-page","status-publish","hentry"],"_links":{"self":[{"href":"https:\/\/saludsinaloa.gob.mx\/index.php\/wp-json\/wp\/v2\/pages\/13667","targetHints":{"allow":["GET"]}}],"collection":[{"href":"https:\/\/saludsinaloa.gob.mx\/index.php\/wp-json\/wp\/v2\/pages"}],"about":[{"href":"https:\/\/saludsinaloa.gob.mx\/index.php\/wp-json\/wp\/v2\/types\/page"}],"author":[{"embeddable":true,"href":"https:\/\/saludsinaloa.gob.mx\/index.php\/wp-json\/wp\/v2\/users\/1"}],"replies":[{"embeddable":true,"href":"https:\/\/saludsinaloa.gob.mx\/index.php\/wp-json\/wp\/v2\/comments?post=13667"}],"version-history":[{"count":3,"href":"https:\/\/saludsinaloa.gob.mx\/index.php\/wp-json\/wp\/v2\/pages\/13667\/revisions"}],"predecessor-version":[{"id":19794,"href":"https:\/\/saludsinaloa.gob.mx\/index.php\/wp-json\/wp\/v2\/pages\/13667\/revisions\/19794"}],"wp:attachment":[{"href":"https:\/\/saludsinaloa.gob.mx\/index.php\/wp-json\/wp\/v2\/media?parent=13667"}],"curies":[{"name":"wp","href":"https:\/\/api.w.org\/{rel}","templated":true}]}}