{"id":13665,"date":"2022-07-19T19:14:57","date_gmt":"2022-07-19T19:14:57","guid":{"rendered":"http:\/\/saludsinaloa.gob.mx\/?page_id=13665"},"modified":"2025-03-14T19:42:49","modified_gmt":"2025-03-14T19:42:49","slug":"programa-paludismo","status":"publish","type":"page","link":"https:\/\/saludsinaloa.gob.mx\/index.php\/programa-paludismo\/","title":{"rendered":"Programa Paludismo"},"content":{"rendered":"<h4><strong>Objetivo:<\/strong><\/h4>\n<p>Disminuir la morbilidad de las enfermedades transmitidas por vector en la poblaci\u00f3n de las localidades de riesgo para su transmisi\u00f3n.<\/p>\n<h4><strong>Descripci\u00f3n:<\/strong><\/h4>\n<p>Acciones de tratamiento y seguimiento En los casos probables de paludismo se administra tratamiento preventivo con esquema de 7 d\u00edas. De manera paralela a la aparici\u00f3n de casos confirmados, se realizan actividades dirigidas al control o eliminaci\u00f3n de los insectos vectores de la enfermedad, en los sitios donde se cr\u00edan y reproducen; as\u00ed como a la disminuci\u00f3n de los insectos adultos mediante visitas casa por casa, el control de charcas temporales, la fumigaci\u00f3n con m\u00e1quina pesada y la promoci\u00f3n de la participaci\u00f3n comunitaria.<\/p>\n<h4><strong>Bienes y servicios que entrega el programa:<\/strong><\/h4>\n<ul>\n<li>Control o eliminaci\u00f3n de sitios donde se reproducen los insectos Anopheles.<\/li>\n<li>Fumigaci\u00f3n.<\/li>\n<li>Atenci\u00f3n m\u00e9dica a casos.<\/li>\n<li>Promoci\u00f3n a la salud, de las enfermedades transmitidas por paludismo.<\/li>\n<li>Tratamiento.<\/li>\n<\/ul>\n<h4><strong>Cobertura:<\/strong><\/h4>\n<p>Los 18 municipios del Estado de Sinaloa.<\/p>\n<h4><strong>Beneficiarios:<\/strong><\/h4>\n<p>La poblaci\u00f3n total del Estado de Sinaloa.<\/p>\n<h4><strong>Requisitos del beneficiario:<\/strong><\/h4>\n<p>No requiere ninguna documentaci\u00f3n.<\/p>\n<h4><strong>Procedimiento para acceder a los bienes y\/o servicios del programa:<\/strong><\/h4>\n<p>Acudir a la unidad de salud de la localidad o bien al notificante (promotor) voluntario para la toma de gota gruesa ante la presencia de cualquiera de los siguientes s\u00edntomas: fiebre cada tercer d\u00eda, dolor de cabeza, escalofr\u00edos, sudoraci\u00f3n, dolor muscular o dolor de las articulaciones, haber viajado a zonas end\u00e9micas de paludismo.<\/p>\n<p><strong>\u00a0<\/strong><strong>En caso de requerir atenci\u00f3n m\u00e9dica:<\/strong><\/p>\n<p>Ante la presencia de casos confirmados de paludismo se activan las medidas de prevenci\u00f3n y control en las comunidades afectadas.<\/p>\n<p><strong>\u00a0<\/strong><\/p>\n<p><strong>Datos del contacto y responsable del Programa:<\/strong><br \/>\nBi\u00f3loga Jes\u00fas Yolanda L\u00f3pez C\u00e1zares<br \/>\nCoordinadora del Programa de Paludismo.<br \/>\nDepartamento de Vectores y Zoonosis Sinaloa.<br \/>\nSubdirecci\u00f3n de Prevenci\u00f3n y Control de Enfermedades.<br \/>\nDirecci\u00f3n de Prevenci\u00f3n y Promoci\u00f3n de la Salud.<br \/>\nServicios de Salud de Sinaloa.<br \/>\n<strong>Correo oficial:<\/strong> <a href=\"mailto:paludismo@saludsinaloa.gob.mx\">paludismo@saludsinaloa.gob.mx<\/a><br \/>\n<strong>Tel\u00e9fono:<\/strong> 667 445 5771<br \/>\n<strong>Direcci\u00f3n:<\/strong> Mariano Escobedo 1028, Las Vegas, C.P. 80090, Culiac\u00e1n Rosales, Sin.<br \/>\n<strong>Horario de atenci\u00f3n:<\/strong> de 08:00 a 14:30 horas.<\/p>\n","protected":false},"excerpt":{"rendered":"<p>Objetivo: Disminuir la morbilidad de las enfermedades transmitidas por vector en la poblaci\u00f3n de las localidades de riesgo para su transmisi\u00f3n. Descripci\u00f3n: Acciones de tratamiento y seguimiento En los casos probables de paludismo se administra tratamiento preventivo con esquema de 7 d\u00edas. De manera paralela a la aparici\u00f3n de casos confirmados, se realizan actividades dirigidas [&hellip;]<\/p>\n","protected":false},"author":1,"featured_media":0,"parent":0,"menu_order":0,"comment_status":"closed","ping_status":"closed","template":"templates\/full-width-page.php","meta":{"footnotes":""},"class_list":["post-13665","page","type-page","status-publish","hentry"],"_links":{"self":[{"href":"https:\/\/saludsinaloa.gob.mx\/index.php\/wp-json\/wp\/v2\/pages\/13665","targetHints":{"allow":["GET"]}}],"collection":[{"href":"https:\/\/saludsinaloa.gob.mx\/index.php\/wp-json\/wp\/v2\/pages"}],"about":[{"href":"https:\/\/saludsinaloa.gob.mx\/index.php\/wp-json\/wp\/v2\/types\/page"}],"author":[{"embeddable":true,"href":"https:\/\/saludsinaloa.gob.mx\/index.php\/wp-json\/wp\/v2\/users\/1"}],"replies":[{"embeddable":true,"href":"https:\/\/saludsinaloa.gob.mx\/index.php\/wp-json\/wp\/v2\/comments?post=13665"}],"version-history":[{"count":2,"href":"https:\/\/saludsinaloa.gob.mx\/index.php\/wp-json\/wp\/v2\/pages\/13665\/revisions"}],"predecessor-version":[{"id":19792,"href":"https:\/\/saludsinaloa.gob.mx\/index.php\/wp-json\/wp\/v2\/pages\/13665\/revisions\/19792"}],"wp:attachment":[{"href":"https:\/\/saludsinaloa.gob.mx\/index.php\/wp-json\/wp\/v2\/media?parent=13665"}],"curies":[{"name":"wp","href":"https:\/\/api.w.org\/{rel}","templated":true}]}}