{"id":13659,"date":"2022-07-19T18:59:09","date_gmt":"2022-07-19T18:59:09","guid":{"rendered":"http:\/\/saludsinaloa.gob.mx\/?page_id=13659"},"modified":"2025-03-14T19:29:14","modified_gmt":"2025-03-14T19:29:14","slug":"departamento-educacion-saludable","status":"publish","type":"page","link":"https:\/\/saludsinaloa.gob.mx\/index.php\/departamento-educacion-saludable\/","title":{"rendered":"Departamento Educaci\u00f3n Saludable"},"content":{"rendered":"<p><strong>Objetivo: <\/strong><\/p>\n<p>Elaborar contenidos y materiales educativos que fomenten comportamientos, actitudes y entornos saludables en la poblaci\u00f3n.<\/p>\n<h4><strong>Descripci\u00f3n: <\/strong><\/h4>\n<p>Promover comportamiento y estilos de vida encaminados a lograr una mejor salud en la poblaci\u00f3n mediante intervenciones de educaci\u00f3n y promoci\u00f3n de la salud con enfoque de curso de vida, que impulsen determinantes positivos para la salud. Mejorar los estilos de vida saludables en la poblaci\u00f3n, mediante estrategias de mercadotecnia social en salud.<\/p>\n<h4><strong>Bienes y servicios que entrega el programa:<\/strong><\/h4>\n<ul>\n<li>Materiales informativos, impresos, digitales.<\/li>\n<\/ul>\n<h4><strong>Cobertura:<\/strong><\/h4>\n<ul>\n<li>Todo el estado de Sinaloa, en torno a: Jurisdiccionales y centros de salud.<\/li>\n<\/ul>\n<h4><strong>Beneficiarios:<\/strong><\/h4>\n<ul>\n<li>Poblaci\u00f3n en general del estado de Sinaloa.<\/li>\n<\/ul>\n<h4><strong>Requisitos del beneficiario:<\/strong><\/h4>\n<ul>\n<li>Ninguno.<\/li>\n<\/ul>\n<h4><strong>Procedimiento para acceder a los bienes y\/o servicios del programa:<\/strong><\/h4>\n<p>El ciudadano puede acceder a los servicios mediante los materiales digitales por medio de las redes sociales oficinales de Promoci\u00f3n de la Salud. En cuando al material impreso puede obtenerlo en cada jurisdicci\u00f3n o unidad de salud.<\/p>\n<p>&nbsp;<\/p>\n<p><strong>Datos del contacto y responsable del programa:<\/strong><br \/>\nMc J\u00f3se Luis D\u00edaz Valencia.<br \/>\nDepartamento Educaci\u00f3n Saludable.<br \/>\nSubdirecci\u00f3n de Promoci\u00f3n de la Salud.<br \/>\nDirecci\u00f3n de Prevenci\u00f3n y Promoci\u00f3n de la Salud.<br \/>\nServicios de Salud de Sinaloa.<br \/>\n<strong>Correo oficial:<\/strong> <a href=\"mailto:educacion.saludable@saludsinaloa.gob.mx\">educacion.saludable@saludsinaloa.gob.mx<\/a><br \/>\n<strong>Tel\u00e9fono:<\/strong> 667 758 7000 <strong>extensi\u00f3n:<\/strong> 40397<br \/>\n<strong>Direcci\u00f3n:<\/strong> Blvd. Alfonso Zaragoza No. 2204 Edif. B Tercer piso. Fracc. Bonanza, C.P. 80020 Culiac\u00e1n, Sinaloa.<br \/>\n<strong>Horario de atenci\u00f3n:<\/strong> de 08:00 a 14:30 horas.<br \/>\nP\u00e1gina web:<br \/>\n<a href=\"http:\/\/saludsinaloa.gob.mx\/index.php\/direccion-de-prevencion-y-promocion-de-la-salud\/\">http:\/\/saludsinaloa.gob.mx\/index.php\/direccion-de-prevencion-y-promocion-de-la-salud\/<\/a><\/p>\n","protected":false},"excerpt":{"rendered":"<p>Objetivo: Elaborar contenidos y materiales educativos que fomenten comportamientos, actitudes y entornos saludables en la poblaci\u00f3n. Descripci\u00f3n: Promover comportamiento y estilos de vida encaminados a lograr una mejor salud en la poblaci\u00f3n mediante intervenciones de educaci\u00f3n y promoci\u00f3n de la salud con enfoque de curso de vida, que impulsen determinantes positivos para la salud. Mejorar [&hellip;]<\/p>\n","protected":false},"author":1,"featured_media":0,"parent":0,"menu_order":0,"comment_status":"closed","ping_status":"closed","template":"templates\/full-width-page.php","meta":{"footnotes":""},"class_list":["post-13659","page","type-page","status-publish","hentry"],"_links":{"self":[{"href":"https:\/\/saludsinaloa.gob.mx\/index.php\/wp-json\/wp\/v2\/pages\/13659","targetHints":{"allow":["GET"]}}],"collection":[{"href":"https:\/\/saludsinaloa.gob.mx\/index.php\/wp-json\/wp\/v2\/pages"}],"about":[{"href":"https:\/\/saludsinaloa.gob.mx\/index.php\/wp-json\/wp\/v2\/types\/page"}],"author":[{"embeddable":true,"href":"https:\/\/saludsinaloa.gob.mx\/index.php\/wp-json\/wp\/v2\/users\/1"}],"replies":[{"embeddable":true,"href":"https:\/\/saludsinaloa.gob.mx\/index.php\/wp-json\/wp\/v2\/comments?post=13659"}],"version-history":[{"count":4,"href":"https:\/\/saludsinaloa.gob.mx\/index.php\/wp-json\/wp\/v2\/pages\/13659\/revisions"}],"predecessor-version":[{"id":19789,"href":"https:\/\/saludsinaloa.gob.mx\/index.php\/wp-json\/wp\/v2\/pages\/13659\/revisions\/19789"}],"wp:attachment":[{"href":"https:\/\/saludsinaloa.gob.mx\/index.php\/wp-json\/wp\/v2\/media?parent=13659"}],"curies":[{"name":"wp","href":"https:\/\/api.w.org\/{rel}","templated":true}]}}