{"id":1363,"date":"2017-06-30T18:05:39","date_gmt":"2017-06-30T18:05:39","guid":{"rendered":"http:\/\/wpress2.saludsinaloa.gob.mx\/wordpress\/?page_id=1363"},"modified":"2018-05-15T20:50:26","modified_gmt":"2018-05-15T20:50:26","slug":"resumen-ejecutivo-de-evaluacion-externa-al-seguro-popular-2014-realizada-por-el-despacho-externo-chavez-ames-cia-s-c","status":"publish","type":"page","link":"https:\/\/saludsinaloa.gob.mx\/index.php\/resumen-ejecutivo-de-evaluacion-externa-al-seguro-popular-2014-realizada-por-el-despacho-externo-chavez-ames-cia-s-c\/","title":{"rendered":"Resumen Ejecutivo de Evaluaci\u00f3n Externa al Seguro Popular 2014, realizada por el despacho externo Ch\u00e1vez Ames, C\u00eda, S.C"},"content":{"rendered":"<p><strong>Transparencia<\/strong><br \/>\n<strong>2014<\/strong><\/p>\n<p><a href=\"http:\/\/wpress2.saludsinaloa.gob.mx\/wordpress\/wp-content\/uploads\/2017\/files\/Evaluacion Seguro Popular 2014.pdf\" target=\"_blank\" rel=\"noopener\">Resumen Ejecutivo de Evaluaci\u00f3n Externa al Seguro Popular 2014, realizada por el despacho externo Ch\u00e1vez Ames, C\u00eda, S.C<\/a><\/p>\n<p>[gview file=&#8221;http:\/\/wpress2.saludsinaloa.gob.mx\/wordpress\/wp-content\/uploads\/2017\/files\/Evaluacion Seguro Popular 2014.pdf&#8221;]<\/p>\n<p>&nbsp;<\/p>\n<p class=\"textoNormal\">Fuente: Direcci\u00f3n de Planeaci\u00f3n a Junio del 2017<br \/>\nElabor\u00f3: Direcci\u00f3n de Planeaci\u00f3n &#8211; SECRETARIA DE SALUD DEL ESTADO DE SINALOA.<\/p>\n","protected":false},"excerpt":{"rendered":"<p>Transparencia 2014 Resumen Ejecutivo de Evaluaci\u00f3n Externa al Seguro Popular 2014, realizada por el despacho externo Ch\u00e1vez Ames, C\u00eda, S.C [gview file=&#8221;http:\/\/wpress2.saludsinaloa.gob.mx\/wordpress\/wp-content\/uploads\/2017\/files\/Evaluacion Seguro Popular 2014.pdf&#8221;] &nbsp; Fuente: Direcci\u00f3n de Planeaci\u00f3n a Junio del 2017 Elabor\u00f3: Direcci\u00f3n de Planeaci\u00f3n &#8211; SECRETARIA DE SALUD DEL ESTADO DE SINALOA.<\/p>\n","protected":false},"author":1,"featured_media":0,"parent":0,"menu_order":0,"comment_status":"closed","ping_status":"closed","template":"templates\/full-width-page.php","meta":{"footnotes":""},"class_list":["post-1363","page","type-page","status-publish","hentry"],"_links":{"self":[{"href":"https:\/\/saludsinaloa.gob.mx\/index.php\/wp-json\/wp\/v2\/pages\/1363","targetHints":{"allow":["GET"]}}],"collection":[{"href":"https:\/\/saludsinaloa.gob.mx\/index.php\/wp-json\/wp\/v2\/pages"}],"about":[{"href":"https:\/\/saludsinaloa.gob.mx\/index.php\/wp-json\/wp\/v2\/types\/page"}],"author":[{"embeddable":true,"href":"https:\/\/saludsinaloa.gob.mx\/index.php\/wp-json\/wp\/v2\/users\/1"}],"replies":[{"embeddable":true,"href":"https:\/\/saludsinaloa.gob.mx\/index.php\/wp-json\/wp\/v2\/comments?post=1363"}],"version-history":[{"count":1,"href":"https:\/\/saludsinaloa.gob.mx\/index.php\/wp-json\/wp\/v2\/pages\/1363\/revisions"}],"predecessor-version":[{"id":1364,"href":"https:\/\/saludsinaloa.gob.mx\/index.php\/wp-json\/wp\/v2\/pages\/1363\/revisions\/1364"}],"wp:attachment":[{"href":"https:\/\/saludsinaloa.gob.mx\/index.php\/wp-json\/wp\/v2\/media?parent=1363"}],"curies":[{"name":"wp","href":"https:\/\/api.w.org\/{rel}","templated":true}]}}