{"id":1348,"date":"2017-06-30T17:52:35","date_gmt":"2017-06-30T17:52:35","guid":{"rendered":"http:\/\/wpress2.saludsinaloa.gob.mx\/wordpress\/?page_id=1348"},"modified":"2018-05-15T20:49:09","modified_gmt":"2018-05-15T20:49:09","slug":"evaluacion-interna-del-convenio-caravanas-de-la-salud-reglas-de-operacion-ejercicio-2014","status":"publish","type":"page","link":"https:\/\/saludsinaloa.gob.mx\/index.php\/evaluacion-interna-del-convenio-caravanas-de-la-salud-reglas-de-operacion-ejercicio-2014\/","title":{"rendered":"Evaluaci\u00f3n Interna del Convenio Caravanas de la Salud (Reglas de Operaci\u00f3n), ejercicio 2014"},"content":{"rendered":"<p><strong>Transparencia<\/strong><br \/>\n<strong>2014<\/strong><\/p>\n<p><a href=\"http:\/\/wpress2.saludsinaloa.gob.mx\/wordpress\/wp-content\/uploads\/2017\/files\/MIR CARAVANAS ANUAL 2014 REGLAS DE OPERACION.pdf\" target=\"_blank\" rel=\"noopener\">Evaluaci\u00f3n Interna del Convenio Caravanas de la Salud (Reglas de Operaci\u00f3n), ejercicio 2014.<\/a><\/p>\n<p>[gview file=&#8221;http:\/\/wpress2.saludsinaloa.gob.mx\/wordpress\/wp-content\/uploads\/2017\/files\/MIR CARAVANAS ANUAL 2014 REGLAS DE OPERACION.pdf&#8221;]<\/p>\n<p>&nbsp;<\/p>\n<p class=\"textoNormal\">Fuente: Direcci\u00f3n de Planeaci\u00f3n a Junio del 2017<br \/>\nElabor\u00f3: Direcci\u00f3n de Planeaci\u00f3n &#8211; SECRETARIA DE SALUD DEL ESTADO DE SINALOA.<\/p>\n","protected":false},"excerpt":{"rendered":"<p>Transparencia 2014 Evaluaci\u00f3n Interna del Convenio Caravanas de la Salud (Reglas de Operaci\u00f3n), ejercicio 2014. [gview file=&#8221;http:\/\/wpress2.saludsinaloa.gob.mx\/wordpress\/wp-content\/uploads\/2017\/files\/MIR CARAVANAS ANUAL 2014 REGLAS DE OPERACION.pdf&#8221;] &nbsp; Fuente: Direcci\u00f3n de Planeaci\u00f3n a Junio del 2017 Elabor\u00f3: Direcci\u00f3n de Planeaci\u00f3n &#8211; SECRETARIA DE SALUD DEL ESTADO DE SINALOA.<\/p>\n","protected":false},"author":1,"featured_media":0,"parent":0,"menu_order":0,"comment_status":"closed","ping_status":"closed","template":"templates\/full-width-page.php","meta":{"footnotes":""},"class_list":["post-1348","page","type-page","status-publish","hentry"],"_links":{"self":[{"href":"https:\/\/saludsinaloa.gob.mx\/index.php\/wp-json\/wp\/v2\/pages\/1348","targetHints":{"allow":["GET"]}}],"collection":[{"href":"https:\/\/saludsinaloa.gob.mx\/index.php\/wp-json\/wp\/v2\/pages"}],"about":[{"href":"https:\/\/saludsinaloa.gob.mx\/index.php\/wp-json\/wp\/v2\/types\/page"}],"author":[{"embeddable":true,"href":"https:\/\/saludsinaloa.gob.mx\/index.php\/wp-json\/wp\/v2\/users\/1"}],"replies":[{"embeddable":true,"href":"https:\/\/saludsinaloa.gob.mx\/index.php\/wp-json\/wp\/v2\/comments?post=1348"}],"version-history":[{"count":2,"href":"https:\/\/saludsinaloa.gob.mx\/index.php\/wp-json\/wp\/v2\/pages\/1348\/revisions"}],"predecessor-version":[{"id":1353,"href":"https:\/\/saludsinaloa.gob.mx\/index.php\/wp-json\/wp\/v2\/pages\/1348\/revisions\/1353"}],"wp:attachment":[{"href":"https:\/\/saludsinaloa.gob.mx\/index.php\/wp-json\/wp\/v2\/media?parent=1348"}],"curies":[{"name":"wp","href":"https:\/\/api.w.org\/{rel}","templated":true}]}}