{"id":1338,"date":"2017-06-30T17:24:56","date_gmt":"2017-06-30T17:24:56","guid":{"rendered":"http:\/\/wpress2.saludsinaloa.gob.mx\/wordpress\/?page_id=1338"},"modified":"2018-05-15T20:48:31","modified_gmt":"2018-05-15T20:48:31","slug":"contratos-y-anexos-para-adquisicion-de-equipo-medico-y-de-laboratorio-2","status":"publish","type":"page","link":"https:\/\/saludsinaloa.gob.mx\/index.php\/contratos-y-anexos-para-adquisicion-de-equipo-medico-y-de-laboratorio-2\/","title":{"rendered":"Contratos y Anexos para Adquisici\u00f3n de equipo m\u00e9dico y de laboratorio &#8211; 2015"},"content":{"rendered":"<p><strong>Transparencia<\/strong><br \/>\n<strong>2015<\/strong><\/p>\n<p><a href=\"http:\/\/wpress2.saludsinaloa.gob.mx\/wordpress\/wp-content\/uploads\/2017\/files\/CONTRATOS2015.zip\" target=\"_blank\" rel=\"noopener\">Contratos y Anexos para Adquisici\u00f3n de equipo m\u00e9dico y de laboratorio<\/a><\/p>\n<p>&nbsp;<\/p>\n<p class=\"textoNormal\">Fuente: Direcci\u00f3n de Planeaci\u00f3n a Junio del 2017<br \/>\nElabor\u00f3: Direcci\u00f3n de Planeaci\u00f3n &#8211; SECRETARIA DE SALUD DEL ESTADO DE SINALOA.<\/p>\n","protected":false},"excerpt":{"rendered":"<p>Transparencia 2015 Contratos y Anexos para Adquisici\u00f3n de equipo m\u00e9dico y de laboratorio &nbsp; Fuente: Direcci\u00f3n de Planeaci\u00f3n a Junio del 2017 Elabor\u00f3: Direcci\u00f3n de Planeaci\u00f3n &#8211; SECRETARIA DE SALUD DEL ESTADO DE SINALOA.<\/p>\n","protected":false},"author":1,"featured_media":0,"parent":0,"menu_order":0,"comment_status":"closed","ping_status":"closed","template":"templates\/full-width-page.php","meta":{"footnotes":""},"class_list":["post-1338","page","type-page","status-publish","hentry"],"_links":{"self":[{"href":"https:\/\/saludsinaloa.gob.mx\/index.php\/wp-json\/wp\/v2\/pages\/1338","targetHints":{"allow":["GET"]}}],"collection":[{"href":"https:\/\/saludsinaloa.gob.mx\/index.php\/wp-json\/wp\/v2\/pages"}],"about":[{"href":"https:\/\/saludsinaloa.gob.mx\/index.php\/wp-json\/wp\/v2\/types\/page"}],"author":[{"embeddable":true,"href":"https:\/\/saludsinaloa.gob.mx\/index.php\/wp-json\/wp\/v2\/users\/1"}],"replies":[{"embeddable":true,"href":"https:\/\/saludsinaloa.gob.mx\/index.php\/wp-json\/wp\/v2\/comments?post=1338"}],"version-history":[{"count":3,"href":"https:\/\/saludsinaloa.gob.mx\/index.php\/wp-json\/wp\/v2\/pages\/1338\/revisions"}],"predecessor-version":[{"id":1413,"href":"https:\/\/saludsinaloa.gob.mx\/index.php\/wp-json\/wp\/v2\/pages\/1338\/revisions\/1413"}],"wp:attachment":[{"href":"https:\/\/saludsinaloa.gob.mx\/index.php\/wp-json\/wp\/v2\/media?parent=1338"}],"curies":[{"name":"wp","href":"https:\/\/api.w.org\/{rel}","templated":true}]}}