{"id":13204,"date":"2022-03-16T19:29:48","date_gmt":"2022-03-16T19:29:48","guid":{"rendered":"http:\/\/saludsinaloa.gob.mx\/?page_id=13204"},"modified":"2022-03-16T19:29:48","modified_gmt":"2022-03-16T19:29:48","slug":"cuenta-publica-2021","status":"publish","type":"page","link":"https:\/\/saludsinaloa.gob.mx\/index.php\/cuenta-publica-2021\/","title":{"rendered":"Cuenta P\u00fablica 2021"},"content":{"rendered":"<h3><a href=\"http:\/\/saludsinaloa.gob.mx\/index.php\/gasto-en-salud\/\">Regresar<\/a><\/h3>\n<p>&nbsp;<\/p>\n<table style=\"border-collapse: collapse; width: 100%; height: 384px;\">\n<tbody>\n<tr style=\"height: 48px;\">\n<td style=\"width: 25%; height: 48px; text-align: center;\" colspan=\"2\">\n<h4><strong>Estados e Informaci\u00f3n Contable<\/strong><\/h4>\n<\/td>\n<\/tr>\n<tr style=\"height: 24px;\">\n<td style=\"width: 25%; height: 24px;\"><strong>Estado de Actividades<\/strong><\/td>\n<td style=\"width: 25%; height: 24px;\"><a href=\"http:\/\/saludsinaloa.gob.mx\/wp-content\/uploads\/2021\/files\/01_ESTADO_DE_ACTIVIDADES_DICIEMBRE 2021.pdf\" target=\"_blank\" rel=\"noopener noreferrer\"><img decoding=\"async\" class=\"aligncenter\" src=\"http:\/\/saludsinaloa.gob.mx\/wp-content\/uploads\/2020\/12\/Imagen-PDF.png\" alt=\"\" width=\"27\" height=\"33\" \/><\/a><\/td>\n<\/tr>\n<tr style=\"height: 48px;\">\n<td style=\"width: 25%; height: 48px;\"><strong>Estado de Situaci\u00f3n Financiera<\/strong><\/td>\n<td style=\"width: 25%; height: 48px;\"><a href=\"http:\/\/saludsinaloa.gob.mx\/wp-content\/uploads\/2021\/files\/02_ESTADO_DE SITUACION_FINANCIERA_DICIEMBRE_2021.pdf\" target=\"_blank\" rel=\"noopener noreferrer\"><img decoding=\"async\" class=\"aligncenter\" src=\"http:\/\/saludsinaloa.gob.mx\/wp-content\/uploads\/2020\/12\/Imagen-PDF.png\" alt=\"\" width=\"27\" height=\"33\" \/><\/a><\/td>\n<\/tr>\n<tr style=\"height: 48px;\">\n<td style=\"width: 25%; height: 48px;\"><strong>Estado Anal\u00edtico de la Deuda y Otros Pasivos<\/strong><\/td>\n<td style=\"width: 25%; height: 48px;\"><a href=\"http:\/\/saludsinaloa.gob.mx\/wp-content\/uploads\/2021\/files\/03_ESTADO_ANALITICO_DE LA DEUDA_Y_OTROS_PASIVOS_DICIEMBRE_2021.pdf\" target=\"_blank\" rel=\"noopener noreferrer\"><img decoding=\"async\" class=\"aligncenter\" src=\"http:\/\/saludsinaloa.gob.mx\/wp-content\/uploads\/2020\/12\/Imagen-PDF.png\" alt=\"\" width=\"27\" height=\"33\" \/><\/a><\/td>\n<\/tr>\n<tr style=\"height: 48px;\">\n<td style=\"width: 25%; height: 48px;\"><strong>Estado de Cambios en la Situaci\u00f3n Financiera<\/strong><\/td>\n<td style=\"width: 25%; height: 48px;\"><a href=\"http:\/\/saludsinaloa.gob.mx\/wp-content\/uploads\/2021\/files\/04_ESTADO_DE_CAMBIOS_EN_LA_SITUACION_FINANCIERA_DICIEMBRE_2021.pdf\" target=\"_blank\" rel=\"noopener noreferrer\"><img decoding=\"async\" class=\"aligncenter\" src=\"http:\/\/saludsinaloa.gob.mx\/wp-content\/uploads\/2020\/12\/Imagen-PDF.png\" alt=\"\" width=\"27\" height=\"33\" \/><\/a><\/td>\n<\/tr>\n<tr style=\"height: 48px;\">\n<td style=\"width: 25%; height: 48px;\"><strong>Nota a los Estados Financieros<\/strong><\/td>\n<td style=\"width: 25%; height: 48px;\"><a href=\"http:\/\/saludsinaloa.gob.mx\/wp-content\/uploads\/2021\/files\/05_NOTAS_A_LOS_ESTADOS_FINANCIEROS_DICIEMBRE_2021.pdf\" target=\"_blank\" rel=\"noopener noreferrer\"><img decoding=\"async\" class=\"aligncenter\" src=\"http:\/\/saludsinaloa.gob.mx\/wp-content\/uploads\/2020\/12\/Imagen-PDF.png\" alt=\"\" width=\"27\" height=\"33\" \/><\/a><\/td>\n<\/tr>\n<tr style=\"height: 48px;\">\n<td style=\"width: 25%; height: 48px;\"><strong>Estado de Variaciones en la Hacienda P\u00fablica<\/strong><\/td>\n<td style=\"width: 25%; height: 48px;\"><a href=\"http:\/\/saludsinaloa.gob.mx\/wp-content\/uploads\/2021\/files\/06_ESTADO_DE_VARIACION_EN_LA_HACIENDA_PUBLICA_DICIEMBRE_2021.pdf\" target=\"_blank\" rel=\"noopener noreferrer\"><img decoding=\"async\" class=\"aligncenter\" src=\"http:\/\/saludsinaloa.gob.mx\/wp-content\/uploads\/2020\/12\/Imagen-PDF.png\" alt=\"\" width=\"27\" height=\"33\" \/><\/a><\/td>\n<\/tr>\n<tr style=\"height: 24px;\">\n<td style=\"width: 25%; height: 24px;\"><strong>Estado de Flujos de Efectivo<\/strong><\/td>\n<td style=\"width: 25%; height: 24px;\"><a href=\"http:\/\/saludsinaloa.gob.mx\/wp-content\/uploads\/2021\/files\/07_ESTADO_DE_FLUJOS_DE_EFECTIVO_DICIEMBRE_2021.pdf\" target=\"_blank\" rel=\"noopener noreferrer\"><img decoding=\"async\" class=\"aligncenter\" src=\"http:\/\/saludsinaloa.gob.mx\/wp-content\/uploads\/2020\/12\/Imagen-PDF.png\" alt=\"\" width=\"27\" height=\"33\" \/><\/a><\/td>\n<\/tr>\n<tr style=\"height: 24px;\">\n<td style=\"width: 25%; height: 24px;\"><strong>Estado Anal\u00edtico del Activo<\/strong><\/td>\n<td style=\"width: 25%; height: 24px;\"><a href=\"http:\/\/saludsinaloa.gob.mx\/wp-content\/uploads\/2021\/files\/08_ESTADO_ANLITICO_DEL_ACTIVO_DICIEMBRE_2021.pdf\" target=\"_blank\" rel=\"noopener noreferrer\"><img decoding=\"async\" class=\"aligncenter\" src=\"http:\/\/saludsinaloa.gob.mx\/wp-content\/uploads\/2020\/12\/Imagen-PDF.png\" alt=\"\" width=\"27\" height=\"33\" \/><\/a><\/td>\n<\/tr>\n<\/tbody>\n<\/table>\n<table style=\"border-collapse: collapse; width: 100%; height: 240px;\">\n<tbody>\n<tr style=\"height: 24px;\">\n<td style=\"width: 50%; text-align: center; height: 24px;\" colspan=\"2\">\n<h4><strong>Estados e Informes Presupuestarios<\/strong><\/h4>\n<\/td>\n<\/tr>\n<tr style=\"height: 24px;\">\n<td style=\"width: 50%; height: 24px;\"><strong>Estado Anal\u00edtico de Ingresos<\/strong><\/td>\n<td style=\"width: 50%; height: 24px;\"><a href=\"http:\/\/saludsinaloa.gob.mx\/wp-content\/uploads\/2021\/files\/02_ESTADO_ANALITICO_DE_INGRESOS_2021.pdf\" target=\"_blank\" rel=\"noopener noreferrer\"><img decoding=\"async\" class=\"aligncenter\" src=\"http:\/\/saludsinaloa.gob.mx\/wp-content\/uploads\/2020\/12\/Imagen-PDF.png\" alt=\"\" width=\"27\" height=\"33\" \/><\/a><\/td>\n<\/tr>\n<tr style=\"height: 24px;\">\n<td style=\"width: 50%; height: 24px;\"><strong>Estado Anal\u00edtico de Ingresos por Rubro Tipo Clase Concepto<\/strong><\/td>\n<td style=\"width: 50%; height: 24px;\"><a href=\"http:\/\/saludsinaloa.gob.mx\/wp-content\/uploads\/2021\/files\/01_ESTADO_ANALITICO_DE_INGRESOS_POR_RUBRO_2021.pdf\" target=\"_blank\" rel=\"noopener noreferrer\"><img decoding=\"async\" class=\"aligncenter\" src=\"http:\/\/saludsinaloa.gob.mx\/wp-content\/uploads\/2020\/12\/Imagen-PDF.png\" alt=\"\" width=\"27\" height=\"33\" \/><\/a><\/td>\n<\/tr>\n<tr style=\"height: 24px;\">\n<td style=\"width: 50%; height: 24px;\"><strong>Clasificaci\u00f3n Econ\u00f3mica Por Tipo de Gasto<\/strong><\/td>\n<td style=\"width: 50%; height: 24px;\"><a href=\"http:\/\/saludsinaloa.gob.mx\/wp-content\/uploads\/2021\/files\/03_ESTADO_ANALITICO_DEL_EJERCICIO_CLASIFICACION_ECONOMICA_2021.pdf\" target=\"_blank\" rel=\"noopener noreferrer\"><img decoding=\"async\" class=\"aligncenter\" src=\"http:\/\/saludsinaloa.gob.mx\/wp-content\/uploads\/2020\/12\/Imagen-PDF.png\" alt=\"\" width=\"27\" height=\"33\" \/><\/a><\/td>\n<\/tr>\n<tr style=\"height: 24px;\">\n<td style=\"width: 50%; height: 24px;\"><strong>Clasificaci\u00f3n Administrativa<\/strong><\/td>\n<td style=\"width: 50%; height: 24px;\"><a href=\"http:\/\/saludsinaloa.gob.mx\/wp-content\/uploads\/2021\/files\/04_ESTADO_ANALITICO_DEL_EJERCICIO_CLASIFICACION_ADMINISTRATIVA_2021.pdf\" target=\"_blank\" rel=\"noopener noreferrer\"><img decoding=\"async\" class=\"aligncenter\" src=\"http:\/\/saludsinaloa.gob.mx\/wp-content\/uploads\/2020\/12\/Imagen-PDF.png\" alt=\"\" width=\"27\" height=\"33\" \/><\/a><\/td>\n<\/tr>\n<tr style=\"height: 24px;\">\n<td style=\"width: 50%; height: 24px;\"><strong>Clasificaci\u00f3n por Objeto del Gasto Capitulo y Concepto<\/strong><\/td>\n<td style=\"width: 50%; height: 24px;\"><a href=\"http:\/\/saludsinaloa.gob.mx\/wp-content\/uploads\/2021\/files\/06_ESTADO_ANALITICO_DEL_EJERCICIO_CLASIFICACION_POR_OBJETO_DEL_GASTO_2021.pdf\" target=\"_blank\" rel=\"noopener noreferrer\"><img decoding=\"async\" class=\"aligncenter\" src=\"http:\/\/saludsinaloa.gob.mx\/wp-content\/uploads\/2020\/12\/Imagen-PDF.png\" alt=\"\" width=\"27\" height=\"33\" \/><\/a><\/td>\n<\/tr>\n<tr style=\"height: 24px;\">\n<td style=\"width: 50%; height: 24px;\"><strong>Clasificaci\u00f3n Funcional Finalidad y Funci\u00f3n<\/strong><\/td>\n<td style=\"width: 50%; height: 24px;\"><a href=\"http:\/\/saludsinaloa.gob.mx\/wp-content\/uploads\/2021\/files\/05 _ESTADO_ANALITICO_DEL_EJERCICIO_CLASIFICACION_FUNCIONAL_2021.pdf\" target=\"_blank\" rel=\"noopener noreferrer\"><img decoding=\"async\" class=\"aligncenter\" src=\"http:\/\/saludsinaloa.gob.mx\/wp-content\/uploads\/2020\/12\/Imagen-PDF.png\" alt=\"\" width=\"27\" height=\"33\" \/><\/a><\/td>\n<\/tr>\n<tr style=\"height: 24px;\">\n<td style=\"width: 50%; height: 24px;\"><strong>Endeudamiento Neto<\/strong><\/td>\n<td style=\"width: 50%; height: 24px;\"><a href=\"http:\/\/saludsinaloa.gob.mx\/wp-content\/uploads\/2021\/files\/08 _ENDEUDAMIENTO_NETO_2021.pdf\" target=\"_blank\" rel=\"noopener noreferrer\"><img decoding=\"async\" class=\"aligncenter\" src=\"http:\/\/saludsinaloa.gob.mx\/wp-content\/uploads\/2020\/12\/Imagen-PDF.png\" alt=\"\" width=\"27\" height=\"33\" \/><\/a><\/td>\n<\/tr>\n<tr style=\"height: 24px;\">\n<td style=\"width: 50%; height: 24px;\"><strong>Intereses de la Deuda<\/strong><\/td>\n<td style=\"width: 50%; height: 24px;\"><a href=\"http:\/\/saludsinaloa.gob.mx\/wp-content\/uploads\/2021\/files\/09_INTERESES_DE_LA_DEUDA_2021.pdf\" target=\"_blank\" rel=\"noopener noreferrer\"><img decoding=\"async\" class=\"aligncenter\" src=\"http:\/\/saludsinaloa.gob.mx\/wp-content\/uploads\/2020\/12\/Imagen-PDF.png\" alt=\"\" width=\"27\" height=\"33\" \/><\/a><\/td>\n<\/tr>\n<tr style=\"height: 24px;\">\n<td style=\"width: 50%; height: 24px;\"><strong>Flujo de Fondos<\/strong><\/td>\n<td style=\"width: 50%; height: 24px;\"><a href=\"http:\/\/saludsinaloa.gob.mx\/wp-content\/uploads\/2021\/files\/10 _FLUJO_DE_FONDOS_2021.pdf\" target=\"_blank\" rel=\"noopener noreferrer\"><img decoding=\"async\" class=\"aligncenter\" src=\"http:\/\/saludsinaloa.gob.mx\/wp-content\/uploads\/2020\/12\/Imagen-PDF.png\" alt=\"\" width=\"27\" height=\"33\" \/><\/a><\/td>\n<\/tr>\n<\/tbody>\n<\/table>\n<table style=\"border-collapse: collapse; width: 100%; height: 198px;\">\n<tbody>\n<tr style=\"height: 66px;\">\n<td style=\"width: 50%; height: 66px;\" colspan=\"2\">\n<h4 style=\"text-align: center;\"><strong>Estados e Informes Program\u00e1ticos\u00a0<\/strong><\/h4>\n<\/td>\n<\/tr>\n<tr style=\"height: 33px;\">\n<td style=\"width: 50%; height: 33px;\"><strong>Gasto por Categor\u00eda Program\u00e1tica<\/strong><\/td>\n<td style=\"width: 50%; height: 33px;\"><a href=\"http:\/\/saludsinaloa.gob.mx\/wp-content\/uploads\/2021\/files\/01_GASTO_POR_CATEGORIA_PROGRAMATICA_2021.pdf\" target=\"_blank\" rel=\"noopener noreferrer\"><img decoding=\"async\" class=\"aligncenter\" src=\"http:\/\/saludsinaloa.gob.mx\/wp-content\/uploads\/2020\/12\/Imagen-PDF.png\" alt=\"\" width=\"27\" height=\"33\" \/><\/a><\/td>\n<\/tr>\n<tr style=\"height: 33px;\">\n<td style=\"width: 50%; height: 33px;\"><strong>Programas y Proyectos de Inversi\u00f3n<\/strong><\/td>\n<td style=\"width: 50%; height: 33px;\"><a href=\"http:\/\/saludsinaloa.gob.mx\/wp-content\/uploads\/2021\/files\/02_PROGRAMAS_Y_PROYECTOS_DE_INVERSION_2021.pdf\" target=\"_blank\" rel=\"noopener noreferrer\"><img decoding=\"async\" class=\"aligncenter\" src=\"http:\/\/saludsinaloa.gob.mx\/wp-content\/uploads\/2020\/12\/Imagen-PDF.png\" alt=\"\" width=\"27\" height=\"33\" \/><\/a><\/td>\n<\/tr>\n<tr style=\"height: 33px;\">\n<td style=\"width: 50%; height: 33px;\"><strong>Indicadores de Resultados Programa Presupuestario<\/strong><\/td>\n<td style=\"width: 50%; height: 33px;\"><a href=\"http:\/\/saludsinaloa.gob.mx\/wp-content\/uploads\/2021\/files\/03_INDICADORES_DE_RESULTADOS_POR_PROGRAMA_PRESUPUESTARIO_2021.pdf\" target=\"_blank\" rel=\"noopener noreferrer\"><img decoding=\"async\" class=\"aligncenter\" src=\"http:\/\/saludsinaloa.gob.mx\/wp-content\/uploads\/2020\/12\/Imagen-PDF.png\" alt=\"\" width=\"27\" height=\"33\" \/><\/a><\/td>\n<\/tr>\n<tr style=\"height: 33px;\">\n<td style=\"width: 50%; height: 33px;\"><strong>Indicadores de Postura Fiscal<\/strong><\/td>\n<td style=\"width: 50%; height: 33px;\"><a href=\"http:\/\/saludsinaloa.gob.mx\/wp-content\/uploads\/2021\/files\/INDICADORES_DE_POSTURA_FISCAL_2021.pdf\" target=\"_blank\" rel=\"noopener noreferrer\"><img decoding=\"async\" class=\"aligncenter\" src=\"http:\/\/saludsinaloa.gob.mx\/wp-content\/uploads\/2020\/12\/Imagen-PDF.png\" alt=\"\" width=\"27\" height=\"33\" \/><\/a><\/td>\n<\/tr>\n<\/tbody>\n<\/table>\n<table style=\"border-collapse: collapse; width: 100%;\">\n<tbody>\n<tr>\n<td style=\"width: 50%;\" colspan=\"2\">\n<h4 style=\"text-align: center;\"><strong>Informaci\u00f3n Adicional (Anexos)<\/strong><\/h4>\n<\/td>\n<\/tr>\n<tr>\n<td style=\"width: 50%;\"><strong>Relaci\u00f3n de Bienes Intangibles al 31 de Dic 2021<\/strong><\/td>\n<td style=\"width: 50%;\"><a href=\"http:\/\/saludsinaloa.gob.mx\/wp-content\/uploads\/2021\/files\/INVENTARIO_DE_BIENES_INTANGIBLES_2021.pdf\" target=\"_blank\" rel=\"noopener noreferrer\"><img decoding=\"async\" class=\"aligncenter\" src=\"http:\/\/saludsinaloa.gob.mx\/wp-content\/uploads\/2020\/12\/Imagen-PDF.png\" alt=\"\" width=\"27\" height=\"33\" \/><\/a><\/td>\n<\/tr>\n<tr>\n<td style=\"width: 50%;\"><strong>Relaci\u00f3n de Bienes Muebles al 31 de Dic 2021<\/strong><\/td>\n<td style=\"width: 50%;\"><a href=\"http:\/\/saludsinaloa.gob.mx\/wp-content\/uploads\/2021\/files\/RELACION_DE_BIENES_MUEBLES_2021.pdf\" target=\"_blank\" rel=\"noopener noreferrer\"><img decoding=\"async\" class=\"aligncenter\" src=\"http:\/\/saludsinaloa.gob.mx\/wp-content\/uploads\/2020\/12\/Imagen-PDF.png\" alt=\"\" width=\"27\" height=\"33\" \/><\/a><\/td>\n<\/tr>\n<tr>\n<td style=\"width: 50%;\"><strong>Relaci\u00f3n de Bienes Inmuebles que componen el Patrimonio<\/strong><\/td>\n<td style=\"width: 50%;\"><a href=\"http:\/\/saludsinaloa.gob.mx\/wp-content\/uploads\/2021\/files\/INVENTARIO_DE_BIENES_INMUEBLES_2021.pdf\" target=\"_blank\" rel=\"noopener noreferrer\"><img decoding=\"async\" class=\"aligncenter\" src=\"http:\/\/saludsinaloa.gob.mx\/wp-content\/uploads\/2020\/12\/Imagen-PDF.png\" alt=\"\" width=\"27\" height=\"33\" \/><\/a><\/td>\n<\/tr>\n<tr>\n<td style=\"width: 50%;\"><strong>Relaci\u00f3n de Esquemas Bursatiles y Coberturas Financieras<\/strong><\/td>\n<td style=\"width: 50%;\"><a href=\"http:\/\/saludsinaloa.gob.mx\/wp-content\/uploads\/2021\/files\/RELACION_DE_ESQUEMAS_BURSATILES_Y_DE_COBERTURAS_FINANCIERAS_2021.pdf\" target=\"_blank\" rel=\"noopener noreferrer\"><img decoding=\"async\" class=\"aligncenter\" src=\"http:\/\/saludsinaloa.gob.mx\/wp-content\/uploads\/2020\/12\/Imagen-PDF.png\" alt=\"\" width=\"27\" height=\"33\" \/><\/a><\/td>\n<\/tr>\n<\/tbody>\n<\/table>\n<p>&nbsp;<\/p>\n<p>&nbsp;<\/p>\n","protected":false},"excerpt":{"rendered":"<p>Regresar &nbsp; Estados e Informaci\u00f3n Contable Estado de Actividades Estado de Situaci\u00f3n Financiera Estado Anal\u00edtico de la Deuda y Otros Pasivos Estado de Cambios en la Situaci\u00f3n Financiera Nota a los Estados Financieros Estado de Variaciones en la Hacienda P\u00fablica Estado de Flujos de Efectivo Estado Anal\u00edtico del Activo Estados e Informes Presupuestarios Estado Anal\u00edtico [&hellip;]<\/p>\n","protected":false},"author":1,"featured_media":0,"parent":0,"menu_order":0,"comment_status":"closed","ping_status":"closed","template":"templates\/full-width-page.php","meta":{"footnotes":""},"class_list":["post-13204","page","type-page","status-publish","hentry"],"_links":{"self":[{"href":"https:\/\/saludsinaloa.gob.mx\/index.php\/wp-json\/wp\/v2\/pages\/13204","targetHints":{"allow":["GET"]}}],"collection":[{"href":"https:\/\/saludsinaloa.gob.mx\/index.php\/wp-json\/wp\/v2\/pages"}],"about":[{"href":"https:\/\/saludsinaloa.gob.mx\/index.php\/wp-json\/wp\/v2\/types\/page"}],"author":[{"embeddable":true,"href":"https:\/\/saludsinaloa.gob.mx\/index.php\/wp-json\/wp\/v2\/users\/1"}],"replies":[{"embeddable":true,"href":"https:\/\/saludsinaloa.gob.mx\/index.php\/wp-json\/wp\/v2\/comments?post=13204"}],"version-history":[{"count":2,"href":"https:\/\/saludsinaloa.gob.mx\/index.php\/wp-json\/wp\/v2\/pages\/13204\/revisions"}],"predecessor-version":[{"id":13206,"href":"https:\/\/saludsinaloa.gob.mx\/index.php\/wp-json\/wp\/v2\/pages\/13204\/revisions\/13206"}],"wp:attachment":[{"href":"https:\/\/saludsinaloa.gob.mx\/index.php\/wp-json\/wp\/v2\/media?parent=13204"}],"curies":[{"name":"wp","href":"https:\/\/api.w.org\/{rel}","templated":true}]}}