{"id":12885,"date":"2021-12-15T05:59:28","date_gmt":"2021-12-15T05:59:28","guid":{"rendered":"http:\/\/saludsinaloa.gob.mx\/?page_id=12885"},"modified":"2024-02-14T17:49:30","modified_gmt":"2024-02-14T17:49:30","slug":"padron-de-beneficiarios-por-covid-19","status":"publish","type":"page","link":"https:\/\/saludsinaloa.gob.mx\/index.php\/padron-de-beneficiarios-por-covid-19\/","title":{"rendered":"Padr\u00f3n de beneficiarios por COVID-19"},"content":{"rendered":"<h3><a href=\"http:\/\/saludsinaloa.gob.mx\/index.php\/gasto-en-salud\/\">Regresar<\/a><\/h3>\n<p>&nbsp;<\/p>\n<table style=\"border-collapse: collapse; width: 100%; height: 163px;\">\n<tbody>\n<tr style=\"height: 23px;\">\n<td style=\"width: 24.9697%; text-align: center; height: 23px;\" width=\"175\"><b>Padr\u00f3n de beneficiarios por COVID-19<\/b><\/td>\n<td style=\"width: 24.9696%; text-align: center; height: 23px;\" colspan=\"2\" width=\"126\"><\/td>\n<\/tr>\n<tr style=\"height: 33px;\">\n<td style=\"width: 24.9697%; height: 33px;\" width=\"175\">Reactivaci\u00f3n econ\u00f3mica de MiPymes sinaloenses<\/td>\n<td style=\"width: 12.4848%; text-align: center; height: 33px;\"><a href=\"http:\/\/saludsinaloa.gob.mx\/wp-content\/uploads\/2021\/files\/Padron de beneficiarios_mipymes_capacitacion.pdf\" target=\"_blank\" rel=\"noopener noreferrer\"><img decoding=\"async\" class=\"aligncenter\" src=\"http:\/\/saludsinaloa.gob.mx\/wp-content\/uploads\/2020\/12\/Imagen-PDF.png\" alt=\"\" width=\"27\" height=\"33\" \/><\/a><\/td>\n<td style=\"width: 12.4848%; text-align: center; height: 33px;\"><a href=\"http:\/\/saludsinaloa.gob.mx\/wp-content\/uploads\/2021\/files\/Padron de beneficiarios_mipymes_PASE.pdf\" target=\"_blank\" rel=\"noopener noreferrer\"><img decoding=\"async\" class=\"aligncenter\" src=\"http:\/\/saludsinaloa.gob.mx\/wp-content\/uploads\/2020\/12\/Imagen-PDF.png\" alt=\"\" width=\"27\" height=\"33\" \/><\/a><\/td>\n<\/tr>\n<tr style=\"height: 33px;\">\n<td style=\"width: 24.9697%; height: 33px;\" width=\"175\">Webinar &#8211; proyectos y emprendimiento puro Sinaloa<\/td>\n<td style=\"width: 24.9696%; text-align: center; height: 33px;\" colspan=\"2\"><a href=\"http:\/\/saludsinaloa.gob.mx\/wp-content\/uploads\/2021\/files\/Padr\u00f3n de beneficiarios_webinar.pdf\" target=\"_blank\" rel=\"noopener noreferrer\"><img decoding=\"async\" class=\"aligncenter\" src=\"http:\/\/saludsinaloa.gob.mx\/wp-content\/uploads\/2020\/12\/Imagen-PDF.png\" alt=\"\" width=\"27\" height=\"33\" \/><\/a><\/td>\n<\/tr>\n<tr style=\"height: 47px;\">\n<td style=\"width: 24.9697%; height: 47px;\" width=\"175\">RED FOSIN<br \/>\nFosin Microcr\u00e9dito \/ Fosin Productivo<\/td>\n<td style=\"width: 24.9696%; text-align: center; height: 47px;\" colspan=\"2\"><a href=\"http:\/\/saludsinaloa.gob.mx\/wp-content\/uploads\/2021\/files\/Padron de Beneficiarios_Fosin.pdf\" target=\"_blank\" rel=\"noopener noreferrer\"><img decoding=\"async\" class=\"aligncenter\" src=\"http:\/\/saludsinaloa.gob.mx\/wp-content\/uploads\/2020\/12\/Imagen-PDF.png\" alt=\"\" width=\"27\" height=\"33\" \/><\/a><\/td>\n<\/tr>\n<tr style=\"height: 27px;\">\n<td style=\"width: 24.9697%; height: 27px;\">Programa emergente especial alimentario<\/td>\n<td style=\"width: 24.9696%; text-align: center; height: 27px;\" colspan=\"2\"><a href=\"http:\/\/saludsinaloa.gob.mx\/wp-content\/uploads\/2021\/files\/PADRON 2020_2021_PROGRAMA_EMERGENTE_ALIMENTARIO.xlsx\" rel=\"noopener noreferrer\"><img decoding=\"async\" class=\"aligncenter\" src=\"https:\/\/www.logolynx.com\/images\/logolynx\/47\/4797fe9c82ec07d1e0fb4658a9cac877.png\" alt=\"Resultado de imagen para logo xls\" width=\"28\" height=\"28\" \/><\/a><\/td>\n<\/tr>\n<\/tbody>\n<\/table>\n","protected":false},"excerpt":{"rendered":"<p>Regresar &nbsp; Padr\u00f3n de beneficiarios por COVID-19 Reactivaci\u00f3n econ\u00f3mica de MiPymes sinaloenses Webinar &#8211; proyectos y emprendimiento puro Sinaloa RED FOSIN Fosin Microcr\u00e9dito \/ Fosin Productivo Programa emergente especial alimentario<\/p>\n","protected":false},"author":1,"featured_media":0,"parent":0,"menu_order":0,"comment_status":"closed","ping_status":"closed","template":"templates\/full-width-page.php","meta":{"footnotes":""},"class_list":["post-12885","page","type-page","status-publish","hentry"],"_links":{"self":[{"href":"https:\/\/saludsinaloa.gob.mx\/index.php\/wp-json\/wp\/v2\/pages\/12885","targetHints":{"allow":["GET"]}}],"collection":[{"href":"https:\/\/saludsinaloa.gob.mx\/index.php\/wp-json\/wp\/v2\/pages"}],"about":[{"href":"https:\/\/saludsinaloa.gob.mx\/index.php\/wp-json\/wp\/v2\/types\/page"}],"author":[{"embeddable":true,"href":"https:\/\/saludsinaloa.gob.mx\/index.php\/wp-json\/wp\/v2\/users\/1"}],"replies":[{"embeddable":true,"href":"https:\/\/saludsinaloa.gob.mx\/index.php\/wp-json\/wp\/v2\/comments?post=12885"}],"version-history":[{"count":3,"href":"https:\/\/saludsinaloa.gob.mx\/index.php\/wp-json\/wp\/v2\/pages\/12885\/revisions"}],"predecessor-version":[{"id":16060,"href":"https:\/\/saludsinaloa.gob.mx\/index.php\/wp-json\/wp\/v2\/pages\/12885\/revisions\/16060"}],"wp:attachment":[{"href":"https:\/\/saludsinaloa.gob.mx\/index.php\/wp-json\/wp\/v2\/media?parent=12885"}],"curies":[{"name":"wp","href":"https:\/\/api.w.org\/{rel}","templated":true}]}}