{"id":12785,"date":"2021-12-09T06:54:02","date_gmt":"2021-12-09T06:54:02","guid":{"rendered":"http:\/\/saludsinaloa.gob.mx\/?page_id=12785"},"modified":"2022-12-19T15:11:04","modified_gmt":"2022-12-19T15:11:04","slug":"ejercicio-auditado-2020","status":"publish","type":"page","link":"https:\/\/saludsinaloa.gob.mx\/index.php\/ejercicio-auditado-2020\/","title":{"rendered":"Ejercicio Auditado 2020"},"content":{"rendered":"<h3><a href=\"http:\/\/saludsinaloa.gob.mx\/index.php\/informe-de-auditorias-internas\/\">Regresar<\/a><\/h3>\n<ul>\n<li><a href=\"http:\/\/saludsinaloa.gob.mx\/wp-content\/uploads\/2021\/files\/Auditar\u00eda Hospital Integral Valle de san Lorenzo (inicio).pdf\" target=\"_blank\" rel=\"noopener noreferrer\">Auditar\u00eda Hospital Integral Valle de san Lorenzo (inicio)<\/a><\/li>\n<li><a href=\"http:\/\/saludsinaloa.gob.mx\/wp-content\/uploads\/2021\/files\/Auditor\u00eda Hospital Integral Valle de san Lorenzo (informe final).pdf\" target=\"_blank\" rel=\"noopener noreferrer\">Auditor\u00eda Hospital Integral Valle de san Lorenzo (informe final)<\/a><\/li>\n<li><a href=\"http:\/\/saludsinaloa.gob.mx\/wp-content\/uploads\/2021\/files\/Auditor\u00eda Hospital Integral Badiraguato (informe final).pdf\" target=\"_blank\" rel=\"noopener noreferrer\">Auditor\u00eda Hospital Integral Badiraguato (informe final)<\/a><\/li>\n<li><a href=\"http:\/\/saludsinaloa.gob.mx\/wp-content\/uploads\/2021\/files\/Auditor\u00eda Hospital Integral Badiraguato (inicio).pdf\" target=\"_blank\" rel=\"noopener noreferrer\">Auditor\u00eda Hospital Integral Badiraguato (inicio)<\/a><\/li>\n<li><a href=\"http:\/\/saludsinaloa.gob.mx\/wp-content\/uploads\/2021\/files\/Auditor\u00eda Centro de Salud Urbano de Escuinapa (informe final).pdf\" target=\"_blank\" rel=\"noopener noreferrer\">Auditor\u00eda Centro de Salud Urbano de Escuinapa (informe final)<\/a><\/li>\n<li><a href=\"http:\/\/saludsinaloa.gob.mx\/wp-content\/uploads\/2021\/files\/Auditor\u00eda Centro de Salud Urbano de Escuinapa (inicio).pdf\" target=\"_blank\" rel=\"noopener noreferrer\">Auditor\u00eda Centro de Salud Urbano de Escuinapa (inicio)<\/a><\/li>\n<li><a href=\"http:\/\/saludsinaloa.gob.mx\/wp-content\/uploads\/2021\/files\/Auditor\u00eda Centro de Salud Urbano El Rosario (informe final).pdf\" target=\"_blank\" rel=\"noopener noreferrer\">Auditor\u00eda Centro de Salud Urbano El Rosario (informe final)<\/a><\/li>\n<li><a href=\"http:\/\/saludsinaloa.gob.mx\/wp-content\/uploads\/2021\/files\/Auditor\u00eda Centro de Salud Urbano El Rosario (inicio).pdf\" target=\"_blank\" rel=\"noopener noreferrer\">Auditor\u00eda Centro de Salud Urbano El Rosario (inicio)<\/a><\/li>\n<li><a href=\"http:\/\/saludsinaloa.gob.mx\/wp-content\/uploads\/2021\/files\/Auditor\u00eda Hospital General de Guamuchil (inicio).pdf\" target=\"_blank\" rel=\"noopener noreferrer\">Auditor\u00eda Hospital General de Guamuchil (inicio)<\/a><\/li>\n<li><a href=\"http:\/\/saludsinaloa.gob.mx\/wp-content\/uploads\/2021\/files\/Auditor\u00eda Hospital General de Guamuchil (final).pdf\" target=\"_blank\" rel=\"noopener noreferrer\">Auditor\u00eda Hospital General de Guamuchil (final)<\/a><\/li>\n<li><a href=\"http:\/\/saludsinaloa.gob.mx\/wp-content\/uploads\/2021\/files\/Auditor\u00eda Hospital Integral Mocorito (informe final).pdf\" target=\"_blank\" rel=\"noopener noreferrer\">Auditor\u00eda Hospital Integral Mocorito (informe final)<\/a><\/li>\n<li><a href=\"http:\/\/saludsinaloa.gob.mx\/wp-content\/uploads\/2021\/files\/Auditor\u00eda Hospital Integral Mocorito (inicio).pdf\" target=\"_blank\" rel=\"noopener noreferrer\">Auditor\u00eda Hospital Integral Mocorito (inicio)<\/a><\/li>\n<li><a href=\"http:\/\/saludsinaloa.gob.mx\/wp-content\/uploads\/2021\/files\/Auditor\u00eda Uneme Cisame Mazatlan (informe final).pdf\" target=\"_blank\" rel=\"noopener noreferrer\">Auditor\u00eda Uneme Cisame Mazatlan (informe final)<\/a><\/li>\n<li><a href=\"http:\/\/saludsinaloa.gob.mx\/wp-content\/uploads\/2021\/files\/Auditor\u00eda Uneme Cisame Mazatlan (informe final).pdf\" target=\"_blank\" rel=\"noopener noreferrer\">Auditor\u00eda Uneme Cisame Mazatlan (inicio)<\/a><\/li>\n<li><a href=\"http:\/\/saludsinaloa.gob.mx\/wp-content\/uploads\/2021\/files\/Auditor\u00eda Hospital Integral Cosala (inicio).pdf\" target=\"_blank\" rel=\"noopener noreferrer\">Auditor\u00eda Hospital Integral Cosala (inicio)<\/a><\/li>\n<li><a href=\"http:\/\/saludsinaloa.gob.mx\/wp-content\/uploads\/2021\/files\/Auditor\u00eda Hospital Integral Cosala (final).pdf\" target=\"_blank\" rel=\"noopener noreferrer\">Auditor\u00eda Hospital Integral Cosala (final)<\/a><\/li>\n<li><a href=\"http:\/\/saludsinaloa.gob.mx\/wp-content\/uploads\/2021\/files\/Auditar\u00eda Centro de Especialidades Odontologicas Rafael Buelna (inicio).pdf\" target=\"_blank\" rel=\"noopener noreferrer\">Auditar\u00eda Centro de Especialidades Odontologicas Rafael Buelna (inicio)<\/a><\/li>\n<li><a href=\"http:\/\/saludsinaloa.gob.mx\/wp-content\/uploads\/2021\/files\/Auditor\u00eda Hospital Psiquiatrico de Sinaloa (inicio).pdf\" target=\"_blank\" rel=\"noopener noreferrer\">Auditor\u00eda Hospital Psiquiatrico de Sinaloa (inicio)<\/a><\/li>\n<li><a href=\"http:\/\/saludsinaloa.gob.mx\/wp-content\/uploads\/2021\/files\/Auditor\u00eda Hospital Psiquiatrico deSinaloa(Final.pdf\" target=\"_blank\" rel=\"noopener noreferrer\">Auditor\u00eda Hospital Psiquiatrico de Sinaloa (final)<\/a><\/li>\n<li><a href=\"http:\/\/saludsinaloa.gob.mx\/wp-content\/uploads\/2021\/files\/Auditor\u00eda Centro Dermatologico de Sinaloa (inicio).pdf\" target=\"_blank\" rel=\"noopener noreferrer\">Auditor\u00eda Centro Dermatologico de Sinaloa (inicio)<\/a><\/li>\n<li><a href=\"http:\/\/saludsinaloa.gob.mx\/wp-content\/uploads\/2021\/files\/Auditor\u00eda Centro Dermatologico de Sinaloa(Final).pdf\" target=\"_blank\" rel=\"noopener noreferrer\">Auditor\u00eda Centro Dermatologico de Sinaloa (final)<\/a><\/li>\n<li><a href=\"http:\/\/saludsinaloa.gob.mx\/wp-content\/uploads\/2021\/files\/Auditor\u00eda Laboratorio Estatal de Salud P\u00fablica de Sinaloa (inicio).pdf\" target=\"_blank\" rel=\"noopener noreferrer\">Auditor\u00eda Laboratorio Estatal de Salud P\u00fablica de Sinaloa (inicio)<\/a><\/li>\n<\/ul>\n","protected":false},"excerpt":{"rendered":"<p>Regresar Auditar\u00eda Hospital Integral Valle de san Lorenzo (inicio) Auditor\u00eda Hospital Integral Valle de san Lorenzo (informe final) Auditor\u00eda Hospital Integral Badiraguato (informe final) Auditor\u00eda Hospital Integral Badiraguato (inicio) Auditor\u00eda Centro de Salud Urbano de Escuinapa (informe final) Auditor\u00eda Centro de Salud Urbano de Escuinapa (inicio) Auditor\u00eda Centro de Salud Urbano El Rosario (informe final) [&hellip;]<\/p>\n","protected":false},"author":1,"featured_media":0,"parent":0,"menu_order":0,"comment_status":"closed","ping_status":"closed","template":"templates\/full-width-page.php","meta":{"footnotes":""},"class_list":["post-12785","page","type-page","status-publish","hentry"],"_links":{"self":[{"href":"https:\/\/saludsinaloa.gob.mx\/index.php\/wp-json\/wp\/v2\/pages\/12785","targetHints":{"allow":["GET"]}}],"collection":[{"href":"https:\/\/saludsinaloa.gob.mx\/index.php\/wp-json\/wp\/v2\/pages"}],"about":[{"href":"https:\/\/saludsinaloa.gob.mx\/index.php\/wp-json\/wp\/v2\/types\/page"}],"author":[{"embeddable":true,"href":"https:\/\/saludsinaloa.gob.mx\/index.php\/wp-json\/wp\/v2\/users\/1"}],"replies":[{"embeddable":true,"href":"https:\/\/saludsinaloa.gob.mx\/index.php\/wp-json\/wp\/v2\/comments?post=12785"}],"version-history":[{"count":6,"href":"https:\/\/saludsinaloa.gob.mx\/index.php\/wp-json\/wp\/v2\/pages\/12785\/revisions"}],"predecessor-version":[{"id":14165,"href":"https:\/\/saludsinaloa.gob.mx\/index.php\/wp-json\/wp\/v2\/pages\/12785\/revisions\/14165"}],"wp:attachment":[{"href":"https:\/\/saludsinaloa.gob.mx\/index.php\/wp-json\/wp\/v2\/media?parent=12785"}],"curies":[{"name":"wp","href":"https:\/\/api.w.org\/{rel}","templated":true}]}}