{"id":12766,"date":"2021-12-08T23:59:34","date_gmt":"2021-12-08T23:59:34","guid":{"rendered":"http:\/\/saludsinaloa.gob.mx\/?page_id=12766"},"modified":"2021-12-09T00:55:04","modified_gmt":"2021-12-09T00:55:04","slug":"programa-operativo-anual-poa-servicios-de-salud-de-sinaloa-2021","status":"publish","type":"page","link":"https:\/\/saludsinaloa.gob.mx\/index.php\/programa-operativo-anual-poa-servicios-de-salud-de-sinaloa-2021\/","title":{"rendered":"Programa Operativo Anual (POA) Servicios de Salud de Sinaloa 2021"},"content":{"rendered":"<h3><a href=\"http:\/\/saludsinaloa.gob.mx\/index.php\/programa-operativo-anual-poa-servicios-de-salud-de-sinaloa\/\">Regresar<\/a><\/h3>\n<p><strong>Estrategia 60<\/strong><\/p>\n<hr \/>\n<ul>\n<li><a href=\"http:\/\/saludsinaloa.gob.mx\/wp-content\/uploads\/2021\/files\/Abasto de medicamentos.pdf\" target=\"_blank\" rel=\"noopener noreferrer\">Abasto de medicamentos<\/a><\/li>\n<li><a href=\"http:\/\/saludsinaloa.gob.mx\/wp-content\/uploads\/2021\/files\/Adquisici\u00f3n de medicamentos y material de curaci\u00f3n.pdf\" target=\"_blank\" rel=\"noopener noreferrer\">Adquisici\u00f3n de medicamentos y material de curaci\u00f3n<\/a><\/li>\n<li><a href=\"http:\/\/saludsinaloa.gob.mx\/wp-content\/uploads\/2021\/files\/Aportaciones IPES de ejercicios anteriores Hospital Pedi\u00e1trico de Sinaloa.pdf\" target=\"_blank\" rel=\"noopener noreferrer\">Aportaciones IPES de ejercicios anteriores Hospital Pedi\u00e1trico de Sinaloa<\/a><\/li>\n<li><a href=\"http:\/\/saludsinaloa.gob.mx\/wp-content\/uploads\/2021\/files\/Atenci\u00f3n a victimas del delito.pdf\" target=\"_blank\" rel=\"noopener noreferrer\">Atenci\u00f3n a victimas del delito<\/a><\/li>\n<li><a href=\"http:\/\/saludsinaloa.gob.mx\/wp-content\/uploads\/2021\/files\/Atenci\u00f3n m\u00e9dica especializada en pediatrica.pdf\" target=\"_blank\" rel=\"noopener noreferrer\">Atenci\u00f3n m\u00e9dica especializada en pedi\u00e1trica<\/a><\/li>\n<li><a href=\"http:\/\/saludsinaloa.gob.mx\/wp-content\/uploads\/2021\/files\/Becas Residenciales.pdf\" target=\"_blank\" rel=\"noopener noreferrer\">Becas Residenciales<\/a><\/li>\n<li><a href=\"http:\/\/saludsinaloa.gob.mx\/wp-content\/uploads\/2021\/files\/Compra de veh\u00edculos para el programa de vacunaci\u00f3n.pdf\" target=\"_blank\" rel=\"noopener noreferrer\">Compra de veh\u00edculos para el programa de vacunaci\u00f3n<\/a><\/li>\n<li><a href=\"http:\/\/saludsinaloa.gob.mx\/wp-content\/uploads\/2021\/files\/Cuentas por pagar de ejercicios anteriores del Hospital Pedi\u00e1trico de Sinaloa.pdf\" target=\"_blank\" rel=\"noopener noreferrer\">Cuentas por pagar de ejercicios anteriores del Hospital Pedi\u00e1trico de Sinaloa<\/a><\/li>\n<li><a href=\"http:\/\/saludsinaloa.gob.mx\/wp-content\/uploads\/2021\/files\/Demolici\u00f3n, adecuaci\u00f3n de espacio y construcci\u00f3n del nuevo estacionamiento del Hospital Pediatrico de Sinaloa.pdf\" target=\"_blank\" rel=\"noopener noreferrer\">Demolici\u00f3n, adecuaci\u00f3n de espacio y construcci\u00f3n del nuevo estacionamiento del Hospital Pedi\u00e1trico de Sinaloa<\/a><\/li>\n<li><a href=\"http:\/\/saludsinaloa.gob.mx\/wp-content\/uploads\/2021\/files\/Equipo de alta especialidad.pdf\" target=\"_blank\" rel=\"noopener noreferrer\">Equipo de alta especialidad<\/a><\/li>\n<li><a href=\"http:\/\/saludsinaloa.gob.mx\/wp-content\/uploads\/2021\/files\/Fortalecer el transplante de \u00f3rganos s\u00f3lidos.pdf\" target=\"_blank\" rel=\"noopener noreferrer\">Fortalecer el trasplante de \u00f3rganos s\u00f3lidos<\/a><\/li>\n<li><a href=\"http:\/\/saludsinaloa.gob.mx\/wp-content\/uploads\/2021\/files\/Fortalecimiento a la infraestructura fisica en salud.pdf\" target=\"_blank\" rel=\"noopener noreferrer\">Fortalecimiento a la infraestructura f\u00edsica en salud<\/a><\/li>\n<li><a href=\"http:\/\/saludsinaloa.gob.mx\/wp-content\/uploads\/2021\/files\/Fortalecimiento a la red de tecnologia en salud.pdf\" target=\"_blank\" rel=\"noopener noreferrer\">Fortalecimiento a la red de tecnolog\u00eda en salud<\/a><\/li>\n<li><a href=\"http:\/\/saludsinaloa.gob.mx\/wp-content\/uploads\/2021\/files\/Fortalecimiento del control integrado de enfermedades transmitidas por vector (Dengue y Paludismo).pdf\" target=\"_blank\" rel=\"noopener noreferrer\">Fortalecimiento del control integrado de enfermedades transmitidas por vector (Dengue y Paludismo)<\/a><\/li>\n<li><a href=\"http:\/\/saludsinaloa.gob.mx\/wp-content\/uploads\/2021\/files\/Fortalecimiento en infraestructura estatal de salud p\u00fablica de Sinaloa.pdf\" target=\"_blank\" rel=\"noopener noreferrer\">Fortalecimiento en infraestructura estatal de salud p\u00fablica de Sinaloa<\/a><\/li>\n<li><a href=\"http:\/\/saludsinaloa.gob.mx\/wp-content\/uploads\/2021\/files\/Fortalecimiento institucional Hospital Pediatrico de Sinaloa.pdf\" target=\"_blank\" rel=\"noopener noreferrer\">Fortalecimiento institucional Hospital Pedi\u00e1trico de Sinaloa<\/a><\/li>\n<li><a href=\"http:\/\/saludsinaloa.gob.mx\/wp-content\/uploads\/2021\/files\/Fortalecimiento para la operaci\u00f3n del nuevo edificio del Hospital Pediatrico de Sinaloa.pdf\" target=\"_blank\" rel=\"noopener noreferrer\">Fortalecimiento para la operaci\u00f3n del nuevo edificio del Hospital Pedi\u00e1trico de Sinaloa<\/a><\/li>\n<li><a href=\"http:\/\/saludsinaloa.gob.mx\/wp-content\/uploads\/2021\/files\/Gasto de Operaci\u00f3n UNEMES-CAPA.pdf\" target=\"_blank\" rel=\"noopener noreferrer\">Gasto de Operaci\u00f3n UNEMES-CAPA<\/a><\/li>\n<li><a href=\"http:\/\/saludsinaloa.gob.mx\/wp-content\/uploads\/2021\/files\/Gasto de operaci\u00f3n unidades m\u00e9dicas.pdf\" target=\"_blank\" rel=\"noopener noreferrer\">Gasto de operaci\u00f3n unidades m\u00e9dicas<\/a><\/li>\n<li><a href=\"http:\/\/saludsinaloa.gob.mx\/wp-content\/uploads\/2021\/files\/Nivel salarial a quimicos.pdf\" target=\"_blank\" rel=\"noopener noreferrer\">Nivel salarial a qu\u00edmicos<\/a><\/li>\n<li><a href=\"http:\/\/saludsinaloa.gob.mx\/wp-content\/uploads\/2021\/files\/N\u00f3mina del Hospital Pedi\u00e1trico.pdf\" target=\"_blank\" rel=\"noopener noreferrer\">N\u00f3mina del Hospital Pedi\u00e1trico<\/a><\/li>\n<li><a href=\"http:\/\/saludsinaloa.gob.mx\/wp-content\/uploads\/2021\/files\/Pensiones y jubilados hospital pediatrico de sinaloa.pdf\" target=\"_blank\" rel=\"noopener noreferrer\">Pensiones y jubilados hospital pedi\u00e1trico de Sinaloa<\/a><\/li>\n<li><a href=\"http:\/\/saludsinaloa.gob.mx\/wp-content\/uploads\/2021\/files\/Porgrama de mejoramiento salarial para el personal precario de los Servicios de Ssalud RC.pdf\" target=\"_blank\" rel=\"noopener noreferrer\">Programa de mejoramiento salarial para el personal precario de los Servicios de Salud RC<\/a><\/li>\n<li><a href=\"http:\/\/saludsinaloa.gob.mx\/wp-content\/uploads\/2021\/files\/Programa de estimulos a la eficiencia y calidad Hospital Pedi\u00e1trico de Sinaloa.pdf\" target=\"_blank\" rel=\"noopener noreferrer\">Programa de est\u00edmulos a la eficiencia y calidad Hospital Pedi\u00e1trico de Sinaloa<\/a><\/li>\n<li><a href=\"http:\/\/saludsinaloa.gob.mx\/wp-content\/uploads\/2021\/files\/Seguridad y Protecci\u00f3n de instalaciones Hospital Pediatrico de Sinaloa.pdf\" target=\"_blank\" rel=\"noopener noreferrer\">Seguridad y Protecci\u00f3n de instalaciones Hospital Pedi\u00e1trico de Sinaloa<\/a><\/li>\n<\/ul>\n<p><strong>Estrategia 61<\/strong><\/p>\n<hr \/>\n<ul>\n<li><a href=\"http:\/\/saludsinaloa.gob.mx\/wp-content\/uploads\/2021\/files\/C\u00e1ncer de la mujer (afaspe) inversi\u00f3n.pdf\" target=\"_blank\" rel=\"noopener noreferrer\">C\u00e1ncer de la mujer (afaspe) inversi\u00f3n<\/a><\/li>\n<li><a href=\"http:\/\/saludsinaloa.gob.mx\/wp-content\/uploads\/2021\/files\/C\u00e1ncer de la Mujer (afaspe).pdf\" target=\"_blank\" rel=\"noopener noreferrer\">C\u00e1ncer de la Mujer (afaspe)<\/a><\/li>\n<li><a href=\"http:\/\/saludsinaloa.gob.mx\/wp-content\/uploads\/2021\/files\/C\u00e1ncer de la mujer.pdf\" target=\"_blank\" rel=\"noopener noreferrer\">C\u00e1ncer de la mujer<\/a><\/li>\n<li><a href=\"http:\/\/saludsinaloa.gob.mx\/wp-content\/uploads\/2021\/files\/Dengue (afaspe) inversi\u00f3n.pdf\" target=\"_blank\" rel=\"noopener noreferrer\">Dengue (afaspe) inversi\u00f3n<\/a><\/li>\n<li><a href=\"http:\/\/saludsinaloa.gob.mx\/wp-content\/uploads\/2021\/files\/Dengue (afaspe).pdf\" target=\"_blank\" rel=\"noopener noreferrer\">Dengue (afaspe)<\/a><\/li>\n<li><a href=\"http:\/\/saludsinaloa.gob.mx\/wp-content\/uploads\/2021\/files\/Dengues SSS.pdf\" target=\"_blank\" rel=\"noopener noreferrer\">Dengues SSS<\/a><\/li>\n<li><a href=\"http:\/\/saludsinaloa.gob.mx\/wp-content\/uploads\/2021\/files\/Lepra (afaspe).pdf\" target=\"_blank\" rel=\"noopener noreferrer\">Lepra (afaspe)<\/a><\/li>\n<li><a href=\"http:\/\/saludsinaloa.gob.mx\/wp-content\/uploads\/2021\/files\/Lepra SSS.pdf\" target=\"_blank\" rel=\"noopener noreferrer\">Lepra SSS<\/a><\/li>\n<li><a href=\"http:\/\/saludsinaloa.gob.mx\/wp-content\/uploads\/2021\/files\/Salud Bucal (afaspe).pdf\" target=\"_blank\" rel=\"noopener noreferrer\">Salud Bucal (afaspe)<\/a><\/li>\n<li><a href=\"http:\/\/saludsinaloa.gob.mx\/wp-content\/uploads\/2021\/files\/Salud bucal SSS.pdf\" target=\"_blank\" rel=\"noopener noreferrer\">Salud bucal SSS<\/a><\/li>\n<li><a href=\"http:\/\/saludsinaloa.gob.mx\/wp-content\/uploads\/2021\/files\/Salud mental SSS.pdf\" target=\"_blank\" rel=\"noopener noreferrer\">Salud mental SSS<\/a><\/li>\n<li><a href=\"http:\/\/saludsinaloa.gob.mx\/wp-content\/uploads\/2021\/files\/Tuberculosis (afaspe).pdf\" target=\"_blank\" rel=\"noopener noreferrer\">Tuberculosis (afaspe)<\/a><\/li>\n<li><a href=\"http:\/\/saludsinaloa.gob.mx\/wp-content\/uploads\/2021\/files\/Vacunaci\u00f3n (afaspe).pdf\" target=\"_blank\" rel=\"noopener noreferrer\">Vacunaci\u00f3n (afaspe)<\/a><\/li>\n<li><a href=\"http:\/\/saludsinaloa.gob.mx\/wp-content\/uploads\/2021\/files\/Vacunaci\u00f3n SSS.pdf\" target=\"_blank\" rel=\"noopener noreferrer\">Vacunaci\u00f3n SSS<\/a><\/li>\n<li><a href=\"http:\/\/saludsinaloa.gob.mx\/wp-content\/uploads\/2021\/files\/VIH-SIDA (afaspe).pdf\" target=\"_blank\" rel=\"noopener noreferrer\">VIH-SIDA (afaspe)<\/a><\/li>\n<li><a href=\"http:\/\/saludsinaloa.gob.mx\/wp-content\/uploads\/2021\/files\/VIH-sida SSS.pdf\" target=\"_blank\" rel=\"noopener noreferrer\">VIH-sida SSS<\/a><\/li>\n<li><a href=\"http:\/\/saludsinaloa.gob.mx\/wp-content\/uploads\/2021\/files\/Violencia familiar y de g\u00e9nero (afaspe).pdf\" target=\"_blank\" rel=\"noopener noreferrer\">Violencia familiar y de g\u00e9nero (afaspe)<\/a><\/li>\n<li><a href=\"http:\/\/saludsinaloa.gob.mx\/wp-content\/uploads\/2021\/files\/Violencia familiar y de g\u00e9nero SSS.pdf\" target=\"_blank\" rel=\"noopener noreferrer\">Violencia familiar y de g\u00e9nero SSS<\/a><\/li>\n<\/ul>\n<p><strong>Estrategia 62<\/strong><\/p>\n<hr \/>\n<ul>\n<li><a href=\"http:\/\/saludsinaloa.gob.mx\/wp-content\/uploads\/2021\/files\/Infancia (afaspe).pdf\" target=\"_blank\" rel=\"noopener noreferrer\">Infancia (afaspe)<\/a><\/li>\n<li><a href=\"http:\/\/saludsinaloa.gob.mx\/wp-content\/uploads\/2021\/files\/Infancia SSS.pdf\" target=\"_blank\" rel=\"noopener noreferrer\">Infancia SSS<\/a><\/li>\n<li><a href=\"http:\/\/saludsinaloa.gob.mx\/wp-content\/uploads\/2021\/files\/Planificaci\u00f3n familiar (afaspe) inversi\u00f3n.pdf\" target=\"_blank\" rel=\"noopener noreferrer\">Planificaci\u00f3n familiar (afaspe) inversi\u00f3n<\/a><\/li>\n<li><a href=\"http:\/\/saludsinaloa.gob.mx\/wp-content\/uploads\/2021\/files\/Planificaci\u00f3n familiar (afaspe).pdf\" target=\"_blank\" rel=\"noopener noreferrer\">Planificaci\u00f3n familiar (afaspe)<\/a><\/li>\n<li><a href=\"http:\/\/saludsinaloa.gob.mx\/wp-content\/uploads\/2021\/files\/Planificaci\u00f3n familiar SSS.pdf\" target=\"_blank\" rel=\"noopener noreferrer\">Planificaci\u00f3n familiar SSS<\/a><\/li>\n<li><a href=\"http:\/\/saludsinaloa.gob.mx\/wp-content\/uploads\/2021\/files\/Salud materna perinatal SSS.pdf\" target=\"_blank\" rel=\"noopener noreferrer\">Salud materna perinatal SSS<\/a><\/li>\n<li><a href=\"http:\/\/saludsinaloa.gob.mx\/wp-content\/uploads\/2021\/files\/Salud materna y perinatal (afaspe) inversi\u00f3n.pdf\" target=\"_blank\" rel=\"noopener noreferrer\">Salud materna y perinatal (afaspe) inversi\u00f3n<\/a><\/li>\n<li><a href=\"http:\/\/saludsinaloa.gob.mx\/wp-content\/uploads\/2021\/files\/Salud materna y perinatal (afaspe).pdf\" target=\"_blank\" rel=\"noopener noreferrer\">Salud materna y perinatal (afaspe)<\/a><\/li>\n<li><a href=\"http:\/\/saludsinaloa.gob.mx\/wp-content\/uploads\/2021\/files\/Salud reproductiva (afaspe) inversion.pdf\" target=\"_blank\" rel=\"noopener noreferrer\">Salud reproductiva (afaspe) inversion<\/a><\/li>\n<li><a href=\"http:\/\/saludsinaloa.gob.mx\/wp-content\/uploads\/2021\/files\/Salud reproductiva (afaspe) inversi\u00f3n.pdf\" target=\"_blank\" rel=\"noopener noreferrer\">Salud reproductiva (afaspe) inversi\u00f3n<\/a><\/li>\n<li><a href=\"http:\/\/saludsinaloa.gob.mx\/wp-content\/uploads\/2021\/files\/Salud reproductivva (afaspe).pdf\" target=\"_blank\" rel=\"noopener noreferrer\">Salud reproductivva (afaspe)<\/a><\/li>\n<\/ul>\n<p><strong>Estrategia 64<\/strong><\/p>\n<hr \/>\n<ul>\n<li><a href=\"http:\/\/saludsinaloa.gob.mx\/wp-content\/uploads\/2021\/files\/Comisi\u00f3n Estatal para la Protecci\u00f3n contra Riesgos Sanitarios.pdf\" target=\"_blank\" rel=\"noopener noreferrer\">Comisi\u00f3n Estatal para la Protecci\u00f3n contra Riesgos Sanitarios<\/a><\/li>\n<li><a href=\"http:\/\/saludsinaloa.gob.mx\/wp-content\/uploads\/2021\/files\/Continuaci\u00f3n del plan de proteccion contra riesgos sanitarios COVID-19.pdf\" target=\"_blank\" rel=\"noopener noreferrer\">Continuaci\u00f3n del plan de proteccion contra riesgos sanitarios COVID-19<\/a><\/li>\n<li><a href=\"http:\/\/saludsinaloa.gob.mx\/wp-content\/uploads\/2021\/files\/Programa de capacitaci\u00f3n Prevenci\u00f3n, tratamiento y control de las Adicciones.pdf\" target=\"_blank\" rel=\"noopener noreferrer\">Programa de capacitaci\u00f3n Prevenci\u00f3n, tratamiento y control de las Adicciones<\/a><\/li>\n<li><a href=\"http:\/\/saludsinaloa.gob.mx\/wp-content\/uploads\/2021\/files\/Programa de prevenci\u00f3n, Tratamiento y Control de Adicciones2.pdf\" target=\"_blank\" rel=\"noopener noreferrer\">Programa de prevenci\u00f3n, Tratamiento y Control de Adicciones2<\/a><\/li>\n<li><a href=\"http:\/\/saludsinaloa.gob.mx\/wp-content\/uploads\/2021\/files\/Protecci\u00f3n Contra Riesgo Sanitario y Red Nacional de Laboratorios (inversion).pdf\" target=\"_blank\" rel=\"noopener noreferrer\">Protecci\u00f3n Contra Riesgo Sanitario y Red Nacional de Laboratorios (inversion)<\/a><\/li>\n<li><a href=\"http:\/\/saludsinaloa.gob.mx\/wp-content\/uploads\/2021\/files\/Protecci\u00f3n Contra Riesgos Sanitarios y Red Nacional de Laboratorio.pdf\" target=\"_blank\" rel=\"noopener noreferrer\">Protecci\u00f3n Contra Riesgos Sanitarios y Red Nacional de Laboratorio<\/a><\/li>\n<li><a href=\"http:\/\/saludsinaloa.gob.mx\/wp-content\/uploads\/2021\/files\/Vigilancia en areas de cultivo y extraccion Moluscos Bibalbos para mantener los trabajos de clasificacion de zonas por la COEPRISS.pdf\" target=\"_blank\" rel=\"noopener noreferrer\">Vigilancia en areas de cultivo y extraccion Moluscos Bibalbos para mantener los trabajos de clasificacion de zonas por la COEPRISS<\/a><\/li>\n<li><a href=\"http:\/\/saludsinaloa.gob.mx\/wp-content\/uploads\/2021\/files\/Vigilancia Regular en Riesgo Sanitarios COEPRISS.pdf\" target=\"_blank\" rel=\"noopener noreferrer\">Vigilancia Regular en Riesgo Sanitarios COEPRISS<\/a><\/li>\n<li><a href=\"http:\/\/saludsinaloa.gob.mx\/wp-content\/uploads\/2021\/files\/Visitas sanitarias para la clasificaci\u00f3n de zonas para el cultivo y extracciones de moluscos bivalvos por COEPRISS.pdf\" target=\"_blank\" rel=\"noopener noreferrer\">Visitas sanitarias para la clasificaci\u00f3n de zonas para el cultivo y extracciones de moluscos bivalvos por COEPRISS<\/a><\/li>\n<\/ul>\n<p><strong>Estrategia 67<\/strong><\/p>\n<hr \/>\n<ul>\n<li><a href=\"http:\/\/saludsinaloa.gob.mx\/wp-content\/uploads\/2021\/files\/Fondo de previsi\u00f3n presupuestal fpp 2% (inversi\u00f3n).pdf\" target=\"_blank\" rel=\"noopener noreferrer\">Fondo de previsi\u00f3n presupuestal fpp 2% (inversi\u00f3n)<\/a><\/li>\n<li><a href=\"http:\/\/saludsinaloa.gob.mx\/wp-content\/uploads\/2021\/files\/Seguro m\u00e9dico siglo XXI INSABI.pdf\" target=\"_blank\" rel=\"noopener noreferrer\">Seguro m\u00e9dico siglo XXI INSABI<\/a><\/li>\n<li><a href=\"http:\/\/saludsinaloa.gob.mx\/wp-content\/uploads\/2021\/files\/Servivcios administrativos y financieros.pdf\" target=\"_blank\" rel=\"noopener noreferrer\">Servivcios administrativos y financieros<\/a><\/li>\n<\/ul>\n<p><strong>Estrategia 68<\/strong><\/p>\n<hr \/>\n<ul>\n<li><a href=\"http:\/\/saludsinaloa.gob.mx\/wp-content\/uploads\/2021\/files\/Fortalecimiento a la atenci\u00f3n m\u00e9dica.pdf\">Fortalecimiento a la atenci\u00f3n m\u00e9dica<\/a><\/li>\n<\/ul>\n","protected":false},"excerpt":{"rendered":"<p>Regresar Estrategia 60 Abasto de medicamentos Adquisici\u00f3n de medicamentos y material de curaci\u00f3n Aportaciones IPES de ejercicios anteriores Hospital Pedi\u00e1trico de Sinaloa Atenci\u00f3n a victimas del delito Atenci\u00f3n m\u00e9dica especializada en pedi\u00e1trica Becas Residenciales Compra de veh\u00edculos para el programa de vacunaci\u00f3n Cuentas por pagar de ejercicios anteriores del Hospital Pedi\u00e1trico de Sinaloa Demolici\u00f3n, adecuaci\u00f3n [&hellip;]<\/p>\n","protected":false},"author":1,"featured_media":0,"parent":0,"menu_order":0,"comment_status":"closed","ping_status":"closed","template":"templates\/full-width-page.php","meta":{"footnotes":""},"class_list":["post-12766","page","type-page","status-publish","hentry"],"_links":{"self":[{"href":"https:\/\/saludsinaloa.gob.mx\/index.php\/wp-json\/wp\/v2\/pages\/12766","targetHints":{"allow":["GET"]}}],"collection":[{"href":"https:\/\/saludsinaloa.gob.mx\/index.php\/wp-json\/wp\/v2\/pages"}],"about":[{"href":"https:\/\/saludsinaloa.gob.mx\/index.php\/wp-json\/wp\/v2\/types\/page"}],"author":[{"embeddable":true,"href":"https:\/\/saludsinaloa.gob.mx\/index.php\/wp-json\/wp\/v2\/users\/1"}],"replies":[{"embeddable":true,"href":"https:\/\/saludsinaloa.gob.mx\/index.php\/wp-json\/wp\/v2\/comments?post=12766"}],"version-history":[{"count":5,"href":"https:\/\/saludsinaloa.gob.mx\/index.php\/wp-json\/wp\/v2\/pages\/12766\/revisions"}],"predecessor-version":[{"id":12774,"href":"https:\/\/saludsinaloa.gob.mx\/index.php\/wp-json\/wp\/v2\/pages\/12766\/revisions\/12774"}],"wp:attachment":[{"href":"https:\/\/saludsinaloa.gob.mx\/index.php\/wp-json\/wp\/v2\/media?parent=12766"}],"curies":[{"name":"wp","href":"https:\/\/api.w.org\/{rel}","templated":true}]}}