{"id":1243,"date":"2018-03-01T18:27:41","date_gmt":"2018-03-01T18:27:41","guid":{"rendered":"http:\/\/wpress2.saludsinaloa.gob.mx\/wordpress\/?page_id=1243"},"modified":"2018-05-15T20:50:38","modified_gmt":"2018-05-15T20:50:38","slug":"solicitud-de-expedicion-de-licencia-sanitaria-para-establecimiento-de-insumos-para-la-salud-almacen","status":"publish","type":"page","link":"https:\/\/saludsinaloa.gob.mx\/index.php\/solicitud-de-expedicion-de-licencia-sanitaria-para-establecimiento-de-insumos-para-la-salud-almacen\/","title":{"rendered":"Solicitud de Expedici\u00f3n de Licencia Sanitaria para Establecimiento de Insumos para la Salud &#8211; Almac\u00e9n"},"content":{"rendered":"<p><strong>Tr\u00e1mite Coepriss<\/strong><br \/>\n<strong>Licencias<\/strong><\/p>\n<p><a href=\"http:\/\/wpress2.saludsinaloa.gob.mx\/wordpress\/wp-content\/uploads\/2017\/files\/coepriss\/licencias\/Licencia sanitaria almacenes insumos.pdf\" target=\"_blank\" rel=\"noopener\">SOLICITUD DE EXPEDICI\u00d3N DE LICENCIA SANITARIA PARA ESTABLECIMIENTO DE INSUMOS PARA LA SALUD &#8211; ALMAC\u00c9N.<\/a><\/p>\n<p>[gview file=&#8221;http:\/\/wpress2.saludsinaloa.gob.mx\/wordpress\/wp-content\/uploads\/2017\/files\/coepriss\/licencias\/Licencia sanitaria almacenes insumos.pdf&#8221;]<\/p>\n<p>&nbsp;<\/p>\n<p>Fuente: COEPRISS a Agosto del 2017<br \/>\nElabor\u00f3: COEPRISS<\/p>\n","protected":false},"excerpt":{"rendered":"<p>Tr\u00e1mite Coepriss Licencias SOLICITUD DE EXPEDICI\u00d3N DE LICENCIA SANITARIA PARA ESTABLECIMIENTO DE INSUMOS PARA LA SALUD &#8211; ALMAC\u00c9N. [gview file=&#8221;http:\/\/wpress2.saludsinaloa.gob.mx\/wordpress\/wp-content\/uploads\/2017\/files\/coepriss\/licencias\/Licencia sanitaria almacenes insumos.pdf&#8221;] &nbsp; Fuente: COEPRISS a Agosto del 2017 Elabor\u00f3: COEPRISS<\/p>\n","protected":false},"author":1,"featured_media":0,"parent":0,"menu_order":0,"comment_status":"closed","ping_status":"closed","template":"templates\/full-width-page.php","meta":{"footnotes":""},"class_list":["post-1243","page","type-page","status-publish","hentry"],"_links":{"self":[{"href":"https:\/\/saludsinaloa.gob.mx\/index.php\/wp-json\/wp\/v2\/pages\/1243","targetHints":{"allow":["GET"]}}],"collection":[{"href":"https:\/\/saludsinaloa.gob.mx\/index.php\/wp-json\/wp\/v2\/pages"}],"about":[{"href":"https:\/\/saludsinaloa.gob.mx\/index.php\/wp-json\/wp\/v2\/types\/page"}],"author":[{"embeddable":true,"href":"https:\/\/saludsinaloa.gob.mx\/index.php\/wp-json\/wp\/v2\/users\/1"}],"replies":[{"embeddable":true,"href":"https:\/\/saludsinaloa.gob.mx\/index.php\/wp-json\/wp\/v2\/comments?post=1243"}],"version-history":[{"count":1,"href":"https:\/\/saludsinaloa.gob.mx\/index.php\/wp-json\/wp\/v2\/pages\/1243\/revisions"}],"predecessor-version":[{"id":1244,"href":"https:\/\/saludsinaloa.gob.mx\/index.php\/wp-json\/wp\/v2\/pages\/1243\/revisions\/1244"}],"wp:attachment":[{"href":"https:\/\/saludsinaloa.gob.mx\/index.php\/wp-json\/wp\/v2\/media?parent=1243"}],"curies":[{"name":"wp","href":"https:\/\/api.w.org\/{rel}","templated":true}]}}