{"id":11226,"date":"2020-12-08T07:13:21","date_gmt":"2020-12-08T07:13:21","guid":{"rendered":"http:\/\/saludsinaloa.gob.mx\/?page_id=11226"},"modified":"2021-12-15T07:40:30","modified_gmt":"2021-12-15T07:40:30","slug":"informe-de-avance-programatico-2020","status":"publish","type":"page","link":"https:\/\/saludsinaloa.gob.mx\/index.php\/informe-de-avance-programatico-2020\/","title":{"rendered":"Informe de Avance Program\u00e1tico 2020"},"content":{"rendered":"<h3><a href=\"http:\/\/saludsinaloa.gob.mx\/index.php\/gasto-en-salud\/\">Regresar<\/a><\/h3>\n<p>&nbsp;<\/p>\n<table style=\"border-collapse: collapse; width: 100%; height: 299px;\">\n<tbody>\n<tr style=\"height: 24px;\">\n<td style=\"width: 23.7879%; height: 24px;\"><\/td>\n<td style=\"width: 19.303%; height: 24px; text-align: center;\"><strong>Primer Trimestre<\/strong><\/td>\n<td style=\"width: 21.0001%; height: 24px; text-align: center;\"><strong>Segundo Trimestre<\/strong><\/td>\n<td style=\"width: 18.0756%; height: 24px; text-align: center;\"><strong>Tercer Trimestre<\/strong><\/td>\n<td style=\"width: 17.8334%; text-align: center; height: 24px;\"><strong>Cuarto Trimestre<\/strong><\/td>\n<\/tr>\n<tr style=\"height: 75px;\">\n<td style=\"width: 23.7879%; height: 75px;\"><strong>Anal\u00edtico de Ingresos por Rubro\u00a0<\/strong><\/td>\n<td style=\"width: 19.303%; height: 75px; text-align: center;\"><a href=\"http:\/\/saludsinaloa.gob.mx\/wp-content\/uploads\/2020\/files\/Estado_Analitico_de_Ingresos_por_Rubro_1T_2020.pdf\" target=\"_blank\" rel=\"noopener noreferrer\"><img decoding=\"async\" class=\"alignnone\" src=\"http:\/\/saludsinaloa.gob.mx\/wp-content\/uploads\/2020\/12\/Imagen-PDF.png\" alt=\"\" width=\"27\" height=\"33\" \/><\/a><\/td>\n<td style=\"width: 21.0001%; height: 75px; text-align: center;\"><a href=\"http:\/\/saludsinaloa.gob.mx\/wp-content\/uploads\/2020\/files\/Estado_Analitico_de_Ingresos_por_Rubro_2T_2020.pdf\" target=\"_blank\" rel=\"noopener noreferrer\"><img decoding=\"async\" class=\"alignnone\" src=\"http:\/\/saludsinaloa.gob.mx\/wp-content\/uploads\/2020\/12\/Imagen-PDF.png\" alt=\"\" width=\"27\" height=\"33\" \/><\/a><\/td>\n<td style=\"width: 18.0756%; height: 75px; text-align: center;\"><a href=\"http:\/\/saludsinaloa.gob.mx\/wp-content\/uploads\/2020\/files\/Estado_Analitico_de_Ingresos_por_Rubro_3T_2020.pdf\" target=\"_blank\" rel=\"noopener noreferrer\"><img decoding=\"async\" class=\"alignnone\" src=\"http:\/\/saludsinaloa.gob.mx\/wp-content\/uploads\/2020\/12\/Imagen-PDF.png\" alt=\"\" width=\"27\" height=\"33\" \/><\/a><\/td>\n<td style=\"width: 17.8334%; text-align: center; height: 75px;\"><a href=\"http:\/\/saludsinaloa.gob.mx\/wp-content\/uploads\/2020\/files\/Estado_Analitico_de_Ingresos_por_Rubro_4T_2020.pdf\" target=\"_blank\" rel=\"noopener noreferrer\"><img decoding=\"async\" class=\"alignnone\" src=\"http:\/\/saludsinaloa.gob.mx\/wp-content\/uploads\/2020\/12\/Imagen-PDF.png\" alt=\"\" width=\"27\" height=\"33\" \/><\/a><\/td>\n<\/tr>\n<tr>\n<td style=\"width: 23.7879%;\"><strong>Estado Anal\u00edtico de Ingresos por Fuente de Financiamiento<br \/>\n<\/strong><\/td>\n<td style=\"width: 19.303%; text-align: center;\"><a href=\"http:\/\/saludsinaloa.gob.mx\/wp-content\/uploads\/2020\/files\/Estado_Analitico_de_Ingresos_por_Fuente_de_Financiamiento_1T_2020.pdf\" target=\"_blank\" rel=\"noopener noreferrer\"><img decoding=\"async\" class=\"alignnone\" src=\"http:\/\/saludsinaloa.gob.mx\/wp-content\/uploads\/2020\/12\/Imagen-PDF.png\" alt=\"\" width=\"27\" height=\"33\" \/><\/a><\/td>\n<td style=\"width: 21.0001%; text-align: center;\"><a href=\"http:\/\/saludsinaloa.gob.mx\/wp-content\/uploads\/2020\/files\/Estado_Analitico_de_Ingresos_por_Fuente_de_Financiamiento_2T_2020.pdf\" target=\"_blank\" rel=\"noopener noreferrer\"><img decoding=\"async\" class=\"alignnone\" src=\"http:\/\/saludsinaloa.gob.mx\/wp-content\/uploads\/2020\/12\/Imagen-PDF.png\" alt=\"\" width=\"27\" height=\"33\" \/><\/a><\/td>\n<td style=\"width: 18.0756%; text-align: center;\"><a href=\"http:\/\/saludsinaloa.gob.mx\/wp-content\/uploads\/2020\/files\/Estado_Analitico_de_Ingresos_por_Fuente_de_Financiamiento_3T_2020.pdf\" target=\"_blank\" rel=\"noopener noreferrer\"><img decoding=\"async\" class=\"alignnone\" src=\"http:\/\/saludsinaloa.gob.mx\/wp-content\/uploads\/2020\/12\/Imagen-PDF.png\" alt=\"\" width=\"27\" height=\"33\" \/><\/a><\/td>\n<td style=\"width: 17.8334%; text-align: center;\"><a href=\"http:\/\/saludsinaloa.gob.mx\/wp-content\/uploads\/2020\/files\/Estado_Analitico_de_Ingresos_por_Fuente_de_Financiamiento_4T_2020.pdf\" target=\"_blank\" rel=\"noopener noreferrer\"><img decoding=\"async\" class=\"alignnone\" src=\"http:\/\/saludsinaloa.gob.mx\/wp-content\/uploads\/2020\/12\/Imagen-PDF.png\" alt=\"\" width=\"27\" height=\"33\" \/><\/a><\/td>\n<\/tr>\n<tr style=\"height: 24px;\">\n<td style=\"width: 23.7879%; height: 24px;\"><strong>Estado Anal\u00edtico del Ejercicio del Presupuesto de Egresos (Clasificaci\u00f3n Econ\u00f3mica y Tipo de Gasto)<\/strong><\/td>\n<td style=\"width: 19.303%; height: 24px; text-align: center;\"><a href=\"http:\/\/saludsinaloa.gob.mx\/wp-content\/uploads\/2020\/files\/Clasificacion_Economica_Por_Tipo_de_Gasto_1T_2020.pdf\" target=\"_blank\" rel=\"noopener noreferrer\"><img decoding=\"async\" class=\"alignnone\" src=\"http:\/\/saludsinaloa.gob.mx\/wp-content\/uploads\/2020\/12\/Imagen-PDF.png\" alt=\"\" width=\"27\" height=\"33\" \/><\/a><\/td>\n<td style=\"width: 21.0001%; height: 24px; text-align: center;\"><a href=\"http:\/\/saludsinaloa.gob.mx\/wp-content\/uploads\/2020\/files\/Clasificacion_Economica_Por_Tipo_de_Gasto_2T_2020.pdf\" target=\"_blank\" rel=\"noopener noreferrer\"><img decoding=\"async\" class=\"alignnone\" src=\"http:\/\/saludsinaloa.gob.mx\/wp-content\/uploads\/2020\/12\/Imagen-PDF.png\" alt=\"\" width=\"27\" height=\"33\" \/><\/a><\/td>\n<td style=\"width: 18.0756%; height: 24px; text-align: center;\"><a href=\"http:\/\/saludsinaloa.gob.mx\/wp-content\/uploads\/2020\/files\/Clasificacion_Economica_Por_Tipo_de_Gasto_3T_2020.pdf\" target=\"_blank\" rel=\"noopener noreferrer\"><img decoding=\"async\" class=\"alignnone\" src=\"http:\/\/saludsinaloa.gob.mx\/wp-content\/uploads\/2020\/12\/Imagen-PDF.png\" alt=\"\" width=\"27\" height=\"33\" \/><\/a><\/td>\n<td style=\"width: 17.8334%; text-align: center; height: 24px;\"><a href=\"http:\/\/saludsinaloa.gob.mx\/wp-content\/uploads\/2020\/files\/Clasificacion_Economica_Por_Tipo_de_Gasto_4T_2020.pdf\" target=\"_blank\" rel=\"noopener noreferrer\"><img decoding=\"async\" class=\"alignnone\" src=\"http:\/\/saludsinaloa.gob.mx\/wp-content\/uploads\/2020\/12\/Imagen-PDF.png\" alt=\"\" width=\"27\" height=\"33\" \/><\/a><\/td>\n<\/tr>\n<tr style=\"height: 24px;\">\n<td style=\"width: 23.7879%; height: 24px;\"><strong>Estado Anal\u00edtico del Ejercicio del Presupuesto de Egresos (Clasificaci\u00f3n Administrativa)<\/strong><\/td>\n<td style=\"width: 19.303%; height: 24px; text-align: center;\"><a href=\"http:\/\/saludsinaloa.gob.mx\/wp-content\/uploads\/2020\/files\/Clasificacion_Administrativa_1T_2020.pdf\" target=\"_blank\" rel=\"noopener noreferrer\"><img decoding=\"async\" class=\"alignnone\" src=\"http:\/\/saludsinaloa.gob.mx\/wp-content\/uploads\/2020\/12\/Imagen-PDF.png\" alt=\"\" width=\"27\" height=\"33\" \/><\/a><\/td>\n<td style=\"width: 21.0001%; height: 24px; text-align: center;\"><a href=\"http:\/\/saludsinaloa.gob.mx\/wp-content\/uploads\/2020\/files\/Clasificacion_Administrativa_2T_2020.pdf\" target=\"_blank\" rel=\"noopener noreferrer\"><img decoding=\"async\" class=\"alignnone\" src=\"http:\/\/saludsinaloa.gob.mx\/wp-content\/uploads\/2020\/12\/Imagen-PDF.png\" alt=\"\" width=\"27\" height=\"33\" \/><\/a><\/td>\n<td style=\"width: 18.0756%; height: 24px; text-align: center;\"><a href=\"http:\/\/saludsinaloa.gob.mx\/wp-content\/uploads\/2020\/files\/Clasificacion_Administrativa_3T_2020.pdf\" target=\"_blank\" rel=\"noopener noreferrer\"><img decoding=\"async\" class=\"alignnone\" src=\"http:\/\/saludsinaloa.gob.mx\/wp-content\/uploads\/2020\/12\/Imagen-PDF.png\" alt=\"\" width=\"27\" height=\"33\" \/><\/a><\/td>\n<td style=\"width: 17.8334%; text-align: center; height: 24px;\"><a href=\"http:\/\/saludsinaloa.gob.mx\/wp-content\/uploads\/2020\/files\/Clasificacion_Administrativa_4T_2020.pdf\" target=\"_blank\" rel=\"noopener noreferrer\"><img decoding=\"async\" class=\"alignnone\" src=\"http:\/\/saludsinaloa.gob.mx\/wp-content\/uploads\/2020\/12\/Imagen-PDF.png\" alt=\"\" width=\"27\" height=\"33\" \/><\/a><\/td>\n<\/tr>\n<tr style=\"height: 24px;\">\n<td style=\"width: 23.7879%; height: 24px;\"><strong>Estado Anal\u00edtico del Ejercicio del Presupuesto de Egresos (Clasificaci\u00f3n Funcional (Finalidad y Funci\u00f3n)<\/strong><\/td>\n<td style=\"width: 19.303%; height: 24px; text-align: center;\"><a href=\"http:\/\/saludsinaloa.gob.mx\/wp-content\/uploads\/2020\/files\/Clasificacion_Funcional_Finalidad_y_Funcion_1T_2020.pdf\" target=\"_blank\" rel=\"noopener noreferrer\"><img decoding=\"async\" class=\"alignnone\" src=\"http:\/\/saludsinaloa.gob.mx\/wp-content\/uploads\/2020\/12\/Imagen-PDF.png\" alt=\"\" width=\"27\" height=\"33\" \/><\/a><\/td>\n<td style=\"width: 21.0001%; height: 24px; text-align: center;\"><a href=\"http:\/\/saludsinaloa.gob.mx\/wp-content\/uploads\/2020\/files\/Clasificacion_Funcional_Finalidad_y_Funcion_2T_2020.pdf\" target=\"_blank\" rel=\"noopener noreferrer\"><img decoding=\"async\" class=\"alignnone\" src=\"http:\/\/saludsinaloa.gob.mx\/wp-content\/uploads\/2020\/12\/Imagen-PDF.png\" alt=\"\" width=\"27\" height=\"33\" \/><\/a><\/td>\n<td style=\"width: 18.0756%; height: 24px; text-align: center;\"><a href=\"http:\/\/saludsinaloa.gob.mx\/wp-content\/uploads\/2020\/files\/Clasificacion_Funcional_Finalidad_y_Funcion_3T_2020.pdf\" target=\"_blank\" rel=\"noopener noreferrer\"><img decoding=\"async\" class=\"alignnone\" src=\"http:\/\/saludsinaloa.gob.mx\/wp-content\/uploads\/2020\/12\/Imagen-PDF.png\" alt=\"\" width=\"27\" height=\"33\" \/><\/a><\/td>\n<td style=\"width: 17.8334%; text-align: center; height: 24px;\"><a href=\"http:\/\/saludsinaloa.gob.mx\/wp-content\/uploads\/2020\/files\/Clasificacion_Funcional_Finalidad_y_Funcion_4T_2020.pdf\" target=\"_blank\" rel=\"noopener noreferrer\"><img decoding=\"async\" class=\"alignnone\" src=\"http:\/\/saludsinaloa.gob.mx\/wp-content\/uploads\/2020\/12\/Imagen-PDF.png\" alt=\"\" width=\"27\" height=\"33\" \/><\/a><\/td>\n<\/tr>\n<tr style=\"height: 128px;\">\n<td style=\"width: 23.7879%; height: 128px;\"><strong>Estado Anal\u00edtico del Ejercicio del Presupuesto de Egresos (Clasificaci\u00f3n por Capitulo del Gasto)<\/strong><\/td>\n<td style=\"width: 19.303%; text-align: center; height: 128px;\"><a href=\"http:\/\/saludsinaloa.gob.mx\/wp-content\/uploads\/2020\/files\/Clasificacion_por_Objeto_del_Gasto_Capitulo_Concepto_1T_2020.pdf\" target=\"_blank\" rel=\"noopener noreferrer\"><img decoding=\"async\" class=\"alignnone\" src=\"http:\/\/saludsinaloa.gob.mx\/wp-content\/uploads\/2020\/12\/Imagen-PDF.png\" alt=\"\" width=\"27\" height=\"33\" \/><\/a><\/td>\n<td style=\"width: 21.0001%; text-align: center; height: 128px;\"><a href=\"http:\/\/saludsinaloa.gob.mx\/wp-content\/uploads\/2021\/files\/Clasificacion_por_Objeto_del_Gasto_Capitulo_Concepto_2T_2020.pdf\" target=\"_blank\" rel=\"noopener noreferrer\"><img decoding=\"async\" class=\"alignnone\" src=\"http:\/\/saludsinaloa.gob.mx\/wp-content\/uploads\/2020\/12\/Imagen-PDF.png\" alt=\"\" width=\"27\" height=\"33\" \/><\/a><\/td>\n<td style=\"width: 18.0756%; text-align: center; height: 128px;\"><a href=\"http:\/\/saludsinaloa.gob.mx\/wp-content\/uploads\/2020\/files\/Clasificacion_por_Objeto_del_Gasto_Capitulo_Concepto_3T_2020.pdf\" target=\"_blank\" rel=\"noopener noreferrer\"><img decoding=\"async\" class=\"alignnone\" src=\"http:\/\/saludsinaloa.gob.mx\/wp-content\/uploads\/2020\/12\/Imagen-PDF.png\" alt=\"\" width=\"27\" height=\"33\" \/><\/a><\/td>\n<td style=\"width: 17.8334%; text-align: center; height: 128px;\"><a href=\"http:\/\/saludsinaloa.gob.mx\/wp-content\/uploads\/2020\/files\/Clasificacion_por_Objeto_del_Gasto_Capitulo_Concepto_4T_2020.pdf\" target=\"_blank\" rel=\"noopener noreferrer\"><img decoding=\"async\" class=\"alignnone\" src=\"http:\/\/saludsinaloa.gob.mx\/wp-content\/uploads\/2020\/12\/Imagen-PDF.png\" alt=\"\" width=\"27\" height=\"33\" \/><\/a><\/td>\n<\/tr>\n<tr>\n<td style=\"width: 23.7879%;\"><strong>Gasto por Categor\u00eda Program\u00e1tica<br \/>\n<\/strong><\/td>\n<td style=\"width: 19.303%; text-align: center;\"><a href=\"http:\/\/saludsinaloa.gob.mx\/wp-content\/uploads\/2020\/files\/Gasto_por_Categoria_Programatica_1T_2020.pdf\" target=\"_blank\" rel=\"noopener noreferrer\"><img decoding=\"async\" class=\"alignnone\" src=\"http:\/\/saludsinaloa.gob.mx\/wp-content\/uploads\/2020\/12\/Imagen-PDF.png\" alt=\"\" width=\"27\" height=\"33\" \/><\/a><\/td>\n<td style=\"width: 21.0001%; text-align: center;\"><a href=\"http:\/\/saludsinaloa.gob.mx\/wp-content\/uploads\/2020\/files\/Gasto_por_Categoria_Programatica_2T_2020.pdf\" target=\"_blank\" rel=\"noopener noreferrer\"><img decoding=\"async\" class=\"alignnone\" src=\"http:\/\/saludsinaloa.gob.mx\/wp-content\/uploads\/2020\/12\/Imagen-PDF.png\" alt=\"\" width=\"27\" height=\"33\" \/><\/a><\/td>\n<td style=\"width: 18.0756%; text-align: center;\"><a href=\"http:\/\/saludsinaloa.gob.mx\/wp-content\/uploads\/2020\/files\/Gasto_por_Categoria_Programatica_3T_2020.pdf\" target=\"_blank\" rel=\"noopener noreferrer\"><img decoding=\"async\" class=\"alignnone\" src=\"http:\/\/saludsinaloa.gob.mx\/wp-content\/uploads\/2020\/12\/Imagen-PDF.png\" alt=\"\" width=\"27\" height=\"33\" \/><\/a><\/td>\n<td style=\"width: 17.8334%; text-align: center;\"><a href=\"http:\/\/saludsinaloa.gob.mx\/wp-content\/uploads\/2020\/files\/Gasto_por_Categoria_Programatica_4T_2020.pdf\" target=\"_blank\" rel=\"noopener noreferrer\"><img decoding=\"async\" class=\"alignnone\" src=\"http:\/\/saludsinaloa.gob.mx\/wp-content\/uploads\/2020\/12\/Imagen-PDF.png\" alt=\"\" width=\"27\" height=\"33\" \/><\/a><\/td>\n<\/tr>\n<\/tbody>\n<\/table>\n<p>&nbsp;<\/p>\n","protected":false},"excerpt":{"rendered":"<p>Regresar &nbsp; Primer Trimestre Segundo Trimestre Tercer Trimestre Cuarto Trimestre Anal\u00edtico de Ingresos por Rubro\u00a0 Estado Anal\u00edtico de Ingresos por Fuente de Financiamiento Estado Anal\u00edtico del Ejercicio del Presupuesto de Egresos (Clasificaci\u00f3n Econ\u00f3mica y Tipo de Gasto) Estado Anal\u00edtico del Ejercicio del Presupuesto de Egresos (Clasificaci\u00f3n Administrativa) Estado Anal\u00edtico del Ejercicio del Presupuesto de Egresos [&hellip;]<\/p>\n","protected":false},"author":1,"featured_media":0,"parent":0,"menu_order":0,"comment_status":"closed","ping_status":"closed","template":"templates\/full-width-page.php","meta":{"footnotes":""},"class_list":["post-11226","page","type-page","status-publish","hentry"],"_links":{"self":[{"href":"https:\/\/saludsinaloa.gob.mx\/index.php\/wp-json\/wp\/v2\/pages\/11226","targetHints":{"allow":["GET"]}}],"collection":[{"href":"https:\/\/saludsinaloa.gob.mx\/index.php\/wp-json\/wp\/v2\/pages"}],"about":[{"href":"https:\/\/saludsinaloa.gob.mx\/index.php\/wp-json\/wp\/v2\/types\/page"}],"author":[{"embeddable":true,"href":"https:\/\/saludsinaloa.gob.mx\/index.php\/wp-json\/wp\/v2\/users\/1"}],"replies":[{"embeddable":true,"href":"https:\/\/saludsinaloa.gob.mx\/index.php\/wp-json\/wp\/v2\/comments?post=11226"}],"version-history":[{"count":7,"href":"https:\/\/saludsinaloa.gob.mx\/index.php\/wp-json\/wp\/v2\/pages\/11226\/revisions"}],"predecessor-version":[{"id":12901,"href":"https:\/\/saludsinaloa.gob.mx\/index.php\/wp-json\/wp\/v2\/pages\/11226\/revisions\/12901"}],"wp:attachment":[{"href":"https:\/\/saludsinaloa.gob.mx\/index.php\/wp-json\/wp\/v2\/media?parent=11226"}],"curies":[{"name":"wp","href":"https:\/\/api.w.org\/{rel}","templated":true}]}}