{"id":11025,"date":"2020-09-29T17:03:08","date_gmt":"2020-09-29T17:03:08","guid":{"rendered":"http:\/\/saludsinaloa.gob.mx\/?page_id=11025"},"modified":"2020-09-29T18:45:31","modified_gmt":"2020-09-29T18:45:31","slug":"ejercicio-2019-repss","status":"publish","type":"page","link":"https:\/\/saludsinaloa.gob.mx\/index.php\/ejercicio-2019-repss\/","title":{"rendered":"Ejercicio 2019 REPSS"},"content":{"rendered":"<table style=\"border-collapse: collapse; width: 100%; height: 523px;\">\n<tbody>\n<tr style=\"height: 115px;\">\n<td style=\"width: 50%; height: 115px;\">An\u00e1lisis de encuesta de satisfacci\u00f3n del usuario del sistema de protecci\u00f3n social en salud encuesta MOSSESS primer semestre 2019<\/td>\n<td style=\"width: 50%; height: 115px;\"><a href=\"http:\/\/saludsinaloa.gob.mx\/wp-content\/uploads\/2020\/files\/1_analisis_encuesta_de_satisfaccion_1er_SEM_2019.pdf\" target=\"_blank\" rel=\"noopener noreferrer\"><img decoding=\"async\" class=\"aligncenter\" src=\"https:\/\/coollogos.top\/wp-content\/uploads\/2019\/03\/pdf.png\" alt=\"Resultado de imagen para Logo PDF\" width=\"67\" height=\"67\" \/><\/a><\/td>\n<\/tr>\n<tr style=\"height: 72px;\">\n<td style=\"width: 50%; height: 72px;\">An\u00e1lisis de encuesta de satisfacci\u00f3n del usuario del sistema de protecci\u00f3n social en salud encuesta MOSSESS segundo semestre 2019<\/td>\n<td style=\"width: 50%; height: 72px;\"><a href=\"http:\/\/saludsinaloa.gob.mx\/wp-content\/uploads\/2020\/files\/2analisis_encuesta_de_satisfaccion_2do_SEM_2019.pdf\" target=\"_blank\" rel=\"noopener noreferrer\"><img decoding=\"async\" class=\"aligncenter\" src=\"https:\/\/coollogos.top\/wp-content\/uploads\/2019\/03\/pdf.png\" alt=\"Resultado de imagen para Logo PDF\" width=\"67\" height=\"67\" \/><\/a><\/td>\n<\/tr>\n<tr style=\"height: 72px;\">\n<td style=\"width: 50%; height: 72px;\">An\u00e1lisis de encuesta de satisfacci\u00f3n del usuario del sistema de protecci\u00f3n social en salud encuesta MOSSESS anual 2019<\/td>\n<td style=\"width: 50%; height: 72px;\"><a href=\"http:\/\/saludsinaloa.gob.mx\/wp-content\/uploads\/2020\/files\/3analisis_encuesta_de_satisfaccion_Anual_2019.pdf\" target=\"_blank\" rel=\"noopener noreferrer\"><img decoding=\"async\" class=\"aligncenter\" src=\"https:\/\/coollogos.top\/wp-content\/uploads\/2019\/03\/pdf.png\" alt=\"Resultado de imagen para Logo PDF\" width=\"67\" height=\"67\" \/><\/a><\/td>\n<\/tr>\n<tr style=\"height: 96px;\">\n<td style=\"width: 50%; height: 96px;\">Informe ejecutivo de resultados de la aplicaci\u00f3n del modelo de supervisi\u00f3n y seguimiento estatal de servicios de salud correspondientes al primer semestre de 2019 en el estado de Sinaloa<\/td>\n<td style=\"width: 50%; height: 96px;\"><a href=\"http:\/\/saludsinaloa.gob.mx\/wp-content\/uploads\/2020\/files\/INFORME_MOSSES_Primer_Semestre_2019.pdf\" target=\"_blank\" rel=\"noopener noreferrer\"><img decoding=\"async\" class=\"aligncenter\" src=\"https:\/\/coollogos.top\/wp-content\/uploads\/2019\/03\/pdf.png\" alt=\"Resultado de imagen para Logo PDF\" width=\"67\" height=\"67\" \/><\/a><\/td>\n<\/tr>\n<tr style=\"height: 96px;\">\n<td style=\"width: 50%; height: 96px;\">Informe ejecutivo de resultados de la aplicaci\u00f3n del modelo de supervisi\u00f3n y seguimiento estatal de servicios de salud correspondientes al segundo semestre de 2019 en el estado de Sinaloa<\/td>\n<td style=\"width: 50%; height: 96px;\"><a href=\"http:\/\/saludsinaloa.gob.mx\/wp-content\/uploads\/2020\/files\/INFORME_MOSES_Segundo_Semestre_2019.pdf\" target=\"_blank\" rel=\"noopener noreferrer\"><img decoding=\"async\" class=\"aligncenter\" src=\"https:\/\/coollogos.top\/wp-content\/uploads\/2019\/03\/pdf.png\" alt=\"Resultado de imagen para Logo PDF\" width=\"67\" height=\"67\" \/><\/a><\/td>\n<\/tr>\n<tr style=\"height: 72px;\">\n<td style=\"width: 50%; height: 72px;\">An\u00e1lisis de encuesta de satisfacci\u00f3n del usuario del sistema de protecci\u00f3n social en salud seguro m\u00e9dico siglo XXI &#8211; encuesta MOSSESS primer semestre 2019<\/td>\n<td style=\"width: 50%; height: 72px;\"><a href=\"http:\/\/saludsinaloa.gob.mx\/wp-content\/uploads\/2020\/files\/analisis_encuesta_de_satisfaccion_SMS_XXI_1er_SEM_2019.pdf\" target=\"_blank\" rel=\"noopener noreferrer\"><img decoding=\"async\" class=\"aligncenter\" src=\"https:\/\/coollogos.top\/wp-content\/uploads\/2019\/03\/pdf.png\" alt=\"Resultado de imagen para Logo PDF\" width=\"67\" height=\"67\" \/><\/a><\/td>\n<\/tr>\n<\/tbody>\n<\/table>\n<p>&nbsp;<\/p>\n<p>&nbsp;<\/p>\n","protected":false},"excerpt":{"rendered":"<p>An\u00e1lisis de encuesta de satisfacci\u00f3n del usuario del sistema de protecci\u00f3n social en salud encuesta MOSSESS primer semestre 2019 An\u00e1lisis de encuesta de satisfacci\u00f3n del usuario del sistema de protecci\u00f3n social en salud encuesta MOSSESS segundo semestre 2019 An\u00e1lisis de encuesta de satisfacci\u00f3n del usuario del sistema de protecci\u00f3n social en salud encuesta MOSSESS anual [&hellip;]<\/p>\n","protected":false},"author":1,"featured_media":0,"parent":0,"menu_order":0,"comment_status":"closed","ping_status":"closed","template":"templates\/full-width-page.php","meta":{"footnotes":""},"class_list":["post-11025","page","type-page","status-publish","hentry"],"_links":{"self":[{"href":"https:\/\/saludsinaloa.gob.mx\/index.php\/wp-json\/wp\/v2\/pages\/11025","targetHints":{"allow":["GET"]}}],"collection":[{"href":"https:\/\/saludsinaloa.gob.mx\/index.php\/wp-json\/wp\/v2\/pages"}],"about":[{"href":"https:\/\/saludsinaloa.gob.mx\/index.php\/wp-json\/wp\/v2\/types\/page"}],"author":[{"embeddable":true,"href":"https:\/\/saludsinaloa.gob.mx\/index.php\/wp-json\/wp\/v2\/users\/1"}],"replies":[{"embeddable":true,"href":"https:\/\/saludsinaloa.gob.mx\/index.php\/wp-json\/wp\/v2\/comments?post=11025"}],"version-history":[{"count":4,"href":"https:\/\/saludsinaloa.gob.mx\/index.php\/wp-json\/wp\/v2\/pages\/11025\/revisions"}],"predecessor-version":[{"id":11030,"href":"https:\/\/saludsinaloa.gob.mx\/index.php\/wp-json\/wp\/v2\/pages\/11025\/revisions\/11030"}],"wp:attachment":[{"href":"https:\/\/saludsinaloa.gob.mx\/index.php\/wp-json\/wp\/v2\/media?parent=11025"}],"curies":[{"name":"wp","href":"https:\/\/api.w.org\/{rel}","templated":true}]}}