{"id":1036,"date":"2017-04-05T18:55:42","date_gmt":"2017-04-05T18:55:42","guid":{"rendered":"http:\/\/wpress2.saludsinaloa.gob.mx\/wordpress\/?page_id=1036"},"modified":"2024-07-22T18:21:56","modified_gmt":"2024-07-22T18:21:56","slug":"convocatorias","status":"publish","type":"page","link":"https:\/\/saludsinaloa.gob.mx\/index.php\/convocatorias\/","title":{"rendered":"Convocatorias"},"content":{"rendered":"<p><strong>2024<\/strong><\/p>\n<p><a href=\"https:\/\/saludsinaloa.gob.mx\/wp-content\/uploads\/2024\/files\/HOSPITAL GENERAL CULIACAN.pdf\" target=\"_blank\" rel=\"noopener\">RESULTADO ESCALAFON HOSPITAL GENERAL CULIACAN<\/a><br \/>\n<a href=\"https:\/\/saludsinaloa.gob.mx\/wp-content\/uploads\/2024\/files\/HOSPITAL GENERAL GUAMUCHIL.pdf\" target=\"_blank\" rel=\"noopener\">RESULTADO ESCALAFON HOSPITAL GENERAL GUAMUCHIL<\/a><br \/>\n<a href=\"https:\/\/saludsinaloa.gob.mx\/wp-content\/uploads\/2024\/files\/HOSPITAL GENERAL GUASAVE.pdf\" target=\"_blank\" rel=\"noopener\">RESULTADO ESCALAFON HOSPITAL GENERAL GUASAVE<\/a><br \/>\n<a href=\"https:\/\/saludsinaloa.gob.mx\/wp-content\/uploads\/2024\/files\/HOSPITAL GENERAL ESCUINAPA DE HIDALGO.pdf\" target=\"_blank\" rel=\"noopener\">RESULTADO ESCALAFON HOSPITAL GENERAL ESCUINAPA DE HIDALGO<\/a><br \/>\n<a href=\"https:\/\/saludsinaloa.gob.mx\/wp-content\/uploads\/2024\/files\/HOSPITAL GENERAL LOS MOCHIS.pdf\" target=\"_blank\" rel=\"noopener\">RESULTADO ESCALAFON HOSPITAL GENERAL LOS MOCHIS<\/a><br \/>\n<a href=\"https:\/\/saludsinaloa.gob.mx\/wp-content\/uploads\/2024\/files\/HOSPITAL GENERAL MAZATLAN.pdf\" target=\"_blank\" rel=\"noopener\">RESULTADO ESCALAFON HOSPITAL GENERAL MAZATLAN<\/a><br \/>\n<a href=\"https:\/\/saludsinaloa.gob.mx\/wp-content\/uploads\/2024\/files\/HOSPITAL GENREAL LA CRUZ.pdf\" target=\"_blank\" rel=\"noopener\">RESULTADO ESCALAFON HOSPITAL GENERAL LA CRUZ<\/a><br \/>\n<a href=\"https:\/\/saludsinaloa.gob.mx\/wp-content\/uploads\/2024\/files\/HOSPITAL INTEGRAL ANGOSTURA.pdf\" target=\"_blank\" rel=\"noopener\">RESULTADO ESCALAFON HOSPITAL INTEGRAL ANGOSTURA<\/a><br \/>\n<a href=\"https:\/\/saludsinaloa.gob.mx\/wp-content\/uploads\/2024\/files\/HOSPITAL INTEGRAL CHOIX.pdf\" target=\"_blank\" rel=\"noopener\">RESULTADO ESCALAFON HOSPITAL INTEGRAL CHOIX<\/a><br \/>\n<a href=\"https:\/\/saludsinaloa.gob.mx\/wp-content\/uploads\/2024\/files\/HOSPITAL INTEGRAL CONCORDIA.pdf\" target=\"_blank\" rel=\"noopener\">RESULTADO ESCALAFON HOSPITAL INTEGRAL CONCORDIA<\/a><br \/>\n<a href=\"https:\/\/saludsinaloa.gob.mx\/wp-content\/uploads\/2024\/files\/HOSPITAL INTEGRAL COSALA.pdf\" target=\"_blank\" rel=\"noopener\">RESULTADO ESCALAFON HOSPITAL INTEGRAL COSALA <\/a><br \/>\n<a href=\"https:\/\/saludsinaloa.gob.mx\/wp-content\/uploads\/2024\/files\/HOSPITAL INTEGRAL DE BADIRAGUATO.pdf\" target=\"_blank\" rel=\"noopener\">RESULTADO ESCALAFON HOSPITAL INTEGRAL BADIRAGUATO<\/a><br \/>\n<a href=\"https:\/\/saludsinaloa.gob.mx\/wp-content\/uploads\/2024\/files\/HOSPITAL INTEGRAL EL ROSARIO.pdf\" target=\"_blank\" rel=\"noopener\">RESULTADO ESCALAFON HOSPITAL INTEGRAL EL ROSARIO<\/a><br \/>\n<a href=\"https:\/\/saludsinaloa.gob.mx\/wp-content\/uploads\/2024\/files\/HOSPITAL INTEGRAL MOCORITO.pdf\" target=\"_blank\" rel=\"noopener\">RESULTADO ESCALAFON HOSPITAL INTEGRAL MOCORITO <\/a><br \/>\n<a href=\"https:\/\/saludsinaloa.gob.mx\/wp-content\/uploads\/2024\/files\/HOSPITAL INTEGRAL SINALOA DE LEYVA.pdf\" target=\"_blank\" rel=\"noopener\">RESULTADO ESCALAFON HOSPITAL INTEGRAL SINALOA DE LEYVA <\/a><br \/>\n<a href=\"https:\/\/saludsinaloa.gob.mx\/wp-content\/uploads\/2024\/files\/HOSPITAL DE LA MUJER.pdf\" target=\"_blank\" rel=\"noopener\">RESULTADO ESCALAFON HOSPITAL DE LA MUJER <\/a><br \/>\n<a href=\"https:\/\/saludsinaloa.gob.mx\/wp-content\/uploads\/2024\/files\/HIGIENE ESCOLAR.pdf\" target=\"_blank\" rel=\"noopener\">RESULTADO ESCALAFON HIGIENE ESCOLAR<\/a><br \/>\n<a href=\"https:\/\/saludsinaloa.gob.mx\/wp-content\/uploads\/2024\/files\/CSU CULIACAN.pdf\" target=\"_blank\" rel=\"noopener\">RESULTADO ESCALAFON CSU CULIACAN<\/a><br \/>\n<a href=\"https:\/\/saludsinaloa.gob.mx\/wp-content\/uploads\/2024\/files\/DESPACHO DEL SECRETARIO.pdf\" target=\"_blank\" rel=\"noopener\">RESULTADO ESCALAFON DESPACHO DEL SECRETARIO<\/a><br \/>\n<a href=\"https:\/\/saludsinaloa.gob.mx\/wp-content\/uploads\/2024\/files\/LABORATORIO DE SALUD PUBLICA.pdf\" target=\"_blank\" rel=\"noopener\">RESULTADO ESCALAFON LABORATORIO DE SALUD PUBLICA<\/a><br \/>\n<a href=\"https:\/\/saludsinaloa.gob.mx\/wp-content\/uploads\/2024\/files\/OFICINA CENTRAL CULIACAN.pdf\" target=\"_blank\" rel=\"noopener\">RESULTADO ESCALAFON OFICINA CENTRAL<\/a><br \/>\n<a href=\"https:\/\/saludsinaloa.gob.mx\/wp-content\/uploads\/2024\/files\/UNIDAD DE GOBIERNO.pdf\" target=\"_blank\" rel=\"noopener\">RESULTADO ESCALAFON UNIDAD DE GOBIERNO<\/a><br \/>\n<a href=\"https:\/\/saludsinaloa.gob.mx\/wp-content\/uploads\/2024\/files\/HOSPITAL PSIQUIATRICO DE SINALOA.pdf\" target=\"_blank\" rel=\"noopener\">RESULTADO ESCALAFON HOSPITAL PSIQUIATRICO DE SINALOA<\/a><br \/>\n<a href=\"https:\/\/saludsinaloa.gob.mx\/wp-content\/uploads\/2024\/files\/INSTITUTO SINALOENSE DE CANCEROLOGIA.pdf\" target=\"_blank\" rel=\"noopener\">RESULTADO ESCALAFON INSTITUTO SINALOENSE DE CANCEROLOGIA<\/a><br \/>\n<a href=\"https:\/\/saludsinaloa.gob.mx\/wp-content\/uploads\/2024\/files\/JURISDICCION SANITARIA I LOS MOCHIS.pdf\" target=\"_blank\" rel=\"noopener\">RESULTADO ESCALAFON JURISDICCION SANITARIA I LOS MOCHIS<\/a><br \/>\n<a href=\"https:\/\/saludsinaloa.gob.mx\/wp-content\/uploads\/2024\/files\/JURISDICCION SANITARIA II GUAMUCHIL.pdf\" target=\"_blank\" rel=\"noopener\">RESULTADO ESCALAFON JURISDICCION SANITARIA II GUAMUCHIL<\/a><br \/>\n<a href=\"https:\/\/saludsinaloa.gob.mx\/wp-content\/uploads\/2024\/files\/JURISDICCION SANITARIA III GUASAVE.pdf\" target=\"_blank\" rel=\"noopener\">RESULTADO ESCALAFON JURISDICCION SANITARIA III GUASAVE<\/a><br \/>\n<a href=\"https:\/\/saludsinaloa.gob.mx\/wp-content\/uploads\/2024\/files\/JURISDICCION SANITARIA IV CULIACAN.pdf\" target=\"_blank\" rel=\"noopener\">RESULTADO ESCALAFON JURISDICCION SANITARIA IV CULIACAN<\/a><br \/>\n<a href=\"https:\/\/saludsinaloa.gob.mx\/wp-content\/uploads\/2024\/files\/JURISDICCION SANITARIA V MAZATLAN.pdf\" target=\"_blank\" rel=\"noopener\">RESULTADO ESCALAFON JURISDICCION SANITARIA V MAZATLAN<\/a><br \/>\n<a href=\"https:\/\/saludsinaloa.gob.mx\/wp-content\/uploads\/2024\/files\/JURISDICCION SANITARIA VI ESCUINAPA.pdf\" target=\"_blank\" rel=\"noopener\">RESULTADO ESCALAFON JURISDICCION SANITARIA VI ESCUINAPA<\/a><\/p>\n<p>&nbsp;<\/p>\n<p>&nbsp;<\/p>\n<p><strong>2023<\/strong><\/p>\n<p><a href=\"https:\/\/saludsinaloa.gob.mx\/wp-content\/uploads\/2023\/files\/Convocatoria_Prog_Promo_Profesionalizacion_Estatal2024.pdf\" target=\"_blank\" rel=\"noopener\">CONVOCATORIA PROGRAMA DE PROMOCION POR PROFESIONALIZACION ESTATAL 2024<\/a><\/p>\n<p><a href=\"http:\/\/saludsinaloa.gob.mx\/wp-content\/uploads\/2023\/files\/CONVOCATORIA_RESIDENCIAS_MEDICAS.pdf\" target=\"_blank\" rel=\"noopener\">CONVOCATORIA RESIDENCIAS MEDICAS 2024-2025<\/a><\/p>\n<p><a href=\"https:\/\/saludsinaloa.gob.mx\/wp-content\/uploads\/2024\/07\/CONVOCATORIA-RECODIFICACION-ESTATAL-2023.pdf\" target=\"_blank\" rel=\"noopener\">CONVOCATORIA RECODIFICACION ESTATAL 2023<\/a><\/p>\n<p><strong>2019<\/strong><\/p>\n<p><a href=\"http:\/\/saludsinaloa.gob.mx\/wp-content\/uploads\/2019\/files\/Convocatoria2019.pdf\" target=\"_blank\" rel=\"noopener\">DOCEAVO PREMIO NACIONAL DE ACCI\u00d3N VOLUNTARIA Y SOLIDARIA 2019<\/a><br \/>\n<a href=\"http:\/\/saludsinaloa.gob.mx\/wp-content\/uploads\/2019\/files\/FLYER_2019.pdf\" target=\"_blank\" rel=\"noopener\">DOCEAVO PREMIO NACIONAL DE ACCI\u00d3N VOLUNTARIA Y SOLIDARIA 2019 &#8211; Flyer<\/a><br \/>\n<a href=\"http:\/\/saludsinaloa.gob.mx\/wp-content\/uploads\/2019\/files\/CARTEL_2019.pdf\" target=\"_blank\" rel=\"noopener\">DOCEAVO PREMIO NACIONAL DE ACCI\u00d3N VOLUNTARIA Y SOLIDARIA 2019 &#8211; Cartel<\/a><\/p>\n<p><strong>2018<\/strong><\/p>\n<p><a href=\"http:\/\/saludsinaloa.gob.mx\/wp-content\/uploads\/2017\/files\/V CONCURSO DE FOTOGRAFIA CIENTIFICA 2018.pdf\" target=\"_blank\" rel=\"noopener\">V CONCURSO DE FOTOGRAF\u00cdA CIENT\u00cdFICA 2018<\/a><br \/>\n<a href=\"http:\/\/saludsinaloa.gob.mx\/wp-content\/uploads\/2017\/files\/XVI CONCURSO DE INVESTIGACION EN SALUD 2018.pdf\" target=\"_blank\" rel=\"noopener\">XVI CONCURSO DE TRABAJO DE INVESTIGACI\u00d3N EN SALUD\u00a0 2018<\/a><br \/>\n<a href=\"http:\/\/saludsinaloa.gob.mx\/wp-content\/uploads\/2017\/files\/V CONCURSO DE CASOS CLINICOS 2018.pdf\" target=\"_blank\" rel=\"noopener\">V CONCURSO DE FOTOGRAF\u00cdA CIENT\u00cdFICA 2018<\/a><br \/>\n<a href=\"http:\/\/saludsinaloa.gob.mx\/wp-content\/uploads\/2017\/files\/Convocatoria2018.pdf\" target=\"_blank\" rel=\"noopener\"> ONCEAVO PREMIO NACIONAL DE ACCI\u00d3N VOLUNTARIA Y SOLIDARIA 2018 <\/a><br \/>\n<a href=\"http:\/\/saludsinaloa.gob.mx\/wp-content\/uploads\/2017\/files\/FLYER-2018.pdf\" target=\"_blank\" rel=\"noopener\">ONCEAVO PREMIO NACIONAL DE ACCI\u00d3N VOLUNTARIA Y SOLIDARIA 2018 &#8211; Flyer <\/a><br \/>\n<a href=\"http:\/\/saludsinaloa.gob.mx\/wp-content\/uploads\/2017\/files\/tri\u00ecptico PNAVS 2018.pdf\" target=\"_blank\" rel=\"noopener\">ONCEAVO PREMIO NACIONAL DE ACCI\u00d3N VOLUNTARIA Y SOLIDARIA 2018 &#8211; Tr\u00edptico<\/a><br \/>\n<a href=\"http:\/\/saludsinaloa.gob.mx\/wp-content\/uploads\/2017\/files\/cartel e inserciones.pdf\" target=\"_blank\" rel=\"noopener\">ONCEAVO PREMIO NACIONAL DE ACCI\u00d3N VOLUNTARIA Y SOLIDARIA 2018 &#8211; Cartel<\/a><\/p>\n<p><strong>2017<\/strong><\/p>\n<p><a href=\"http:\/\/saludsinaloa.gob.mx\/wp-content\/uploads\/2017\/files\/01%20Convocatoria%202017.pdf\" target=\"_blank\" rel=\"noopener\"> D\u00c9CIMO PREMIO NACIONAL DE ACCI\u00d3N VOLUNTARIA Y SOLIDARIA 2017 <\/a><br \/>\n<a href=\"http:\/\/saludsinaloa.gob.mx\/wp-content\/uploads\/2017\/files\/04 Flyer.pdf\" target=\"_blank\" rel=\"noopener\"> D\u00c9CIMO PREMIO NACIONAL DE ACCI\u00d3N VOLUNTARIA Y SOLIDARIA 2017 &#8211; Flyer <\/a><br \/>\n<a href=\"http:\/\/saludsinaloa.gob.mx\/wp-content\/uploads\/2017\/files\/05 Triiptico PNAVS 2017.pdf\" target=\"_blank\" rel=\"noopener\"> D\u00c9CIMO PREMIO NACIONAL DE ACCI\u00d3N VOLUNTARIA Y SOLIDARIA 2017 &#8211; Tr\u00edptico <\/a><br \/>\n<a href=\"http:\/\/saludsinaloa.gob.mx\/wp-content\/uploads\/2017\/files\/06 Cartel.pdf\" target=\"_blank\" rel=\"noopener\"> D\u00c9CIMO PREMIO NACIONAL DE ACCI\u00d3N VOLUNTARIA Y SOLIDARIA 2017 &#8211; Cartel <\/a><\/p>\n<p><strong>2016<\/strong><\/p>\n<p><a href=\"http:\/\/saludsinaloa.gob.mx\/wp-content\/uploads\/2017\/files\/CONVOCATORIA EN PERIODICO HGC.pdf\" target=\"_blank\" rel=\"noopener\">EJECUCI\u00d3N DE LOS PROYECTOS DE SUSUTITUCI\u00d3N PARA HOSPITAL GENERAL DE CULIAC\u00c1N<\/a><br \/>\n<a href=\"http:\/\/saludsinaloa.gob.mx\/wp-content\/uploads\/2017\/files\/CONVOCATORIA PERIODICO HGM.pdf\" target=\"_blank\" rel=\"noopener\">EJECUCI\u00d3N DE LOS PROYECTOS DE SUSUTITUCI\u00d3N PARA HOSPITAL GENERAL DE MAZATL\u00c1N<\/a><br \/>\n<a href=\"http:\/\/saludsinaloa.gob.mx\/wp-content\/uploads\/2017\/files\/Convocatorias RM - 2015.pdf\" target=\"_blank\" rel=\"noopener\">CONVOCATORIAS REALIZADAS POR LA SUBDIRECCI\u00d3N DE RECURSOS MATERIALES DURANTE EL A\u00d1O 2015<\/a><br \/>\n<a href=\"http:\/\/saludsinaloa.gob.mx\/wp-content\/uploads\/2017\/files\/resumenconvocatoriaE2.pdf\" target=\"_blank\" rel=\"noopener\">LICITACI\u00d3N P\u00daBLICA INTERNACIONAL PRESENCIAL BAJO LA COBERTURA DE TRATADOS No. LA-925006998-E2-2016<\/a><br \/>\n<a href=\"http:\/\/saludsinaloa.gob.mx\/wp-content\/uploads\/2017\/files\/Convocatoria E52-2016.pdf\" target=\"_blank\" rel=\"noopener\">LICITACI\u00d3N P\u00daBLICA INTERNACIONAL PRESENCIAL BAJO LA COBERTURA DE TRATADOS No. LA-925006998-E5-2016<\/a><br \/>\n<a href=\"http:\/\/saludsinaloa.gob.mx\/wp-content\/uploads\/2017\/files\/resumenconvocatoria E6.pdf\" target=\"_blank\" rel=\"noopener\">INVITACI\u00d3N A CUANDO MENOS TRES PERSONAS No. IA-925006998-E6-2016<\/a><br \/>\n<a href=\"http:\/\/saludsinaloa.gob.mx\/wp-content\/uploads\/2017\/files\/resumenconvocatoria E7.pdf\" target=\"_blank\" rel=\"noopener\">INVITACI\u00d3N A CUANDO MENOS TRES PERSONAS No. IA-925006998-E7-2016<\/a><br \/>\n<a href=\"http:\/\/saludsinaloa.gob.mx\/wp-content\/uploads\/2017\/files\/Publicacion DOF E12.pdf\" target=\"_blank\" rel=\"noopener\">LICITACI\u00d3N P\u00daBLICA INTERNACIONAL PRESENCIAL BAJO LA COBERTURA DE TRATADOS No. LA-925006998-E12-2016<\/a><\/p>\n<p class=\"textoNormal\">Fuente: Subdirecci\u00f3n de Recursos Materiales a Mayo del 2019<br \/>\nElabor\u00f3: Subdirecci\u00f3n de Recursos Materiales &#8211; SERVICIOS DE SALUD DE SINALOA.<\/p>\n","protected":false},"excerpt":{"rendered":"<p>2024 RESULTADO ESCALAFON HOSPITAL GENERAL CULIACAN RESULTADO ESCALAFON HOSPITAL GENERAL GUAMUCHIL RESULTADO ESCALAFON HOSPITAL GENERAL GUASAVE RESULTADO ESCALAFON HOSPITAL GENERAL ESCUINAPA DE HIDALGO RESULTADO ESCALAFON HOSPITAL GENERAL LOS MOCHIS RESULTADO ESCALAFON HOSPITAL GENERAL MAZATLAN RESULTADO ESCALAFON HOSPITAL GENERAL LA CRUZ RESULTADO ESCALAFON HOSPITAL INTEGRAL ANGOSTURA RESULTADO ESCALAFON HOSPITAL INTEGRAL CHOIX RESULTADO ESCALAFON HOSPITAL INTEGRAL CONCORDIA [&hellip;]<\/p>\n","protected":false},"author":1,"featured_media":366,"parent":0,"menu_order":0,"comment_status":"closed","ping_status":"closed","template":"templates\/full-width-page.php","meta":{"footnotes":""},"class_list":["post-1036","page","type-page","status-publish","has-post-thumbnail","hentry"],"_links":{"self":[{"href":"https:\/\/saludsinaloa.gob.mx\/index.php\/wp-json\/wp\/v2\/pages\/1036","targetHints":{"allow":["GET"]}}],"collection":[{"href":"https:\/\/saludsinaloa.gob.mx\/index.php\/wp-json\/wp\/v2\/pages"}],"about":[{"href":"https:\/\/saludsinaloa.gob.mx\/index.php\/wp-json\/wp\/v2\/types\/page"}],"author":[{"embeddable":true,"href":"https:\/\/saludsinaloa.gob.mx\/index.php\/wp-json\/wp\/v2\/users\/1"}],"replies":[{"embeddable":true,"href":"https:\/\/saludsinaloa.gob.mx\/index.php\/wp-json\/wp\/v2\/comments?post=1036"}],"version-history":[{"count":22,"href":"https:\/\/saludsinaloa.gob.mx\/index.php\/wp-json\/wp\/v2\/pages\/1036\/revisions"}],"predecessor-version":[{"id":17315,"href":"https:\/\/saludsinaloa.gob.mx\/index.php\/wp-json\/wp\/v2\/pages\/1036\/revisions\/17315"}],"wp:featuredmedia":[{"embeddable":true,"href":"https:\/\/saludsinaloa.gob.mx\/index.php\/wp-json\/wp\/v2\/media\/366"}],"wp:attachment":[{"href":"https:\/\/saludsinaloa.gob.mx\/index.php\/wp-json\/wp\/v2\/media?parent=1036"}],"curies":[{"name":"wp","href":"https:\/\/api.w.org\/{rel}","templated":true}]}}